{"id":16423,"date":"2026-05-08T06:47:52","date_gmt":"2026-05-08T03:47:52","guid":{"rendered":"https:\/\/hayrettinkagnici.com\/tr\/?page_id=16423"},"modified":"2026-05-08T18:41:40","modified_gmt":"2026-05-08T15:41:40","slug":"orta-dogunun-zihin-haritasi","status":"publish","type":"page","link":"https:\/\/hayrettinkagnici.com\/tr\/orta-dogunun-zihin-haritasi\/","title":{"rendered":"Orta Do\u011fu&#8217;nun Zihin Haritas\u0131"},"content":{"rendered":"<p>[ls_tabgroup][ls_tab title=&#8221;\u00d6n Kapak&#8221;]<br \/>\n<img fetchpriority=\"high\" decoding=\"async\" class=\"alignnone wp-image-15999 size-full\" src=\"\/wp-content\/uploads\/2026\/05\/IMG-20260330-WA0052-11-1.jpg\" alt=\"\" width=\"1024\" height=\"746\" \/><\/p>\n<p>[\/ls_tab][ls_tab title=&#8221;Arka Kapak \u00d6zeti&#8221;]<\/p>\n<p>De\u011ferli Dostlar\u0131m,<br \/>\nUzun zamand\u0131r \u00fczerinde \u00e7al\u0131\u015ft\u0131\u011f\u0131m, \u201cOrta Do\u011fu\u2019nun Zihin Haritas\u0131\u201d ba\u015fl\u0131kl\u0131 4. kitab\u0131m\u0131 sizlerle payla\u015fmak istedim. Karanl\u0131klar ayd\u0131nlanmaya ba\u015flad\u0131k\u00e7a nas\u0131l bir d\u00fcnya d\u00fczeninin oyuncusu oldu\u011fumuzu anlayaca\u011f\u0131n\u0131z bu kitap da matematik modelleme olarak beynimiz nas\u0131l \u00e7al\u0131\u015f\u0131yor ve nas\u0131l y\u00f6nlendiriliyoruz konular\u0131na a\u00e7\u0131kl\u0131kla anlat\u0131lmaya \u00e7al\u0131\u015f\u0131lm\u0131\u015ft\u0131r.<\/p>\n<p>\u201c\u00d6nceleri globalle\u015fmenin ne oldu\u011funu tam anlamad\u0131k, kula\u011f\u0131m\u0131za da ho\u015f geldi, pe\u015finden s\u00fcr\u00fcklendik, zaman ge\u00e7ti anlad\u0131k ki, d\u00fcnya b\u00fct\u00fcnle\u015ftik\u00e7e k\u00fc\u00e7\u00fcld\u00fc, k\u00fc\u00e7\u00fcld\u00fck\u00e7e k\u00f6t\u00fcle\u015fti ve i\u00e7imizdeki \u015feytan\u0131n b\u00fcy\u00fckl\u00fc\u011f\u00fcn\u00fc fark ettik. Bu \u015feytan\u0131 \u00f6nce tam olarak anlayamad\u0131k ama \u00f6ncekilerinden \u00e7ok farkl\u0131 \u00e7ok b\u00fcy\u00fck ve en k\u00f6t\u00fcs\u00fcym\u00fc\u015f, sonralar\u0131 anlad\u0131k ki \u015feytan, kuvvetli olanm\u0131\u015f. \u015eeytan kuvvetlendik\u00e7e kuvvetlendi, baz\u0131lar\u0131 onlar\u0131n yapt\u0131klar\u0131na, projelerine, kurallar\u0131na bilerek veya fark\u0131nda olmadan hizmet etmeye onlar\u0131n daha b\u00fcy\u00fcmesine daha da kuvvetlenmesine her \u015feye h\u00e2kim olmas\u0131na yard\u0131mc\u0131 oldular. Baz\u0131lar\u0131 bunlara k\u00f6le oldu b\u00fcy\u00fck \u00e7\u0131karlar sa\u011flad\u0131lar, onlara emperyalistlerin u\u015fa\u011f\u0131 veya k\u00f6pe\u011fi dedik.  Ve d\u00fcnyan\u0131n en b\u00fcy\u00fck ter\u00f6ristinin Amerika oldu\u011funu anlad\u0131k.<\/p>\n<p>D\u00fcnya insan\u0131n\u0131n b\u00fcy\u00fck \u00e7o\u011funlu\u011fu fakirle\u015fti, yoksulluk ve sefalet b\u00fcy\u00fcd\u00fc, adaletsizlik, ba\u015fkalar\u0131n\u0131n mall\u0131lar\u0131na, topraklar\u0131na el koymak, bombalamak,  \u00f6ld\u00fcrmek, ahlaks\u0131zl\u0131k, insan onurunu a\u015fa\u011f\u0131layan olaylar s\u0131radanla\u015fmaya ba\u015flad\u0131.  D\u00fcnya kapitalist sistemi, emperyalistlerin kurduklar\u0131 sistem \u00fczerinden \u00e7al\u0131\u015fmaya ba\u015flad\u0131 ve kuvvetli olanlar daha da kuvvetlendi, kuvvetli olanlar taraf\u0131ndan konulan kurallar uygulanmaya, art\u0131k her \u015fey onarl\u0131n \u00e7\u0131karlar\u0131 do\u011frultusunda olmaya ba\u015flam\u0131\u015ft\u0131.<br \/>\nAsl\u0131nda bilinen sistemdi, insanl\u0131\u011f\u0131n ba\u015f\u0131ndan beri\u201d, b\u00f6l ve y\u00f6net\u201d. \u0130\u015fte bu sistem en ileri \u015fekilde uygulanmaya ba\u015flad\u0131. D\u00fcnyan\u0131n jeopolitik \u00f6nemi ve zenginlik kayna\u011f\u0131 olan yerlerde y\u0131llarca s\u00fcrecek sava\u015flar\u0131n, katliamlar\u0131n, soyk\u0131r\u0131mlar\u0131n temelleri at\u0131ld\u0131, oyunlar kuruldu. Asya co\u011frafyas\u0131n\u0131 ele ge\u00e7irmek i\u00e7in Ukrayna \u00fczerinden, Ortado\u011fu co\u011frafyas\u0131n\u0131 ele ge\u00e7irmek i\u00e7in \u0130srail \u00fczerinden stratejik oyunlar, d\u00fczenler kuruldu, projeler yap\u0131ld\u0131 ve d\u00fcnyan\u0131n somu olabilecek sava\u015flar ba\u015flat\u0131ld\u0131. Ve kapitalizmin \u00e7\u00f6k\u00fc\u015f\u00fc ba\u015flad\u0131, hen\u00fcz ad\u0131 konulmam\u0131\u015f d\u00fcnyay\u0131 de\u011fi\u015ftirecek yeni d\u00fczenin ba\u015flang\u0131c\u0131nday\u0131z.<\/p>\n<p>Sonunda, beynimizin nas\u0131l \u00e7al\u0131\u015ft\u0131\u011f\u0131n\u0131 hen\u00fcz tam olarak anlamazsak da insan ve davran\u0131\u015flar\u0131n\u0131 anlayabilece\u011fimizi anlad\u0131k, Beynimiz nas\u0131l \u00e7al\u0131\u015f\u0131yor diye \u00f6\u011frenmeye ba\u015flad\u0131k\u00e7a, ba\u015fkalar\u0131 taraf\u0131ndan nas\u0131l y\u00f6nlendirildi\u011fimizi fark ettik ve anlamaya ba\u015flad\u0131k ki, biz kendi irademiz d\u0131\u015f\u0131nda y\u00f6nlendiriliyor ve y\u00f6netiliyoruz. B\u00fct\u00fcn bunlar\u0131 yaratan sebebin beynimiz oldu\u011funu \u00f6\u011frendik\u00e7e de gelece\u011fimiz kararmaya ba\u015flad\u0131.\u201c<\/p>\n<p><strong>Hayrettin KA\u011eNICI<\/strong><\/p>\n<p>[\/ls_tab][ls_tab title=&#8221;Kitab\u0131 Oku&#8221;]<\/p>\n<p>G\u00fcncelleniyor.<\/p>\n<p>[\/ls_tab][ls_tab title=&#8221;Sat\u0131\u015f Noktalar\u0131&#8221;]<\/p>\n<p>[ls_button icon_right=&#8221;fa fa-check&#8221; color=&#8221;default&#8221; url=&#8221;https:\/\/www.tilkikitap.com\/kitaplar\/hayrettin-kagnici-ortadoguda-muslumanlik-cokertiliyor-mu-5646.html?srsltid=AfmBOopdJTKe3x7njdwJ986i8Ls0AaOhO9vqWDKcOKnPf18bRC4ZIvRN&#8221; target=&#8221;_self&#8221; ]Tilki&#8217; de Sat\u0131n Al[\/ls_button][ls_button icon_right=&#8221;fa fa-check&#8221; color=&#8221;default&#8221; url=https:\/\/www.dr.com.tr\/kitap\/orta-dogunun-zihin-haritasi\/hayrettin-kagnici\/arastirma-tarih\/politika-arastirma\/politika\/urunno=0002224565001?srsltid=AfmBOorO1V2xDnLdg7lLpzWURbkrN7d1oAkGm14DGJg1PWc5E33FSLle&#8221; target=&#8221;_self&#8221; ]D &amp; R &#8216; de Sat\u0131n Al[\/ls_button]<\/p>\n<p>[\/ls_tab][\/ls_tabgroup]<\/p>","protected":false},"excerpt":{"rendered":"<p>[ls_tabgroup][ls_tab title=&#8221;\u00d6n Kapak&#8221;] [\/ls_tab][ls_tab title=&#8221;Arka Kapak \u00d6zeti&#8221;] De\u011ferli Dostlar\u0131m, Uzun zamand\u0131r \u00fczerinde \u00e7al\u0131\u015ft\u0131\u011f\u0131m, \u201cOrta Do\u011fu\u2019nun Zihin Haritas\u0131\u201d ba\u015fl\u0131kl\u0131 4. kitab\u0131m\u0131 sizlerle payla\u015fmak istedim. Karanl\u0131klar ayd\u0131nlanmaya ba\u015flad\u0131k\u00e7a nas\u0131l bir d\u00fcnya d\u00fczeninin oyuncusu oldu\u011fumuzu anlayaca\u011f\u0131n\u0131z bu kitap da matematik modelleme olarak beynimiz nas\u0131l \u00e7al\u0131\u015f\u0131yor ve nas\u0131l y\u00f6nlendiriliyoruz konular\u0131na a\u00e7\u0131kl\u0131kla anlat\u0131lmaya \u00e7al\u0131\u015f\u0131lm\u0131\u015ft\u0131r. \u201c\u00d6nceleri globalle\u015fmenin ne oldu\u011funu tam anlamad\u0131k, [&hellip;]<\/p>\n","protected":false},"author":1,"featured_media":0,"parent":0,"menu_order":0,"comment_status":"closed","ping_status":"closed","template":"","meta":{"footnotes":""},"class_list":["post-16423","page","type-page","status-publish","hentry"],"yoast_head":"<!-- This site is optimized with the Yoast SEO plugin v24.8.1 - https:\/\/yoast.com\/wordpress\/plugins\/seo\/ -->\n<title>Orta Do\u011fu&#039;nun Zihin Haritas\u0131 - Hayrettin Ka\u011fn\u0131c\u0131 Resmi Web Sitesi<\/title>\n<meta name=\"robots\" content=\"index, follow, max-snippet:-1, max-image-preview:large, max-video-preview:-1\" \/>\n<link rel=\"canonical\" href=\"https:\/\/hayrettinkagnici.com\/tr\/orta-dogunun-zihin-haritasi\/\" \/>\n<meta property=\"og:locale\" content=\"tr_TR\" \/>\n<meta property=\"og:type\" content=\"article\" \/>\n<meta property=\"og:title\" content=\"Orta Do\u011fu&#039;nun Zihin Haritas\u0131 - Hayrettin Ka\u011fn\u0131c\u0131 Resmi Web Sitesi\" \/>\n<meta property=\"og:description\" content=\"[ls_tabgroup][ls_tab title=&#8221;\u00d6n Kapak&#8221;] [\/ls_tab][ls_tab title=&#8221;Arka Kapak \u00d6zeti&#8221;] De\u011ferli Dostlar\u0131m, Uzun zamand\u0131r \u00fczerinde \u00e7al\u0131\u015ft\u0131\u011f\u0131m, \u201cOrta Do\u011fu\u2019nun Zihin Haritas\u0131\u201d ba\u015fl\u0131kl\u0131 4. kitab\u0131m\u0131 sizlerle payla\u015fmak istedim. Karanl\u0131klar ayd\u0131nlanmaya ba\u015flad\u0131k\u00e7a nas\u0131l bir d\u00fcnya d\u00fczeninin oyuncusu oldu\u011fumuzu anlayaca\u011f\u0131n\u0131z bu kitap da matematik modelleme olarak beynimiz nas\u0131l \u00e7al\u0131\u015f\u0131yor ve nas\u0131l y\u00f6nlendiriliyoruz konular\u0131na a\u00e7\u0131kl\u0131kla anlat\u0131lmaya \u00e7al\u0131\u015f\u0131lm\u0131\u015ft\u0131r. \u201c\u00d6nceleri globalle\u015fmenin ne oldu\u011funu tam anlamad\u0131k, [&hellip;]\" \/>\n<meta property=\"og:url\" content=\"https:\/\/hayrettinkagnici.com\/tr\/orta-dogunun-zihin-haritasi\/\" \/>\n<meta property=\"og:site_name\" content=\"Hayrettin Ka\u011fn\u0131c\u0131 Resmi Web Sitesi\" \/>\n<meta property=\"article:modified_time\" content=\"2026-05-08T15:41:40+00:00\" \/>\n<meta name=\"twitter:card\" content=\"summary_large_image\" \/>\n<meta name=\"twitter:label1\" content=\"Tahmini okuma s\u00fcresi\" \/>\n\t<meta name=\"twitter:data1\" content=\"6 dakika\" \/>\n<script type=\"application\/ld+json\" class=\"yoast-schema-graph\">{\"@context\":\"https:\/\/schema.org\",\"@graph\":[{\"@type\":\"WebPage\",\"@id\":\"https:\/\/hayrettinkagnici.com\/tr\/orta-dogunun-zihin-haritasi\/\",\"url\":\"https:\/\/hayrettinkagnici.com\/tr\/orta-dogunun-zihin-haritasi\/\",\"name\":\"Orta Do\u011fu'nun Zihin Haritas\u0131 - Hayrettin Ka\u011fn\u0131c\u0131 Resmi Web Sitesi\",\"isPartOf\":{\"@id\":\"https:\/\/hayrettinkagnici.com\/tr\/#website\"},\"datePublished\":\"2026-05-08T03:47:52+00:00\",\"dateModified\":\"2026-05-08T15:41:40+00:00\",\"breadcrumb\":{\"@id\":\"https:\/\/hayrettinkagnici.com\/tr\/orta-dogunun-zihin-haritasi\/#breadcrumb\"},\"inLanguage\":\"tr\",\"potentialAction\":[{\"@type\":\"ReadAction\",\"target\":[\"https:\/\/hayrettinkagnici.com\/tr\/orta-dogunun-zihin-haritasi\/\"]}]},{\"@type\":\"BreadcrumbList\",\"@id\":\"https:\/\/hayrettinkagnici.com\/tr\/orta-dogunun-zihin-haritasi\/#breadcrumb\",\"itemListElement\":[{\"@type\":\"ListItem\",\"position\":1,\"name\":\"Ana sayfa\",\"item\":\"https:\/\/hayrettinkagnici.com\/tr\/\"},{\"@type\":\"ListItem\",\"position\":2,\"name\":\"Orta Do\u011fu&#8217;nun Zihin Haritas\u0131\"}]},{\"@type\":\"WebSite\",\"@id\":\"https:\/\/hayrettinkagnici.com\/tr\/#website\",\"url\":\"https:\/\/hayrettinkagnici.com\/tr\/\",\"name\":\"Hayrettin Ka\u011fn\u0131c\u0131 Resmi Web Sitesi\",\"description\":\"hayrettinkagnici.com\",\"potentialAction\":[{\"@type\":\"SearchAction\",\"target\":{\"@type\":\"EntryPoint\",\"urlTemplate\":\"https:\/\/hayrettinkagnici.com\/tr\/?s={search_term_string}\"},\"query-input\":{\"@type\":\"PropertyValueSpecification\",\"valueRequired\":true,\"valueName\":\"search_term_string\"}}],\"inLanguage\":\"tr\"}]}<\/script>\n<!-- \/ Yoast SEO plugin. -->","yoast_head_json":{"title":"Orta Do\u011fu'nun Zihin Haritas\u0131 - Hayrettin Ka\u011fn\u0131c\u0131 Resmi Web Sitesi","robots":{"index":"index","follow":"follow","max-snippet":"max-snippet:-1","max-image-preview":"max-image-preview:large","max-video-preview":"max-video-preview:-1"},"canonical":"https:\/\/hayrettinkagnici.com\/tr\/orta-dogunun-zihin-haritasi\/","og_locale":"tr_TR","og_type":"article","og_title":"Orta Do\u011fu'nun Zihin Haritas\u0131 - Hayrettin Ka\u011fn\u0131c\u0131 Resmi Web Sitesi","og_description":"[ls_tabgroup][ls_tab title=&#8221;\u00d6n Kapak&#8221;] [\/ls_tab][ls_tab title=&#8221;Arka Kapak \u00d6zeti&#8221;] De\u011ferli Dostlar\u0131m, Uzun zamand\u0131r \u00fczerinde \u00e7al\u0131\u015ft\u0131\u011f\u0131m, \u201cOrta Do\u011fu\u2019nun Zihin Haritas\u0131\u201d ba\u015fl\u0131kl\u0131 4. kitab\u0131m\u0131 sizlerle payla\u015fmak istedim. Karanl\u0131klar ayd\u0131nlanmaya ba\u015flad\u0131k\u00e7a nas\u0131l bir d\u00fcnya d\u00fczeninin oyuncusu oldu\u011fumuzu anlayaca\u011f\u0131n\u0131z bu kitap da matematik modelleme olarak beynimiz nas\u0131l \u00e7al\u0131\u015f\u0131yor ve nas\u0131l y\u00f6nlendiriliyoruz konular\u0131na a\u00e7\u0131kl\u0131kla anlat\u0131lmaya \u00e7al\u0131\u015f\u0131lm\u0131\u015ft\u0131r. \u201c\u00d6nceleri globalle\u015fmenin ne oldu\u011funu tam anlamad\u0131k, [&hellip;]","og_url":"https:\/\/hayrettinkagnici.com\/tr\/orta-dogunun-zihin-haritasi\/","og_site_name":"Hayrettin Ka\u011fn\u0131c\u0131 Resmi Web Sitesi","article_modified_time":"2026-05-08T15:41:40+00:00","twitter_card":"summary_large_image","twitter_misc":{"Tahmini okuma s\u00fcresi":"6 dakika"},"schema":{"@context":"https:\/\/schema.org","@graph":[{"@type":"WebPage","@id":"https:\/\/hayrettinkagnici.com\/tr\/orta-dogunun-zihin-haritasi\/","url":"https:\/\/hayrettinkagnici.com\/tr\/orta-dogunun-zihin-haritasi\/","name":"Orta Do\u011fu'nun Zihin Haritas\u0131 - Hayrettin Ka\u011fn\u0131c\u0131 Resmi Web Sitesi","isPartOf":{"@id":"https:\/\/hayrettinkagnici.com\/tr\/#website"},"datePublished":"2026-05-08T03:47:52+00:00","dateModified":"2026-05-08T15:41:40+00:00","breadcrumb":{"@id":"https:\/\/hayrettinkagnici.com\/tr\/orta-dogunun-zihin-haritasi\/#breadcrumb"},"inLanguage":"tr","potentialAction":[{"@type":"ReadAction","target":["https:\/\/hayrettinkagnici.com\/tr\/orta-dogunun-zihin-haritasi\/"]}]},{"@type":"BreadcrumbList","@id":"https:\/\/hayrettinkagnici.com\/tr\/orta-dogunun-zihin-haritasi\/#breadcrumb","itemListElement":[{"@type":"ListItem","position":1,"name":"Ana sayfa","item":"https:\/\/hayrettinkagnici.com\/tr\/"},{"@type":"ListItem","position":2,"name":"Orta Do\u011fu&#8217;nun Zihin Haritas\u0131"}]},{"@type":"WebSite","@id":"https:\/\/hayrettinkagnici.com\/tr\/#website","url":"https:\/\/hayrettinkagnici.com\/tr\/","name":"Hayrettin Ka\u011fn\u0131c\u0131 Resmi Web Sitesi","description":"hayrettinkagnici.com","potentialAction":[{"@type":"SearchAction","target":{"@type":"EntryPoint","urlTemplate":"https:\/\/hayrettinkagnici.com\/tr\/?s={search_term_string}"},"query-input":{"@type":"PropertyValueSpecification","valueRequired":true,"valueName":"search_term_string"}}],"inLanguage":"tr"}]}},"_links":{"self":[{"href":"https:\/\/hayrettinkagnici.com\/tr\/wp-json\/wp\/v2\/pages\/16423","targetHints":{"allow":["GET"]}}],"collection":[{"href":"https:\/\/hayrettinkagnici.com\/tr\/wp-json\/wp\/v2\/pages"}],"about":[{"href":"https:\/\/hayrettinkagnici.com\/tr\/wp-json\/wp\/v2\/types\/page"}],"author":[{"embeddable":true,"href":"https:\/\/hayrettinkagnici.com\/tr\/wp-json\/wp\/v2\/users\/1"}],"replies":[{"embeddable":true,"href":"https:\/\/hayrettinkagnici.com\/tr\/wp-json\/wp\/v2\/comments?post=16423"}],"version-history":[{"count":7,"href":"https:\/\/hayrettinkagnici.com\/tr\/wp-json\/wp\/v2\/pages\/16423\/revisions"}],"predecessor-version":[{"id":16436,"href":"https:\/\/hayrettinkagnici.com\/tr\/wp-json\/wp\/v2\/pages\/16423\/revisions\/16436"}],"wp:attachment":[{"href":"https:\/\/hayrettinkagnici.com\/tr\/wp-json\/wp\/v2\/media?parent=16423"}],"curies":[{"name":"wp","href":"https:\/\/api.w.org\/{rel}","templated":true}]}}