{"id":15986,"date":"2025-03-16T01:10:24","date_gmt":"2025-03-15T22:10:24","guid":{"rendered":"https:\/\/hayrettinkagnici.com\/tr\/?page_id=15986"},"modified":"2025-11-30T09:02:36","modified_gmt":"2025-11-30T06:02:36","slug":"hayrettin-kagnici-muslumanliga-yon-verenler","status":"publish","type":"page","link":"https:\/\/hayrettinkagnici.com\/tr\/muslumanliga-yon-verenler\/","title":{"rendered":"Hayrettin Ka\u011fn\u0131c\u0131 &#8211; M\u00fcsl\u00fcmanl\u0131\u011fa Y\u00f6n Verenler"},"content":{"rendered":"<p>[ls_tabgroup][ls_tab title=&#8221;\u00d6n Kapak&#8221;]<br \/>\n<img fetchpriority=\"high\" decoding=\"async\" class=\"alignnone wp-image-15999 size-full\" src=\"https:\/\/hayrettinkagnici.com\/wp-content\/uploads\/2025\/03\/muslumanliga-yon-verenler-on-arka-kapak.jpg\" alt=\"\" width=\"1024\" height=\"746\" srcset=\"https:\/\/hayrettinkagnici.com\/wp-content\/uploads\/2025\/03\/muslumanliga-yon-verenler-on-arka-kapak.jpg 1024w, https:\/\/hayrettinkagnici.com\/wp-content\/uploads\/2025\/03\/muslumanliga-yon-verenler-on-arka-kapak-300x219.jpg 300w, https:\/\/hayrettinkagnici.com\/wp-content\/uploads\/2025\/03\/muslumanliga-yon-verenler-on-arka-kapak-768x560.jpg 768w, https:\/\/hayrettinkagnici.com\/wp-content\/uploads\/2025\/03\/muslumanliga-yon-verenler-on-arka-kapak-700x510.jpg 700w, https:\/\/hayrettinkagnici.com\/wp-content\/uploads\/2025\/03\/muslumanliga-yon-verenler-on-arka-kapak-173x126.jpg 173w\" sizes=\"(max-width: 1024px) 100vw, 1024px\" \/><\/p>\n<p>[\/ls_tab][ls_tab title=&#8221;Arka Kapak \u00d6zeti&#8221;]<\/p>\n<p><strong>\u201cDinler, insanlar\u0131n d\u00fcnyay\u0131 anlamak ve hayat\u0131n zorluklar\u0131na bir anlam katmak i\u00e7in olu\u015fturdu\u011fu mitolojilerdir, bu mitolojiler insan\u0131n korkular\u0131n\u0131 ve umutlar\u0131n\u0131 yans\u0131t\u0131r ancak bilimsel ger\u00e7eklikten uzakt\u0131rlar\u201d<\/strong><\/p>\n<p>Bu \u00e7al\u0131\u015fmay\u0131 yaparken olduk\u00e7a tarafs\u0131z, objektif olarak konulara bakmaya, yaz\u0131lanlar\u0131 ak\u0131l ve mant\u0131k s\u00fczgecinden ge\u00e7irerek payla\u015fmaya \u00e7al\u0131\u015ft\u0131m. Benzer konular i\u00e7in, \u00f6yle farkl\u0131 de\u011fi\u015fik a\u00e7\u0131klamalar, yorumlar vaki \u00e7ok farkl\u0131 anlamlar \u00e7\u0131k\u0131yor. Bunun sebebi de konunun belgelere ve bilimselli\u011fe dayal\u0131 olmamas\u0131, ilk ba\u015flang\u0131\u00e7 yani s\u0131f\u0131r noktas\u0131ndan ba\u015flayan ve kabuller \u00fczerinden gelen do\u011fma bilgiler \u00fczerine in\u015fa edilmi\u015f olmas\u0131d\u0131r.<\/p>\n<p>T\u00fcrkiye de y\u00f6netimin, M\u00fcsl\u00fcmanl\u0131k ad\u0131na insanlar\u0131 nas\u0131l yoksulla\u015ft\u0131rd\u0131\u011f\u0131 ve b\u00fcy\u00fck yolsuzluklar yapt\u0131klar\u0131 ve gerekti\u011finde b\u00fct\u00fcn bunlar\u0131 din ad\u0131na yapt\u0131klar\u0131 \u015feklinde a\u00e7\u0131klalar yap\u0131yorlar. Bu dururum sonucunda, ekonominin i\u00e7inden \u00e7\u0131k\u0131lmaz hale gelmesi, yoksulluk ve sefaletin artmas\u0131 sonucu olarak ahlak de\u011ferlerinin azalmas\u0131, insanlar\u0131 ve sebep-sonu\u00e7 ili\u015fkisi g\u00f6zden ge\u00e7irip neden\u201d sorular\u0131n\u0131n cevaplar\u0131n\u0131 ak\u0131l ve mant\u0131k s\u00fczgecinden ge\u00e7irilmeye ba\u015flanmas\u0131, s\u00f6ylenenlerin belge ve kaynaklar\u0131n\u0131n<br \/>\nara\u015ft\u0131r\u0131lmas\u0131, dinde ayd\u0131nlanma olarak yorumlanabilir mi?<\/p>\n<p>Bu nedenle, Atat\u00fcrk, Kuran ve Ezan kolay ve do\u011fru d\u00fcr\u00fcst anla\u015f\u0131ls\u0131n diye, T\u00fcrk\u00e7e okunmas\u0131 konusunda \u00e7ok u\u011fra\u015ft\u0131, ama dincilerin i\u015flerine gelmedi!<\/p>\n<p>Kutsal kitap; a\u011f\u0131rl\u0131kl\u0131 olarak ahlak, erdem, fazilet, adalet ve yard\u0131m severlik konular\u0131nda daha anla\u015f\u0131l\u0131r,a\u00e7\u0131k ifadelerle yol g\u00f6sterici ve rehber olsayd\u0131, d\u00fcnya daha m\u0131 adaletli ve bar\u0131\u015f i\u00e7inde olurdu? Belki itiraz edebilirsiniz, ancak rakamlara bakt\u0131\u011f\u0131m\u0131z zaman, bir ka\u00e7 Ortado\u011fu \u00fclkesi hari\u00e7 d\u00fcnyan\u0131n en fakir, yoksul ve sefil \u00fclkeleri M\u00fcsl\u00fcman ve bunlar\u0131n liderleri de d\u00fcnyan\u0131n en zenginleri ise ve de M\u00fcsl\u00fcman \u00fclkeler birbirleri ile din y\u00fcz\u00fcnden sava\u015f\u0131yorlarsa, bunda bir yanl\u0131\u015fl\u0131k yok mu?<\/p>\n<p>Neden, b\u00fct\u00fcn din ulemalar\u0131, \u00f6zellikle en ba\u015ftakinden itibaren hi\u00e7 biri, h\u0131rs\u0131zl\u0131k, yolsuzluk, r\u00fc\u015fvet, sahtek\u00e2rl\u0131k, devlet mal\u0131n\u0131 \u00e7alman\u0131n \u00e7ok k\u00f6t\u00fc ve b\u00fcy\u00fck g\u00fcnah oldu\u011fu konular\u0131nda \u00e7ok mecbur kalmad\u0131k\u00e7a konu\u015fmaz, artan kanunsuzluklar\u0131n ve ahlaks\u0131zl\u0131klar\u0131n \u00fcst\u00fcne gitmez de aksine \u00f6rtbas etmeye \u00e7al\u0131\u015f\u0131rlar? Yoksulluk, fakirlik, insan\u0131 g\u00fczelle\u015ftirir, Peygamber efendimiz de fakirdi, ak\u015famlar\u0131 bir hurma yerdi, fakirler, zenginlerden be\u015feyiz y\u0131l \u00f6nce cennete gidecekler, \u015f\u00fckretmek Allah\u2019 uzanan<br \/>\nyoldur gibi laflarla hep k\u0131l verir yol g\u00f6sterirler konu\u015furlar da kendileri uymazlar. Yoksa!<\/p>\n<p>Neolitik yani ta\u015f devrinde, \u0130nsanlar\u0131n en b\u00fcy\u00fck sorunu beslenme ve bar\u0131nmayd\u0131. Bug\u00fcn d\u00fcnya M\u00fcsl\u00fcmanlar\u0131n da en b\u00fcy\u00fck sorunu belenme ve bar\u0131nma ise, bu kadar ge\u00e7en binlerce y\u0131l ne de\u011fi\u015fmi\u015f? Sadece liderler ve yanda\u015flar, dini de\u011ferleri kullanarak kendi refah seviyeleri y\u00fckselmi\u015f, halklar\u0131 yok saym\u0131\u015flar. T\u00fcrkiye\u2019de oldu\u011fu gibi, y\u00f6netim ve onlar ad\u0131na \u00e7al\u0131\u015fan 80 milyon marabalar\u0131!<\/p>\n<p><strong>\u201dFelsefe ve matematik bilmiyorsan, hayat\u0131 anlayamazs\u0131n.<\/strong><br \/>\n<strong>Beyninin nas\u0131l \u00e7al\u0131\u015ft\u0131\u011f\u0131n\u0131 bilmiyorsan, insan ve davran\u0131\u015flar\u0131n\u0131 anlayamazs\u0131n.\u201d<\/strong><\/p>\n<p><strong>Hayrettin KA\u011eNICI<\/strong><\/p>\n<p>[\/ls_tab][ls_tab title=&#8221;Kitab\u0131 Oku&#8221;]<\/p>\n<p>G\u00fcncelleniyor.<\/p>\n<p>[\/ls_tab][ls_tab title=&#8221;Sat\u0131\u015f Noktalar\u0131&#8221;]<\/p>\n<p>[ls_button icon_right=&#8221;fa fa-check&#8221; color=&#8221;default&#8221; url=&#8221;https:\/\/www.idefix.com\/arama?q=Hayrettin+ka%C4%9Fn%C4%B1c%C4%B1&amp;typing=true&amp;888888=10107278&#8243; target=&#8221;_self&#8221; ]\u0130defix &#8216; de Sat\u0131n Al[\/ls_button][ls_button icon_right=&#8221;fa fa-check&#8221; color=&#8221;default&#8221; url=&#8221;https:\/\/www.idefix.com\/arama?q=Hayrettin+ka%C4%9Fn%C4%B1c%C4%B1&amp;typing=true&amp;888888=10107278&#8243; target=&#8221;_self&#8221; ]D &amp; R &#8216; de Sat\u0131n Al[\/ls_button]<\/p>\n<p>[\/ls_tab][\/ls_tabgroup]<\/p>","protected":false},"excerpt":{"rendered":"<p>[ls_tabgroup][ls_tab title=&#8221;\u00d6n Kapak&#8221;] [\/ls_tab][ls_tab title=&#8221;Arka Kapak \u00d6zeti&#8221;] \u201cDinler, insanlar\u0131n d\u00fcnyay\u0131 anlamak ve hayat\u0131n zorluklar\u0131na bir anlam katmak i\u00e7in olu\u015fturdu\u011fu mitolojilerdir, bu mitolojiler insan\u0131n korkular\u0131n\u0131 ve umutlar\u0131n\u0131 yans\u0131t\u0131r ancak bilimsel ger\u00e7eklikten uzakt\u0131rlar\u201d Bu \u00e7al\u0131\u015fmay\u0131 yaparken olduk\u00e7a tarafs\u0131z, objektif olarak konulara bakmaya, yaz\u0131lanlar\u0131 ak\u0131l ve mant\u0131k s\u00fczgecinden ge\u00e7irerek payla\u015fmaya \u00e7al\u0131\u015ft\u0131m. Benzer konular i\u00e7in, \u00f6yle farkl\u0131 de\u011fi\u015fik a\u00e7\u0131klamalar, [&hellip;]<\/p>\n","protected":false},"author":1,"featured_media":0,"parent":0,"menu_order":0,"comment_status":"closed","ping_status":"closed","template":"","meta":{"footnotes":""},"class_list":["post-15986","page","type-page","status-publish","hentry"],"yoast_head":"<!-- This site is optimized with the Yoast SEO plugin v24.8.1 - https:\/\/yoast.com\/wordpress\/plugins\/seo\/ -->\n<title>Hayrettin Ka\u011fn\u0131c\u0131 - M\u00fcsl\u00fcmanl\u0131\u011fa Y\u00f6n Verenler - Hayrettin Ka\u011fn\u0131c\u0131 Resmi Web Sitesi<\/title>\n<meta name=\"robots\" content=\"index, follow, max-snippet:-1, max-image-preview:large, max-video-preview:-1\" \/>\n<link rel=\"canonical\" href=\"https:\/\/hayrettinkagnici.com\/tr\/muslumanliga-yon-verenler\/\" \/>\n<meta property=\"og:locale\" content=\"tr_TR\" \/>\n<meta property=\"og:type\" content=\"article\" \/>\n<meta property=\"og:title\" content=\"Hayrettin Ka\u011fn\u0131c\u0131 - M\u00fcsl\u00fcmanl\u0131\u011fa Y\u00f6n Verenler - Hayrettin Ka\u011fn\u0131c\u0131 Resmi Web Sitesi\" \/>\n<meta property=\"og:description\" content=\"[ls_tabgroup][ls_tab title=&#8221;\u00d6n Kapak&#8221;] [\/ls_tab][ls_tab title=&#8221;Arka Kapak \u00d6zeti&#8221;] \u201cDinler, insanlar\u0131n d\u00fcnyay\u0131 anlamak ve hayat\u0131n zorluklar\u0131na bir anlam katmak i\u00e7in olu\u015fturdu\u011fu mitolojilerdir, bu mitolojiler insan\u0131n korkular\u0131n\u0131 ve umutlar\u0131n\u0131 yans\u0131t\u0131r ancak bilimsel ger\u00e7eklikten uzakt\u0131rlar\u201d Bu \u00e7al\u0131\u015fmay\u0131 yaparken olduk\u00e7a tarafs\u0131z, objektif olarak konulara bakmaya, yaz\u0131lanlar\u0131 ak\u0131l ve mant\u0131k s\u00fczgecinden ge\u00e7irerek payla\u015fmaya \u00e7al\u0131\u015ft\u0131m. Benzer konular i\u00e7in, \u00f6yle farkl\u0131 de\u011fi\u015fik a\u00e7\u0131klamalar, [&hellip;]\" \/>\n<meta property=\"og:url\" content=\"https:\/\/hayrettinkagnici.com\/tr\/muslumanliga-yon-verenler\/\" \/>\n<meta property=\"og:site_name\" content=\"Hayrettin Ka\u011fn\u0131c\u0131 Resmi Web Sitesi\" \/>\n<meta property=\"article:modified_time\" content=\"2025-11-30T06:02:36+00:00\" \/>\n<meta property=\"og:image\" content=\"https:\/\/hayrettinkagnici.com\/wp-content\/uploads\/2025\/03\/muslumanliga-yon-verenler-on-arka-kapak.jpg\" \/>\n\t<meta property=\"og:image:width\" content=\"1024\" \/>\n\t<meta property=\"og:image:height\" content=\"746\" \/>\n\t<meta property=\"og:image:type\" content=\"image\/jpeg\" \/>\n<meta name=\"twitter:card\" content=\"summary_large_image\" \/>\n<meta name=\"twitter:label1\" content=\"Tahmini okuma s\u00fcresi\" \/>\n\t<meta name=\"twitter:data1\" content=\"4 dakika\" \/>\n<script type=\"application\/ld+json\" class=\"yoast-schema-graph\">{\"@context\":\"https:\/\/schema.org\",\"@graph\":[{\"@type\":\"WebPage\",\"@id\":\"https:\/\/hayrettinkagnici.com\/tr\/muslumanliga-yon-verenler\/\",\"url\":\"https:\/\/hayrettinkagnici.com\/tr\/muslumanliga-yon-verenler\/\",\"name\":\"Hayrettin Ka\u011fn\u0131c\u0131 - M\u00fcsl\u00fcmanl\u0131\u011fa Y\u00f6n Verenler - Hayrettin Ka\u011fn\u0131c\u0131 Resmi Web Sitesi\",\"isPartOf\":{\"@id\":\"https:\/\/hayrettinkagnici.com\/tr\/#website\"},\"primaryImageOfPage\":{\"@id\":\"https:\/\/hayrettinkagnici.com\/tr\/muslumanliga-yon-verenler\/#primaryimage\"},\"image\":{\"@id\":\"https:\/\/hayrettinkagnici.com\/tr\/muslumanliga-yon-verenler\/#primaryimage\"},\"thumbnailUrl\":\"https:\/\/hayrettinkagnici.com\/wp-content\/uploads\/2025\/03\/muslumanliga-yon-verenler-on-arka-kapak.jpg\",\"datePublished\":\"2025-03-15T22:10:24+00:00\",\"dateModified\":\"2025-11-30T06:02:36+00:00\",\"breadcrumb\":{\"@id\":\"https:\/\/hayrettinkagnici.com\/tr\/muslumanliga-yon-verenler\/#breadcrumb\"},\"inLanguage\":\"tr\",\"potentialAction\":[{\"@type\":\"ReadAction\",\"target\":[\"https:\/\/hayrettinkagnici.com\/tr\/muslumanliga-yon-verenler\/\"]}]},{\"@type\":\"ImageObject\",\"inLanguage\":\"tr\",\"@id\":\"https:\/\/hayrettinkagnici.com\/tr\/muslumanliga-yon-verenler\/#primaryimage\",\"url\":\"https:\/\/hayrettinkagnici.com\/wp-content\/uploads\/2025\/03\/muslumanliga-yon-verenler-on-arka-kapak.jpg\",\"contentUrl\":\"https:\/\/hayrettinkagnici.com\/wp-content\/uploads\/2025\/03\/muslumanliga-yon-verenler-on-arka-kapak.jpg\"},{\"@type\":\"BreadcrumbList\",\"@id\":\"https:\/\/hayrettinkagnici.com\/tr\/muslumanliga-yon-verenler\/#breadcrumb\",\"itemListElement\":[{\"@type\":\"ListItem\",\"position\":1,\"name\":\"Ana sayfa\",\"item\":\"https:\/\/hayrettinkagnici.com\/tr\/\"},{\"@type\":\"ListItem\",\"position\":2,\"name\":\"Hayrettin Ka\u011fn\u0131c\u0131 &#8211; M\u00fcsl\u00fcmanl\u0131\u011fa Y\u00f6n Verenler\"}]},{\"@type\":\"WebSite\",\"@id\":\"https:\/\/hayrettinkagnici.com\/tr\/#website\",\"url\":\"https:\/\/hayrettinkagnici.com\/tr\/\",\"name\":\"Hayrettin Ka\u011fn\u0131c\u0131 Resmi Web Sitesi\",\"description\":\"hayrettinkagnici.com\",\"potentialAction\":[{\"@type\":\"SearchAction\",\"target\":{\"@type\":\"EntryPoint\",\"urlTemplate\":\"https:\/\/hayrettinkagnici.com\/tr\/?s={search_term_string}\"},\"query-input\":{\"@type\":\"PropertyValueSpecification\",\"valueRequired\":true,\"valueName\":\"search_term_string\"}}],\"inLanguage\":\"tr\"}]}<\/script>\n<!-- \/ Yoast SEO plugin. -->","yoast_head_json":{"title":"Hayrettin Ka\u011fn\u0131c\u0131 - M\u00fcsl\u00fcmanl\u0131\u011fa Y\u00f6n Verenler - Hayrettin Ka\u011fn\u0131c\u0131 Resmi Web Sitesi","robots":{"index":"index","follow":"follow","max-snippet":"max-snippet:-1","max-image-preview":"max-image-preview:large","max-video-preview":"max-video-preview:-1"},"canonical":"https:\/\/hayrettinkagnici.com\/tr\/muslumanliga-yon-verenler\/","og_locale":"tr_TR","og_type":"article","og_title":"Hayrettin Ka\u011fn\u0131c\u0131 - M\u00fcsl\u00fcmanl\u0131\u011fa Y\u00f6n Verenler - Hayrettin Ka\u011fn\u0131c\u0131 Resmi Web Sitesi","og_description":"[ls_tabgroup][ls_tab title=&#8221;\u00d6n Kapak&#8221;] [\/ls_tab][ls_tab title=&#8221;Arka Kapak \u00d6zeti&#8221;] \u201cDinler, insanlar\u0131n d\u00fcnyay\u0131 anlamak ve hayat\u0131n zorluklar\u0131na bir anlam katmak i\u00e7in olu\u015fturdu\u011fu mitolojilerdir, bu mitolojiler insan\u0131n korkular\u0131n\u0131 ve umutlar\u0131n\u0131 yans\u0131t\u0131r ancak bilimsel ger\u00e7eklikten uzakt\u0131rlar\u201d Bu \u00e7al\u0131\u015fmay\u0131 yaparken olduk\u00e7a tarafs\u0131z, objektif olarak konulara bakmaya, yaz\u0131lanlar\u0131 ak\u0131l ve mant\u0131k s\u00fczgecinden ge\u00e7irerek payla\u015fmaya \u00e7al\u0131\u015ft\u0131m. Benzer konular i\u00e7in, \u00f6yle farkl\u0131 de\u011fi\u015fik a\u00e7\u0131klamalar, [&hellip;]","og_url":"https:\/\/hayrettinkagnici.com\/tr\/muslumanliga-yon-verenler\/","og_site_name":"Hayrettin Ka\u011fn\u0131c\u0131 Resmi Web Sitesi","article_modified_time":"2025-11-30T06:02:36+00:00","og_image":[{"width":1024,"height":746,"url":"https:\/\/hayrettinkagnici.com\/wp-content\/uploads\/2025\/03\/muslumanliga-yon-verenler-on-arka-kapak.jpg","type":"image\/jpeg"}],"twitter_card":"summary_large_image","twitter_misc":{"Tahmini okuma s\u00fcresi":"4 dakika"},"schema":{"@context":"https:\/\/schema.org","@graph":[{"@type":"WebPage","@id":"https:\/\/hayrettinkagnici.com\/tr\/muslumanliga-yon-verenler\/","url":"https:\/\/hayrettinkagnici.com\/tr\/muslumanliga-yon-verenler\/","name":"Hayrettin Ka\u011fn\u0131c\u0131 - M\u00fcsl\u00fcmanl\u0131\u011fa Y\u00f6n Verenler - Hayrettin Ka\u011fn\u0131c\u0131 Resmi Web Sitesi","isPartOf":{"@id":"https:\/\/hayrettinkagnici.com\/tr\/#website"},"primaryImageOfPage":{"@id":"https:\/\/hayrettinkagnici.com\/tr\/muslumanliga-yon-verenler\/#primaryimage"},"image":{"@id":"https:\/\/hayrettinkagnici.com\/tr\/muslumanliga-yon-verenler\/#primaryimage"},"thumbnailUrl":"https:\/\/hayrettinkagnici.com\/wp-content\/uploads\/2025\/03\/muslumanliga-yon-verenler-on-arka-kapak.jpg","datePublished":"2025-03-15T22:10:24+00:00","dateModified":"2025-11-30T06:02:36+00:00","breadcrumb":{"@id":"https:\/\/hayrettinkagnici.com\/tr\/muslumanliga-yon-verenler\/#breadcrumb"},"inLanguage":"tr","potentialAction":[{"@type":"ReadAction","target":["https:\/\/hayrettinkagnici.com\/tr\/muslumanliga-yon-verenler\/"]}]},{"@type":"ImageObject","inLanguage":"tr","@id":"https:\/\/hayrettinkagnici.com\/tr\/muslumanliga-yon-verenler\/#primaryimage","url":"https:\/\/hayrettinkagnici.com\/wp-content\/uploads\/2025\/03\/muslumanliga-yon-verenler-on-arka-kapak.jpg","contentUrl":"https:\/\/hayrettinkagnici.com\/wp-content\/uploads\/2025\/03\/muslumanliga-yon-verenler-on-arka-kapak.jpg"},{"@type":"BreadcrumbList","@id":"https:\/\/hayrettinkagnici.com\/tr\/muslumanliga-yon-verenler\/#breadcrumb","itemListElement":[{"@type":"ListItem","position":1,"name":"Ana sayfa","item":"https:\/\/hayrettinkagnici.com\/tr\/"},{"@type":"ListItem","position":2,"name":"Hayrettin Ka\u011fn\u0131c\u0131 &#8211; M\u00fcsl\u00fcmanl\u0131\u011fa Y\u00f6n Verenler"}]},{"@type":"WebSite","@id":"https:\/\/hayrettinkagnici.com\/tr\/#website","url":"https:\/\/hayrettinkagnici.com\/tr\/","name":"Hayrettin Ka\u011fn\u0131c\u0131 Resmi Web Sitesi","description":"hayrettinkagnici.com","potentialAction":[{"@type":"SearchAction","target":{"@type":"EntryPoint","urlTemplate":"https:\/\/hayrettinkagnici.com\/tr\/?s={search_term_string}"},"query-input":{"@type":"PropertyValueSpecification","valueRequired":true,"valueName":"search_term_string"}}],"inLanguage":"tr"}]}},"_links":{"self":[{"href":"https:\/\/hayrettinkagnici.com\/tr\/wp-json\/wp\/v2\/pages\/15986","targetHints":{"allow":["GET"]}}],"collection":[{"href":"https:\/\/hayrettinkagnici.com\/tr\/wp-json\/wp\/v2\/pages"}],"about":[{"href":"https:\/\/hayrettinkagnici.com\/tr\/wp-json\/wp\/v2\/types\/page"}],"author":[{"embeddable":true,"href":"https:\/\/hayrettinkagnici.com\/tr\/wp-json\/wp\/v2\/users\/1"}],"replies":[{"embeddable":true,"href":"https:\/\/hayrettinkagnici.com\/tr\/wp-json\/wp\/v2\/comments?post=15986"}],"version-history":[{"count":15,"href":"https:\/\/hayrettinkagnici.com\/tr\/wp-json\/wp\/v2\/pages\/15986\/revisions"}],"predecessor-version":[{"id":16274,"href":"https:\/\/hayrettinkagnici.com\/tr\/wp-json\/wp\/v2\/pages\/15986\/revisions\/16274"}],"wp:attachment":[{"href":"https:\/\/hayrettinkagnici.com\/tr\/wp-json\/wp\/v2\/media?parent=15986"}],"curies":[{"name":"wp","href":"https:\/\/api.w.org\/{rel}","templated":true}]}}