{"id":15962,"date":"2025-03-15T13:16:05","date_gmt":"2025-03-15T10:16:05","guid":{"rendered":"https:\/\/hayrettinkagnici.com\/tr\/?page_id=15962"},"modified":"2025-11-30T08:57:48","modified_gmt":"2025-11-30T05:57:48","slug":"hayrettin-kagnici-insan-boyle-bir-sey","status":"publish","type":"page","link":"https:\/\/hayrettinkagnici.com\/tr\/insan-boyle-bir-sey\/","title":{"rendered":"Hayrettin Ka\u011fn\u0131c\u0131 &#8211; \u0130nsan B\u00f6yle Bir \u015eey"},"content":{"rendered":"<p>[ls_tabgroup][ls_tab title=&#8221;\u00d6n Kapak&#8221;]<br \/>\n<img fetchpriority=\"high\" decoding=\"async\" class=\"alignnone wp-image-15997 size-full\" src=\"https:\/\/hayrettinkagnici.com\/wp-content\/uploads\/2025\/03\/insan-boyle-birsey-on-arka-kapak.jpg\" alt=\"\" width=\"1024\" height=\"748\" srcset=\"https:\/\/hayrettinkagnici.com\/wp-content\/uploads\/2025\/03\/insan-boyle-birsey-on-arka-kapak.jpg 1024w, https:\/\/hayrettinkagnici.com\/wp-content\/uploads\/2025\/03\/insan-boyle-birsey-on-arka-kapak-300x219.jpg 300w, https:\/\/hayrettinkagnici.com\/wp-content\/uploads\/2025\/03\/insan-boyle-birsey-on-arka-kapak-768x561.jpg 768w, https:\/\/hayrettinkagnici.com\/wp-content\/uploads\/2025\/03\/insan-boyle-birsey-on-arka-kapak-700x511.jpg 700w, https:\/\/hayrettinkagnici.com\/wp-content\/uploads\/2025\/03\/insan-boyle-birsey-on-arka-kapak-172x126.jpg 172w\" sizes=\"(max-width: 1024px) 100vw, 1024px\" \/><\/p>\n<p>[\/ls_tab][ls_tab title=&#8221;Arka Kapak \u00d6zeti&#8221;]<br \/>\nKonuya, kork bin y\u0131l \u00f6ncesinden ilk d\u00fc\u015f\u00fcnen inan modeli homo sapien den ba\u015flad\u0131k, Tanr\u0131 kavram\u0131n\u0131n ilk olarak nas\u0131l ve nerede olu\u015ftu\u011funu, dinlerin nas\u0131l kabul g\u00f6r\u00fcld\u00fc\u011f\u00fcn\u00fc ve din \u00fczerinden toplumlar\u0131n nas\u0131l kontrol edilebildi\u011fi, inan\u00e7lar, paganizm, \u00e7ok Tanr\u0131l\u0131 ve tek Tanr\u0131l\u0131 dinlerim etraf\u0131nda dola\u015ft\u0131k, T\u00fcrklerin nas\u0131l M\u00fcsl\u00fcman olduklar\u0131na g\u00f6z att\u0131k. En \u00f6nemlisi b\u00fct\u00fcn bunlar\u0131 ve bedenimizi koruyan, bizleri y\u00f6neten, y\u00f6nlendiren beynimizin nas\u0131l \u00e7al\u0131\u015ft\u0131\u011f\u0131 ve do\u011fmalar\u0131 yaratma sebepleri ve sonra da;<\/p>\n<p>Ne olacak \u015fimdi \u201c<strong>gelecek nas\u0131l gelecek<\/strong>\u201d diye diye d\u00fc\u015f\u00fcnmeye ba\u015flad\u0131k.<\/p>\n<p>Gelecekte hayat\u0131m\u0131z\u0131n vazge\u00e7ilmezleri olacak yar\u0131 insan yar\u0131 makine sayborglar ile \u0130nsan\u0131ms\u0131 robotlar androitleri inceledik, robotla\u015fan d\u00fcnyam\u0131zda bizlerin hali ne olacak diye d\u00fc\u015f\u00fcnmeye ba\u015flad\u0131k. Anlad\u0131k ki, baz\u0131 kavramlar\u0131 tam olarak a\u00e7\u0131klamak kolay olmuyor. Biz insanlar\u0131 di\u011fer canl\u0131lardan ay\u0131ran en \u00f6nemli \u201c\u015fey\u201d, nedir diye bakarsak, bu \u201c\u015fey\u201d, ak\u0131l, bilin\u00e7, ruh, t\u00f6z\u00fcn, tin, \u00f6z, hangisi? Size hangisi daha yak\u0131nsa o. Baz\u0131 felsefe ve bilim adamlar\u0131 bu \u015feyin asla makinalara aktar\u0131lamayaca\u011f\u0131n\u0131, robotla\u015fma da asla bilin\u00e7 olmayaca\u011f\u0131n\u0131 savunurlar. Di\u011fer bir gurup ise, her varl\u0131\u011f\u0131n ataleti oldu\u011fu gibi her \u015feyin de bilinci vard\u0131r fikrini savunurlar.<\/p>\n<p>\u201cY\u00fckselin g\u00f6ky\u00fcz\u00fcne, neler oluyor yery\u00fcz\u00fcnde seyredin bu alemi en yukar\u0131dan\u201d, sayfalar\u0131 \u00e7evirelim geriye be\u015f y\u00fcz y\u0131l \u00f6ncesine bakal\u0131m d\u00fcnyan\u0131n haline; Amerika k\u0131tas\u0131 hen\u00fcz yeni ke\u015ffedilmi\u015f Avrupa din bask\u0131s\u0131 alt\u0131nda en karanl\u0131k Orta \u00c7a\u011f d\u00f6neminin ya\u015f\u0131yor, o d\u00f6nemlere ait b\u00fct\u00fcn bildiklerini koyun \u00f6n\u00fcn\u00fcze, kapay\u0131n g\u00f6zlerinizi d\u00fcnyay\u0131 d\u00fc\u015f\u00fcn\u00fcn. \u0130\u015fte o zamandan sokakta g\u00f6rd\u00fc\u011f\u00fcn\u00fcz birisi getirin bug\u00fcne. \u015eimdi de gidin y\u00fcz sene sonras\u0131na, gelece\u011fin d\u00fcnyas\u0131na, zorlay\u0131n bildiklerinizi ve beyninizin s\u0131n\u0131rlar\u0131n\u0131. \u0130nsan denilen canl\u0131klar nas\u0131l bir d\u00fczen i\u00e7inde ya\u015f\u0131yor, sosyal ve y\u00f6netim \u015fartlar\u0131, beceri, beslenme ve sa\u011fl\u0131k durumlar\u0131 nedir hayal edin, hayal edin her \u015feyi ve sokaktan birini al\u0131n getirin g\u00fcn\u00fcm\u00fcz d\u00fcnyas\u0131na, bug\u00fcne. Bug\u00fcnk\u00fc sen, be\u015f y\u00fcz \u00f6nceki ve y\u00fcz sene sonraki akrabalar\u0131n ile oturun ayn\u0131 masaya konu\u015fun, susmay\u0131n konu\u015fun, dinlerden bahsedin, al\u0131\u015fkanl\u0131klar\u0131n\u0131z\u0131, ya\u015fad\u0131\u011f\u0131n\u0131z d\u00fcnya halini, dijital d\u00fcnyay\u0131, kendinizi, hayat\u0131n\u0131z\u0131, bug\u00fcnleri anlat\u0131n. Dinleyin be\u015f y\u00fcz \u00f6nceki akraban\u0131n anlatt\u0131klar\u0131n\u0131 sonra da y\u00fcz sene sonraki akraban\u0131n anlatt\u0131klar\u0131n\u0131. \u015eimdi de d\u00fc\u015f\u00fcn\u00fcn kimin neyi nas\u0131l ne kadar anlayabildi\u011fini!<\/p>\n<p><strong>\u0130\u015fte, \u201c\u0130nsan B\u00f6yle Bir \u015eey\u201d<\/strong><\/p>\n<p>Hayrettin Ka\u011fn\u0131c\u0131<\/p>\n<p>[\/ls_tab][ls_tab title=&#8221;Kitab\u0131 Oku&#8221;]<div id=\"reader-container\" style=\"width: 100%; height: 780px; background: ;\" data-page-mode=\"double\" data-animation=\"flip\" data-page-sound=\"2\" data-path=\"https:\/\/hayrettinkagnici.com\/wp-content\/uploads\/magalone\/insan-boyle-bir-sey-3\" data-thumbnails-size=\"150\"><\/div><\/p>\n<p>[\/ls_tab][ls_tab title=&#8221;Sat\u0131\u015f Noktalar\u0131&#8221;]<\/p>\n<p>[ls_button icon_right=&#8221;fa fa-check&#8221; color=&#8221;default&#8221; url=&#8221;https:\/\/www.idefix.com\/insan-boyle-bir-sey-p-300818&#8243; target=&#8221;_self&#8221; ]\u0130defix &#8216; de Sat\u0131n Al[\/ls_button][ls_button icon_right=&#8221;fa fa-check&#8221; color=&#8221;default&#8221; url=&#8221;https:\/\/www.dr.com.tr\/kitap\/insan-boyle-bir-sey\/hayrettin-kagnici\/din-tasavvuf\/din\/urunno=0001918035001&#8243; target=&#8221;_self&#8221; ]D &amp; R &#8216; de Sat\u0131n Al[\/ls_button]<\/p>\n<p>[\/ls_tab][\/ls_tabgroup]<\/p>","protected":false},"excerpt":{"rendered":"<p>[ls_tabgroup][ls_tab title=&#8221;\u00d6n Kapak&#8221;] [\/ls_tab][ls_tab title=&#8221;Arka Kapak \u00d6zeti&#8221;] Konuya, kork bin y\u0131l \u00f6ncesinden ilk d\u00fc\u015f\u00fcnen inan modeli homo sapien den ba\u015flad\u0131k, Tanr\u0131 kavram\u0131n\u0131n ilk olarak nas\u0131l ve nerede olu\u015ftu\u011funu, dinlerin nas\u0131l kabul g\u00f6r\u00fcld\u00fc\u011f\u00fcn\u00fc ve din \u00fczerinden toplumlar\u0131n nas\u0131l kontrol edilebildi\u011fi, inan\u00e7lar, paganizm, \u00e7ok Tanr\u0131l\u0131 ve tek Tanr\u0131l\u0131 dinlerim etraf\u0131nda dola\u015ft\u0131k, T\u00fcrklerin nas\u0131l M\u00fcsl\u00fcman olduklar\u0131na g\u00f6z att\u0131k. [&hellip;]<\/p>\n","protected":false},"author":1,"featured_media":0,"parent":0,"menu_order":0,"comment_status":"closed","ping_status":"closed","template":"","meta":{"footnotes":""},"class_list":["post-15962","page","type-page","status-publish","hentry"],"yoast_head":"<!-- This site is optimized with the Yoast SEO plugin v24.8.1 - https:\/\/yoast.com\/wordpress\/plugins\/seo\/ -->\n<title>Hayrettin Ka\u011fn\u0131c\u0131 - \u0130nsan B\u00f6yle Bir \u015eey - Hayrettin Ka\u011fn\u0131c\u0131 Resmi Web Sitesi<\/title>\n<meta name=\"robots\" content=\"index, follow, max-snippet:-1, max-image-preview:large, max-video-preview:-1\" \/>\n<link rel=\"canonical\" href=\"https:\/\/hayrettinkagnici.com\/tr\/insan-boyle-bir-sey\/\" \/>\n<meta property=\"og:locale\" content=\"tr_TR\" \/>\n<meta property=\"og:type\" content=\"article\" \/>\n<meta property=\"og:title\" content=\"Hayrettin Ka\u011fn\u0131c\u0131 - \u0130nsan B\u00f6yle Bir \u015eey - Hayrettin Ka\u011fn\u0131c\u0131 Resmi Web Sitesi\" \/>\n<meta property=\"og:description\" content=\"[ls_tabgroup][ls_tab title=&#8221;\u00d6n Kapak&#8221;] [\/ls_tab][ls_tab title=&#8221;Arka Kapak \u00d6zeti&#8221;] Konuya, kork bin y\u0131l \u00f6ncesinden ilk d\u00fc\u015f\u00fcnen inan modeli homo sapien den ba\u015flad\u0131k, Tanr\u0131 kavram\u0131n\u0131n ilk olarak nas\u0131l ve nerede olu\u015ftu\u011funu, dinlerin nas\u0131l kabul g\u00f6r\u00fcld\u00fc\u011f\u00fcn\u00fc ve din \u00fczerinden toplumlar\u0131n nas\u0131l kontrol edilebildi\u011fi, inan\u00e7lar, paganizm, \u00e7ok Tanr\u0131l\u0131 ve tek Tanr\u0131l\u0131 dinlerim etraf\u0131nda dola\u015ft\u0131k, T\u00fcrklerin nas\u0131l M\u00fcsl\u00fcman olduklar\u0131na g\u00f6z att\u0131k. [&hellip;]\" \/>\n<meta property=\"og:url\" content=\"https:\/\/hayrettinkagnici.com\/tr\/insan-boyle-bir-sey\/\" \/>\n<meta property=\"og:site_name\" content=\"Hayrettin Ka\u011fn\u0131c\u0131 Resmi Web Sitesi\" \/>\n<meta property=\"article:modified_time\" content=\"2025-11-30T05:57:48+00:00\" \/>\n<meta property=\"og:image\" content=\"https:\/\/hayrettinkagnici.com\/wp-content\/uploads\/2025\/03\/insan-boyle-birsey-on-arka-kapak.jpg\" \/>\n\t<meta property=\"og:image:width\" content=\"1024\" \/>\n\t<meta property=\"og:image:height\" content=\"748\" \/>\n\t<meta property=\"og:image:type\" content=\"image\/jpeg\" \/>\n<meta name=\"twitter:card\" content=\"summary_large_image\" \/>\n<meta name=\"twitter:label1\" content=\"Tahmini okuma s\u00fcresi\" \/>\n\t<meta name=\"twitter:data1\" content=\"1 dakika\" \/>\n<script type=\"application\/ld+json\" class=\"yoast-schema-graph\">{\"@context\":\"https:\/\/schema.org\",\"@graph\":[{\"@type\":\"WebPage\",\"@id\":\"https:\/\/hayrettinkagnici.com\/tr\/insan-boyle-bir-sey\/\",\"url\":\"https:\/\/hayrettinkagnici.com\/tr\/insan-boyle-bir-sey\/\",\"name\":\"Hayrettin Ka\u011fn\u0131c\u0131 - \u0130nsan B\u00f6yle Bir \u015eey - Hayrettin Ka\u011fn\u0131c\u0131 Resmi Web Sitesi\",\"isPartOf\":{\"@id\":\"https:\/\/hayrettinkagnici.com\/tr\/#website\"},\"primaryImageOfPage\":{\"@id\":\"https:\/\/hayrettinkagnici.com\/tr\/insan-boyle-bir-sey\/#primaryimage\"},\"image\":{\"@id\":\"https:\/\/hayrettinkagnici.com\/tr\/insan-boyle-bir-sey\/#primaryimage\"},\"thumbnailUrl\":\"https:\/\/hayrettinkagnici.com\/wp-content\/uploads\/2025\/03\/insan-boyle-birsey-on-arka-kapak.jpg\",\"datePublished\":\"2025-03-15T10:16:05+00:00\",\"dateModified\":\"2025-11-30T05:57:48+00:00\",\"breadcrumb\":{\"@id\":\"https:\/\/hayrettinkagnici.com\/tr\/insan-boyle-bir-sey\/#breadcrumb\"},\"inLanguage\":\"tr\",\"potentialAction\":[{\"@type\":\"ReadAction\",\"target\":[\"https:\/\/hayrettinkagnici.com\/tr\/insan-boyle-bir-sey\/\"]}]},{\"@type\":\"ImageObject\",\"inLanguage\":\"tr\",\"@id\":\"https:\/\/hayrettinkagnici.com\/tr\/insan-boyle-bir-sey\/#primaryimage\",\"url\":\"https:\/\/hayrettinkagnici.com\/wp-content\/uploads\/2025\/03\/insan-boyle-birsey-on-arka-kapak.jpg\",\"contentUrl\":\"https:\/\/hayrettinkagnici.com\/wp-content\/uploads\/2025\/03\/insan-boyle-birsey-on-arka-kapak.jpg\"},{\"@type\":\"BreadcrumbList\",\"@id\":\"https:\/\/hayrettinkagnici.com\/tr\/insan-boyle-bir-sey\/#breadcrumb\",\"itemListElement\":[{\"@type\":\"ListItem\",\"position\":1,\"name\":\"Ana sayfa\",\"item\":\"https:\/\/hayrettinkagnici.com\/tr\/\"},{\"@type\":\"ListItem\",\"position\":2,\"name\":\"Hayrettin Ka\u011fn\u0131c\u0131 &#8211; \u0130nsan B\u00f6yle Bir \u015eey\"}]},{\"@type\":\"WebSite\",\"@id\":\"https:\/\/hayrettinkagnici.com\/tr\/#website\",\"url\":\"https:\/\/hayrettinkagnici.com\/tr\/\",\"name\":\"Hayrettin Ka\u011fn\u0131c\u0131 Resmi Web Sitesi\",\"description\":\"hayrettinkagnici.com\",\"potentialAction\":[{\"@type\":\"SearchAction\",\"target\":{\"@type\":\"EntryPoint\",\"urlTemplate\":\"https:\/\/hayrettinkagnici.com\/tr\/?s={search_term_string}\"},\"query-input\":{\"@type\":\"PropertyValueSpecification\",\"valueRequired\":true,\"valueName\":\"search_term_string\"}}],\"inLanguage\":\"tr\"}]}<\/script>\n<!-- \/ Yoast SEO plugin. -->","yoast_head_json":{"title":"Hayrettin Ka\u011fn\u0131c\u0131 - \u0130nsan B\u00f6yle Bir \u015eey - Hayrettin Ka\u011fn\u0131c\u0131 Resmi Web Sitesi","robots":{"index":"index","follow":"follow","max-snippet":"max-snippet:-1","max-image-preview":"max-image-preview:large","max-video-preview":"max-video-preview:-1"},"canonical":"https:\/\/hayrettinkagnici.com\/tr\/insan-boyle-bir-sey\/","og_locale":"tr_TR","og_type":"article","og_title":"Hayrettin Ka\u011fn\u0131c\u0131 - \u0130nsan B\u00f6yle Bir \u015eey - Hayrettin Ka\u011fn\u0131c\u0131 Resmi Web Sitesi","og_description":"[ls_tabgroup][ls_tab title=&#8221;\u00d6n Kapak&#8221;] [\/ls_tab][ls_tab title=&#8221;Arka Kapak \u00d6zeti&#8221;] Konuya, kork bin y\u0131l \u00f6ncesinden ilk d\u00fc\u015f\u00fcnen inan modeli homo sapien den ba\u015flad\u0131k, Tanr\u0131 kavram\u0131n\u0131n ilk olarak nas\u0131l ve nerede olu\u015ftu\u011funu, dinlerin nas\u0131l kabul g\u00f6r\u00fcld\u00fc\u011f\u00fcn\u00fc ve din \u00fczerinden toplumlar\u0131n nas\u0131l kontrol edilebildi\u011fi, inan\u00e7lar, paganizm, \u00e7ok Tanr\u0131l\u0131 ve tek Tanr\u0131l\u0131 dinlerim etraf\u0131nda dola\u015ft\u0131k, T\u00fcrklerin nas\u0131l M\u00fcsl\u00fcman olduklar\u0131na g\u00f6z att\u0131k. [&hellip;]","og_url":"https:\/\/hayrettinkagnici.com\/tr\/insan-boyle-bir-sey\/","og_site_name":"Hayrettin Ka\u011fn\u0131c\u0131 Resmi Web Sitesi","article_modified_time":"2025-11-30T05:57:48+00:00","og_image":[{"width":1024,"height":748,"url":"https:\/\/hayrettinkagnici.com\/wp-content\/uploads\/2025\/03\/insan-boyle-birsey-on-arka-kapak.jpg","type":"image\/jpeg"}],"twitter_card":"summary_large_image","twitter_misc":{"Tahmini okuma s\u00fcresi":"1 dakika"},"schema":{"@context":"https:\/\/schema.org","@graph":[{"@type":"WebPage","@id":"https:\/\/hayrettinkagnici.com\/tr\/insan-boyle-bir-sey\/","url":"https:\/\/hayrettinkagnici.com\/tr\/insan-boyle-bir-sey\/","name":"Hayrettin Ka\u011fn\u0131c\u0131 - \u0130nsan B\u00f6yle Bir \u015eey - Hayrettin Ka\u011fn\u0131c\u0131 Resmi Web Sitesi","isPartOf":{"@id":"https:\/\/hayrettinkagnici.com\/tr\/#website"},"primaryImageOfPage":{"@id":"https:\/\/hayrettinkagnici.com\/tr\/insan-boyle-bir-sey\/#primaryimage"},"image":{"@id":"https:\/\/hayrettinkagnici.com\/tr\/insan-boyle-bir-sey\/#primaryimage"},"thumbnailUrl":"https:\/\/hayrettinkagnici.com\/wp-content\/uploads\/2025\/03\/insan-boyle-birsey-on-arka-kapak.jpg","datePublished":"2025-03-15T10:16:05+00:00","dateModified":"2025-11-30T05:57:48+00:00","breadcrumb":{"@id":"https:\/\/hayrettinkagnici.com\/tr\/insan-boyle-bir-sey\/#breadcrumb"},"inLanguage":"tr","potentialAction":[{"@type":"ReadAction","target":["https:\/\/hayrettinkagnici.com\/tr\/insan-boyle-bir-sey\/"]}]},{"@type":"ImageObject","inLanguage":"tr","@id":"https:\/\/hayrettinkagnici.com\/tr\/insan-boyle-bir-sey\/#primaryimage","url":"https:\/\/hayrettinkagnici.com\/wp-content\/uploads\/2025\/03\/insan-boyle-birsey-on-arka-kapak.jpg","contentUrl":"https:\/\/hayrettinkagnici.com\/wp-content\/uploads\/2025\/03\/insan-boyle-birsey-on-arka-kapak.jpg"},{"@type":"BreadcrumbList","@id":"https:\/\/hayrettinkagnici.com\/tr\/insan-boyle-bir-sey\/#breadcrumb","itemListElement":[{"@type":"ListItem","position":1,"name":"Ana sayfa","item":"https:\/\/hayrettinkagnici.com\/tr\/"},{"@type":"ListItem","position":2,"name":"Hayrettin Ka\u011fn\u0131c\u0131 &#8211; \u0130nsan B\u00f6yle Bir \u015eey"}]},{"@type":"WebSite","@id":"https:\/\/hayrettinkagnici.com\/tr\/#website","url":"https:\/\/hayrettinkagnici.com\/tr\/","name":"Hayrettin Ka\u011fn\u0131c\u0131 Resmi Web Sitesi","description":"hayrettinkagnici.com","potentialAction":[{"@type":"SearchAction","target":{"@type":"EntryPoint","urlTemplate":"https:\/\/hayrettinkagnici.com\/tr\/?s={search_term_string}"},"query-input":{"@type":"PropertyValueSpecification","valueRequired":true,"valueName":"search_term_string"}}],"inLanguage":"tr"}]}},"_links":{"self":[{"href":"https:\/\/hayrettinkagnici.com\/tr\/wp-json\/wp\/v2\/pages\/15962","targetHints":{"allow":["GET"]}}],"collection":[{"href":"https:\/\/hayrettinkagnici.com\/tr\/wp-json\/wp\/v2\/pages"}],"about":[{"href":"https:\/\/hayrettinkagnici.com\/tr\/wp-json\/wp\/v2\/types\/page"}],"author":[{"embeddable":true,"href":"https:\/\/hayrettinkagnici.com\/tr\/wp-json\/wp\/v2\/users\/1"}],"replies":[{"embeddable":true,"href":"https:\/\/hayrettinkagnici.com\/tr\/wp-json\/wp\/v2\/comments?post=15962"}],"version-history":[{"count":18,"href":"https:\/\/hayrettinkagnici.com\/tr\/wp-json\/wp\/v2\/pages\/15962\/revisions"}],"predecessor-version":[{"id":16272,"href":"https:\/\/hayrettinkagnici.com\/tr\/wp-json\/wp\/v2\/pages\/15962\/revisions\/16272"}],"wp:attachment":[{"href":"https:\/\/hayrettinkagnici.com\/tr\/wp-json\/wp\/v2\/media?parent=15962"}],"curies":[{"name":"wp","href":"https:\/\/api.w.org\/{rel}","templated":true}]}}