{"id":15921,"date":"2025-03-14T11:23:32","date_gmt":"2025-03-14T08:23:32","guid":{"rendered":"https:\/\/hayrettinkagnici.com\/tr\/?page_id=15921"},"modified":"2025-11-30T08:57:20","modified_gmt":"2025-11-30T05:57:20","slug":"insanca-yasamaktir-hayat-2","status":"publish","type":"page","link":"https:\/\/hayrettinkagnici.com\/tr\/insanca-yasamaktir-hayat\/","title":{"rendered":"Hayrettin Ka\u011fn\u0131c\u0131 &#8211; \u0130nsanca Ya\u015famakt\u0131r Hayat"},"content":{"rendered":"<p>[ls_tabgroup][ls_tab title=&#8221;\u00d6n Kapak&#8221;]<br \/>\n<img fetchpriority=\"high\" decoding=\"async\" class=\"alignnone wp-image-15998 size-full\" src=\"https:\/\/hayrettinkagnici.com\/wp-content\/uploads\/2025\/03\/insanca-yasamaktir-hayat-on-arka-kapak.jpg\" alt=\"\" width=\"1020\" height=\"768\" srcset=\"https:\/\/hayrettinkagnici.com\/wp-content\/uploads\/2025\/03\/insanca-yasamaktir-hayat-on-arka-kapak.jpg 1020w, https:\/\/hayrettinkagnici.com\/wp-content\/uploads\/2025\/03\/insanca-yasamaktir-hayat-on-arka-kapak-300x226.jpg 300w, https:\/\/hayrettinkagnici.com\/wp-content\/uploads\/2025\/03\/insanca-yasamaktir-hayat-on-arka-kapak-768x578.jpg 768w, https:\/\/hayrettinkagnici.com\/wp-content\/uploads\/2025\/03\/insanca-yasamaktir-hayat-on-arka-kapak-700x527.jpg 700w, https:\/\/hayrettinkagnici.com\/wp-content\/uploads\/2025\/03\/insanca-yasamaktir-hayat-on-arka-kapak-167x126.jpg 167w\" sizes=\"(max-width: 1020px) 100vw, 1020px\" \/><\/p>\n<p>[\/ls_tab][ls_tab title=&#8221;Arka Kapak \u00d6zeti&#8221;]Cevap veya \u00e7\u00f6z\u00fcm\u00fcne ula\u015fmak i\u00e7in, konuya ba\u011fl\u0131 olarak nedensellik ve sebep-sonu\u00e7 ili\u015fkisini do\u011fru anlamak gerekir, problemin kayna\u011f\u0131n\u0131 do\u011fru tespit edemezsen \u00e7\u00f6z\u00fcme ula\u015famazs\u0131n. B\u00fcy\u00fck do\u011fan\u0131n k\u00fc\u00e7\u00fck par\u00e7as\u0131 olan insan\u0131 anlaman\u0131n en kolay ve anla\u015f\u0131l\u0131r yolu, felsefe ve matematiksel d\u00fc\u015f\u00fcnce ile bakmakt\u0131r. Bu bak\u0131\u015f a\u00e7\u0131s\u0131ndan bakamazsan, do\u011fay\u0131, toplumsal d\u00fczeni, hayati ve en \u00f6nemlisi beynimiz nas\u0131l \u00e7al\u0131\u015f\u0131yor, nas\u0131l d\u00fc\u015f\u00fcnce \u00fcretiyor, nas\u0131l alg\u0131lan\u0131yor konular\u0131n\u0131 anlayamazs\u0131n.<\/p>\n<p>\u0130nsanlar aras\u0131nda bu kadar b\u00fcy\u00fck farkl\u0131l\u0131klar ve anla\u015fmazl\u0131klar neden? Neden birbirimizi \u00f6ld\u00fcr\u00fcyoruz, neden din olgusunun yaratt\u0131\u011f\u0131 farkl\u0131l\u0131klar nedeniyle birbirimizi \u00f6ld\u00fcrmenin do\u011fru ve kabul edilebilir oldu\u011funa inan\u0131yoruz. Neden, en \u00e7ok \u0130slam co\u011frafyas\u0131nda M\u00fcsl\u00fcmanlar birbirlerini \u00f6ld\u00fcr\u00fcyorlar? Nas\u0131l olursa, ne yaparsak daha anla\u015f\u0131l\u0131r kabul edilir ortak payda da b\u00fct\u00fcnle\u015firiz? Sonlu olan ya\u015fam s\u00fcrecinde neden payla\u015farak g\u00fczellikler dolu bir hayat yerine kuvvetlinin zalim oldu\u011fu bir d\u00fcnya yaratmak i\u00e7in \u00e7abalar\u0131z. Oysaki;<\/p>\n<p><strong>\u201c\u0130nsanca Ya\u015famakt\u0131r Hayat\u201d<\/strong><br \/>\nHi\u00e7bir tercih, bir ba\u015fkas\u0131n\u0131n ya\u015fam\u0131 sonland\u0131rmak \u00fczerine olmamal\u0131, en b\u00fcy\u00fck kutsal de\u011ferlerden biri, her canl\u0131n\u0131n ya\u015fama hakk\u0131n\u0131n olmas\u0131d\u0131r.<\/p>\n<p>Bu kitapta, \u201cM\u00fcsl\u00fcmanlar neden birbirlerini \u00f6ld\u00fcr\u00fcrler\u201d, bu sonucun sebebi olarak \u201cbeynimizin \u00e7al\u0131\u015fma prensibi, beynimiz nas\u0131l d\u00fc\u015f\u00fcnce ve alg\u0131 \u00fcretiliyor\u201d ve davran\u0131\u015flar\u0131m\u0131z\u0131 y\u00f6nlendiren, ki\u015filiklerimizin, kimliklerinizin olu\u015fmas\u0131nda temel olan \u201ce\u011fitim\u201d konular\u0131 i\u015flenmi\u015ftir.<\/p>\n<p>Sonras\u0131n\u0131 bilmedi\u011fimiz bir hayat\u0131m\u0131z var, Do\u011fdu\u011fumuz an \u00f6lece\u011fimizi biliyoruz ve bu ger\u00e7ekle ya\u015f\u0131yoruz. Bu sat\u0131rlar\u0131 okuyorsan\u0131z halen ya\u015f\u0131yorsunuz demektir. Hayat\u0131n\u0131z\u0131 de\u011fi\u015ftirin, hemen \u015fimdi, en zor olan\u0131 imk\u00e2ns\u0131z gibi g\u00f6z\u00fckeni hayal edin. Uzaya gitmeyi, okyanuslarda dola\u015fmay\u0131, Everest\u2019e t\u0131rmanmay\u0131 hayal edin. Hayat\u0131n\u0131za dokunun, hayat\u0131n\u0131z\u0131n izleyicisi de\u011fil oyuncusu olun, hayat\u0131n\u0131z\u0131 siz y\u00f6nlendirin, hayat\u0131n\u0131z\u0131n senaristi y\u00f6netmeni olun, renklendirin hayat\u0131n\u0131z\u0131. Siz de\u011fi\u015firseniz \u00e7evrenizde de\u011fi\u015fecektir. Tercihlerinizi hayallerinizden yana kullan\u0131n, asla b\u0131rakmay\u0131n hayallerinizin pe\u015fini. Uzan\u0131n g\u00f6ky\u00fcz\u00fcne, y\u0131ld\u0131zlara do\u011fru, daha, daha uzan\u0131n. \u015eimdi \u00f6ncekinden yar\u0131m metre de olsa daha yak\u0131ns\u0131n\u0131z, devam edin uzan\u0131n mutlaka bir g\u00fcn yakalayacaks\u0131n pe\u015finde oldu\u011fun parlayan y\u0131ld\u0131z\u0131n\u0131.<\/p>\n<p>\u0130nsanlar aras\u0131nda bu kadar b\u00fcy\u00fck farkl\u0131l\u0131klar ve anla\u015fmazl\u0131klar neden? Neden birbirimizi \u00f6ld\u00fcr\u00fcyoruz, neden din olgusunun yaratt\u0131\u011f\u0131 farkl\u0131l\u0131klar nedeniyle birbirimizi \u00f6ld\u00fcrmenin do\u011fru ve kabul edilebilir oldu\u011funa inan\u0131yoruz. Neden, en \u00e7ok \u0130slam co\u011frafyas\u0131nda M\u00fcsl\u00fcmanlar birbirlerini \u00f6ld\u00fcr\u00fcyorlar? Nas\u0131l olursa, ne yaparsak daha anla\u015f\u0131l\u0131r kabul edilir ortak payda da b\u00fct\u00fcnle\u015firiz? Sonlu olan ya\u015fam s\u00fcrecinde neden payla\u015farak g\u00fczellikler dolu bir hayat yerine kuvvetlinin zalim oldu\u011fu bir d\u00fcnya yaratmak i\u00e7in \u00e7abalar\u0131z. Oysaki;<\/p>\n<p><strong>\u201c\u0130nsanca ya\u015famakt\u0131r hayat\u201d<\/strong><\/p>\n<p>Hayrettin Ka\u011fn\u0131c\u0131<\/p>\n<p>[\/ls_tab][ls_tab title=&#8221;Kitab\u0131 Oku&#8221;]<\/p>\n<blockquote class=\"wp-embedded-content\" data-secret=\"o3aKBlo4NM\"><p><a href=\"https:\/\/hayrettinkagnici.com\/tr\/insanca-yasamaktir-hayat\/\">\u0130nsanca Ya\u015famakt\u0131r Hayat<\/a><\/p><\/blockquote>\n<p><iframe class=\"wp-embedded-content\" sandbox=\"allow-scripts\" security=\"restricted\" style=\"position: absolute; clip: rect(1px, 1px, 1px, 1px);\" title=\"&#8220;\u0130nsanca Ya\u015famakt\u0131r Hayat&#8221; &#8212; Hayrettin Ka\u011fn\u0131c\u0131 Resmi Web Sitesi\" src=\"https:\/\/hayrettinkagnici.com\/tr\/insanca-yasamaktir-hayat\/embed\/#?secret=o3aKBlo4NM\" data-secret=\"o3aKBlo4NM\" width=\"600\" height=\"338\" frameborder=\"0\" marginwidth=\"0\" marginheight=\"0\" scrolling=\"no\"><\/iframe><\/p>\n<p>[\/ls_tab][ls_tab title=&#8221;Sat\u0131\u015f Noktalar\u0131&#8221;]<\/p>\n<p>[ls_button icon_right=&#8221;fa fa-check&#8221; color=&#8221;default&#8221; url=&#8221;https:\/\/www.idefix.com\/insanca-yasamaktir-hayat-p-508742&#8243; target=&#8221;_self&#8221; ]\u0130defix &#8216; de Sat\u0131n Al[\/ls_button][ls_button icon_right=&#8221;fa fa-check&#8221; color=&#8221;default&#8221; url=&#8221;https:\/\/www.dr.com.tr\/kitap\/insanca-yasamaktir-hayat\/hayrettin-kagnici\/egitim-basvuru\/kisisel-gelisim\/urunno=0002058422001&#8243; target=&#8221;_self&#8221; ]D &amp; R &#8216; de Sat\u0131n Al[\/ls_button]<\/p>\n<p>[\/ls_tab][\/ls_tabgroup]<\/p>","protected":false},"excerpt":{"rendered":"<p>[ls_tabgroup][ls_tab title=&#8221;\u00d6n Kapak&#8221;] [\/ls_tab][ls_tab title=&#8221;Arka Kapak \u00d6zeti&#8221;]Cevap veya \u00e7\u00f6z\u00fcm\u00fcne ula\u015fmak i\u00e7in, konuya ba\u011fl\u0131 olarak nedensellik ve sebep-sonu\u00e7 ili\u015fkisini do\u011fru anlamak gerekir, problemin kayna\u011f\u0131n\u0131 do\u011fru tespit edemezsen \u00e7\u00f6z\u00fcme ula\u015famazs\u0131n. B\u00fcy\u00fck do\u011fan\u0131n k\u00fc\u00e7\u00fck par\u00e7as\u0131 olan insan\u0131 anlaman\u0131n en kolay ve anla\u015f\u0131l\u0131r yolu, felsefe ve matematiksel d\u00fc\u015f\u00fcnce ile bakmakt\u0131r. Bu bak\u0131\u015f a\u00e7\u0131s\u0131ndan bakamazsan, do\u011fay\u0131, toplumsal d\u00fczeni, hayati ve [&hellip;]<\/p>\n","protected":false},"author":1,"featured_media":0,"parent":0,"menu_order":0,"comment_status":"closed","ping_status":"closed","template":"","meta":{"footnotes":""},"class_list":["post-15921","page","type-page","status-publish","hentry"],"yoast_head":"<!-- This site is optimized with the Yoast SEO plugin v24.8.1 - https:\/\/yoast.com\/wordpress\/plugins\/seo\/ -->\n<title>Hayrettin Ka\u011fn\u0131c\u0131 - \u0130nsanca Ya\u015famakt\u0131r Hayat - Hayrettin Ka\u011fn\u0131c\u0131 Resmi Web Sitesi<\/title>\n<meta name=\"description\" content=\"Hayrettin Ka\u011fn\u0131c\u0131 \u0130nsanca Ya\u015famakt\u0131r Hayat Kitab\u0131\" \/>\n<meta name=\"robots\" content=\"index, follow, max-snippet:-1, max-image-preview:large, max-video-preview:-1\" \/>\n<link rel=\"canonical\" href=\"https:\/\/hayrettinkagnici.com\/tr\/insanca-yasamaktir-hayat\/\" \/>\n<meta property=\"og:locale\" content=\"tr_TR\" \/>\n<meta property=\"og:type\" content=\"article\" \/>\n<meta property=\"og:title\" content=\"Hayrettin Ka\u011fn\u0131c\u0131 - \u0130nsanca Ya\u015famakt\u0131r Hayat - Hayrettin Ka\u011fn\u0131c\u0131 Resmi Web Sitesi\" \/>\n<meta property=\"og:description\" content=\"{:tr}Hayrettin Ka\u011fn\u0131c\u0131 \u0130nsanca Ya\u015famakt\u0131r Hayat Kitab\u0131{:}\" \/>\n<meta property=\"og:url\" content=\"https:\/\/hayrettinkagnici.com\/tr\/insanca-yasamaktir-hayat\/\" \/>\n<meta property=\"og:site_name\" content=\"Hayrettin Ka\u011fn\u0131c\u0131 Resmi Web Sitesi\" \/>\n<meta property=\"article:modified_time\" content=\"2025-11-30T05:57:20+00:00\" \/>\n<meta property=\"og:image\" content=\"https:\/\/hayrettinkagnici.com\/wp-content\/uploads\/2025\/03\/insanca-yasamaktir-hayat-on-arka-kapak.jpg\" \/>\n\t<meta property=\"og:image:width\" content=\"1020\" \/>\n\t<meta property=\"og:image:height\" content=\"768\" \/>\n\t<meta property=\"og:image:type\" content=\"image\/jpeg\" \/>\n<meta name=\"twitter:card\" content=\"summary_large_image\" \/>\n<meta name=\"twitter:label1\" content=\"Tahmini okuma s\u00fcresi\" \/>\n\t<meta name=\"twitter:data1\" content=\"4 dakika\" \/>\n<script type=\"application\/ld+json\" class=\"yoast-schema-graph\">{\"@context\":\"https:\/\/schema.org\",\"@graph\":[{\"@type\":\"WebPage\",\"@id\":\"https:\/\/hayrettinkagnici.com\/tr\/insanca-yasamaktir-hayat\/\",\"url\":\"https:\/\/hayrettinkagnici.com\/tr\/insanca-yasamaktir-hayat\/\",\"name\":\"Hayrettin Ka\u011fn\u0131c\u0131 - \u0130nsanca Ya\u015famakt\u0131r Hayat - Hayrettin Ka\u011fn\u0131c\u0131 Resmi Web Sitesi\",\"isPartOf\":{\"@id\":\"https:\/\/hayrettinkagnici.com\/tr\/#website\"},\"primaryImageOfPage\":{\"@id\":\"https:\/\/hayrettinkagnici.com\/tr\/insanca-yasamaktir-hayat\/#primaryimage\"},\"image\":{\"@id\":\"https:\/\/hayrettinkagnici.com\/tr\/insanca-yasamaktir-hayat\/#primaryimage\"},\"thumbnailUrl\":\"https:\/\/hayrettinkagnici.com\/wp-content\/uploads\/2025\/03\/insanca-yasamaktir-hayat-on-arka-kapak.jpg\",\"datePublished\":\"2025-03-14T08:23:32+00:00\",\"dateModified\":\"2025-11-30T05:57:20+00:00\",\"description\":\"{:tr}Hayrettin Ka\u011fn\u0131c\u0131 \u0130nsanca Ya\u015famakt\u0131r Hayat Kitab\u0131{:}\",\"breadcrumb\":{\"@id\":\"https:\/\/hayrettinkagnici.com\/tr\/insanca-yasamaktir-hayat\/#breadcrumb\"},\"inLanguage\":\"tr\",\"potentialAction\":[{\"@type\":\"ReadAction\",\"target\":[\"https:\/\/hayrettinkagnici.com\/tr\/insanca-yasamaktir-hayat\/\"]}]},{\"@type\":\"ImageObject\",\"inLanguage\":\"tr\",\"@id\":\"https:\/\/hayrettinkagnici.com\/tr\/insanca-yasamaktir-hayat\/#primaryimage\",\"url\":\"https:\/\/hayrettinkagnici.com\/wp-content\/uploads\/2025\/03\/insanca-yasamaktir-hayat-on-arka-kapak.jpg\",\"contentUrl\":\"https:\/\/hayrettinkagnici.com\/wp-content\/uploads\/2025\/03\/insanca-yasamaktir-hayat-on-arka-kapak.jpg\"},{\"@type\":\"BreadcrumbList\",\"@id\":\"https:\/\/hayrettinkagnici.com\/tr\/insanca-yasamaktir-hayat\/#breadcrumb\",\"itemListElement\":[{\"@type\":\"ListItem\",\"position\":1,\"name\":\"Ana sayfa\",\"item\":\"https:\/\/hayrettinkagnici.com\/tr\/\"},{\"@type\":\"ListItem\",\"position\":2,\"name\":\"Hayrettin Ka\u011fn\u0131c\u0131 &#8211; \u0130nsanca Ya\u015famakt\u0131r Hayat\"}]},{\"@type\":\"WebSite\",\"@id\":\"https:\/\/hayrettinkagnici.com\/tr\/#website\",\"url\":\"https:\/\/hayrettinkagnici.com\/tr\/\",\"name\":\"Hayrettin Ka\u011fn\u0131c\u0131 Resmi Web Sitesi\",\"description\":\"hayrettinkagnici.com\",\"potentialAction\":[{\"@type\":\"SearchAction\",\"target\":{\"@type\":\"EntryPoint\",\"urlTemplate\":\"https:\/\/hayrettinkagnici.com\/tr\/?s={search_term_string}\"},\"query-input\":{\"@type\":\"PropertyValueSpecification\",\"valueRequired\":true,\"valueName\":\"search_term_string\"}}],\"inLanguage\":\"tr\"}]}<\/script>\n<!-- \/ Yoast SEO plugin. -->","yoast_head_json":{"title":"Hayrettin Ka\u011fn\u0131c\u0131 - \u0130nsanca Ya\u015famakt\u0131r Hayat - Hayrettin Ka\u011fn\u0131c\u0131 Resmi Web Sitesi","description":"Hayrettin Ka\u011fn\u0131c\u0131 \u0130nsanca Ya\u015famakt\u0131r Hayat Kitab\u0131","robots":{"index":"index","follow":"follow","max-snippet":"max-snippet:-1","max-image-preview":"max-image-preview:large","max-video-preview":"max-video-preview:-1"},"canonical":"https:\/\/hayrettinkagnici.com\/tr\/insanca-yasamaktir-hayat\/","og_locale":"tr_TR","og_type":"article","og_title":"Hayrettin Ka\u011fn\u0131c\u0131 - \u0130nsanca Ya\u015famakt\u0131r Hayat - Hayrettin Ka\u011fn\u0131c\u0131 Resmi Web Sitesi","og_description":"{:tr}Hayrettin Ka\u011fn\u0131c\u0131 \u0130nsanca Ya\u015famakt\u0131r Hayat Kitab\u0131{:}","og_url":"https:\/\/hayrettinkagnici.com\/tr\/insanca-yasamaktir-hayat\/","og_site_name":"Hayrettin Ka\u011fn\u0131c\u0131 Resmi Web Sitesi","article_modified_time":"2025-11-30T05:57:20+00:00","og_image":[{"width":1020,"height":768,"url":"https:\/\/hayrettinkagnici.com\/wp-content\/uploads\/2025\/03\/insanca-yasamaktir-hayat-on-arka-kapak.jpg","type":"image\/jpeg"}],"twitter_card":"summary_large_image","twitter_misc":{"Tahmini okuma s\u00fcresi":"4 dakika"},"schema":{"@context":"https:\/\/schema.org","@graph":[{"@type":"WebPage","@id":"https:\/\/hayrettinkagnici.com\/tr\/insanca-yasamaktir-hayat\/","url":"https:\/\/hayrettinkagnici.com\/tr\/insanca-yasamaktir-hayat\/","name":"Hayrettin Ka\u011fn\u0131c\u0131 - \u0130nsanca Ya\u015famakt\u0131r Hayat - Hayrettin Ka\u011fn\u0131c\u0131 Resmi Web Sitesi","isPartOf":{"@id":"https:\/\/hayrettinkagnici.com\/tr\/#website"},"primaryImageOfPage":{"@id":"https:\/\/hayrettinkagnici.com\/tr\/insanca-yasamaktir-hayat\/#primaryimage"},"image":{"@id":"https:\/\/hayrettinkagnici.com\/tr\/insanca-yasamaktir-hayat\/#primaryimage"},"thumbnailUrl":"https:\/\/hayrettinkagnici.com\/wp-content\/uploads\/2025\/03\/insanca-yasamaktir-hayat-on-arka-kapak.jpg","datePublished":"2025-03-14T08:23:32+00:00","dateModified":"2025-11-30T05:57:20+00:00","description":"{:tr}Hayrettin Ka\u011fn\u0131c\u0131 \u0130nsanca Ya\u015famakt\u0131r Hayat Kitab\u0131{:}","breadcrumb":{"@id":"https:\/\/hayrettinkagnici.com\/tr\/insanca-yasamaktir-hayat\/#breadcrumb"},"inLanguage":"tr","potentialAction":[{"@type":"ReadAction","target":["https:\/\/hayrettinkagnici.com\/tr\/insanca-yasamaktir-hayat\/"]}]},{"@type":"ImageObject","inLanguage":"tr","@id":"https:\/\/hayrettinkagnici.com\/tr\/insanca-yasamaktir-hayat\/#primaryimage","url":"https:\/\/hayrettinkagnici.com\/wp-content\/uploads\/2025\/03\/insanca-yasamaktir-hayat-on-arka-kapak.jpg","contentUrl":"https:\/\/hayrettinkagnici.com\/wp-content\/uploads\/2025\/03\/insanca-yasamaktir-hayat-on-arka-kapak.jpg"},{"@type":"BreadcrumbList","@id":"https:\/\/hayrettinkagnici.com\/tr\/insanca-yasamaktir-hayat\/#breadcrumb","itemListElement":[{"@type":"ListItem","position":1,"name":"Ana sayfa","item":"https:\/\/hayrettinkagnici.com\/tr\/"},{"@type":"ListItem","position":2,"name":"Hayrettin Ka\u011fn\u0131c\u0131 &#8211; \u0130nsanca Ya\u015famakt\u0131r Hayat"}]},{"@type":"WebSite","@id":"https:\/\/hayrettinkagnici.com\/tr\/#website","url":"https:\/\/hayrettinkagnici.com\/tr\/","name":"Hayrettin Ka\u011fn\u0131c\u0131 Resmi Web Sitesi","description":"hayrettinkagnici.com","potentialAction":[{"@type":"SearchAction","target":{"@type":"EntryPoint","urlTemplate":"https:\/\/hayrettinkagnici.com\/tr\/?s={search_term_string}"},"query-input":{"@type":"PropertyValueSpecification","valueRequired":true,"valueName":"search_term_string"}}],"inLanguage":"tr"}]}},"_links":{"self":[{"href":"https:\/\/hayrettinkagnici.com\/tr\/wp-json\/wp\/v2\/pages\/15921","targetHints":{"allow":["GET"]}}],"collection":[{"href":"https:\/\/hayrettinkagnici.com\/tr\/wp-json\/wp\/v2\/pages"}],"about":[{"href":"https:\/\/hayrettinkagnici.com\/tr\/wp-json\/wp\/v2\/types\/page"}],"author":[{"embeddable":true,"href":"https:\/\/hayrettinkagnici.com\/tr\/wp-json\/wp\/v2\/users\/1"}],"replies":[{"embeddable":true,"href":"https:\/\/hayrettinkagnici.com\/tr\/wp-json\/wp\/v2\/comments?post=15921"}],"version-history":[{"count":46,"href":"https:\/\/hayrettinkagnici.com\/tr\/wp-json\/wp\/v2\/pages\/15921\/revisions"}],"predecessor-version":[{"id":16271,"href":"https:\/\/hayrettinkagnici.com\/tr\/wp-json\/wp\/v2\/pages\/15921\/revisions\/16271"}],"wp:attachment":[{"href":"https:\/\/hayrettinkagnici.com\/tr\/wp-json\/wp\/v2\/media?parent=15921"}],"curies":[{"name":"wp","href":"https:\/\/api.w.org\/{rel}","templated":true}]}}