{"id":15125,"date":"2023-07-28T01:21:40","date_gmt":"2023-07-27T22:21:40","guid":{"rendered":"https:\/\/hayrettinkagnici.com\/tr\/?page_id=15125"},"modified":"2025-11-30T09:00:38","modified_gmt":"2025-11-30T06:00:38","slug":"kitaplarim","status":"publish","type":"page","link":"https:\/\/hayrettinkagnici.com\/tr\/kitaplarim\/","title":{"rendered":"Kitaplar\u0131m"},"content":{"rendered":"<p>[ls_divider type=&#8221;dotted&#8221; color=&#8221;grey&#8221;]<\/p>\n<p>[one_third_first] <a href=\"https:\/\/hayrettinkagnici.com\/tr\/insan-boyle-bir-sey\/\"><img fetchpriority=\"high\" decoding=\"async\" class=\"alignnone wp-image-15126\" src=\"https:\/\/hayrettinkagnici.com\/wp-content\/uploads\/2023\/07\/insan-boyle-birsey-192x300.jpg\" alt=\"\" width=\"300\" height=\"469\" srcset=\"https:\/\/hayrettinkagnici.com\/wp-content\/uploads\/2023\/07\/insan-boyle-birsey-192x300.jpg 192w, https:\/\/hayrettinkagnici.com\/wp-content\/uploads\/2023\/07\/insan-boyle-birsey-80x126.jpg 80w, https:\/\/hayrettinkagnici.com\/wp-content\/uploads\/2023\/07\/insan-boyle-birsey.jpg 383w\" sizes=\"(max-width: 300px) 100vw, 300px\" \/><\/a> [\/one_third_first][one_third] <a href=\"https:\/\/hayrettinkagnici.com\/tr\/insanca-yasamaktir-hayat\/\" target=\"_blank\" rel=\"noopener noreferrer\"><img decoding=\"async\" class=\"alignnone wp-image-15127\" src=\"https:\/\/hayrettinkagnici.com\/wp-content\/uploads\/2023\/07\/insanca-yasamaktir-hayat-192x300.jpeg\" alt=\"\" width=\"300\" height=\"469\" srcset=\"https:\/\/hayrettinkagnici.com\/wp-content\/uploads\/2023\/07\/insanca-yasamaktir-hayat-192x300.jpeg 192w, https:\/\/hayrettinkagnici.com\/wp-content\/uploads\/2023\/07\/insanca-yasamaktir-hayat-656x1024.jpeg 656w, https:\/\/hayrettinkagnici.com\/wp-content\/uploads\/2023\/07\/insanca-yasamaktir-hayat-700x1093.jpeg 700w, https:\/\/hayrettinkagnici.com\/wp-content\/uploads\/2023\/07\/insanca-yasamaktir-hayat-81x126.jpeg 81w, https:\/\/hayrettinkagnici.com\/wp-content\/uploads\/2023\/07\/insanca-yasamaktir-hayat.jpeg 716w\" sizes=\"(max-width: 300px) 100vw, 300px\" \/><\/a> [\/one_third][one_third_last] <a href=\"https:\/\/hayrettinkagnici.com\/tr\/hayrettin-kagnici-muslumanliga-yon-verenler\/\"><img decoding=\"async\" class=\"alignnone wp-image-15968\" src=\"https:\/\/hayrettinkagnici.com\/wp-content\/uploads\/2025\/03\/muslumanliga-yon-verenler-192x300.jpg\" alt=\"\" width=\"300\" height=\"469\" srcset=\"https:\/\/hayrettinkagnici.com\/wp-content\/uploads\/2025\/03\/muslumanliga-yon-verenler-192x300.jpg 192w, https:\/\/hayrettinkagnici.com\/wp-content\/uploads\/2025\/03\/muslumanliga-yon-verenler-81x126.jpg 81w, https:\/\/hayrettinkagnici.com\/wp-content\/uploads\/2025\/03\/muslumanliga-yon-verenler.jpg 492w\" sizes=\"(max-width: 300px) 100vw, 300px\" \/><\/a> [\/one_third_last]<\/p>\n<p>[ls_divider type=&#8221;dotted&#8221; color=&#8221;grey&#8221;]<\/p>","protected":false},"excerpt":{"rendered":"<p>[ls_divider type=&#8221;dotted&#8221; color=&#8221;grey&#8221;] [one_third_first] [\/one_third_first][one_third] [\/one_third][one_third_last] [\/one_third_last] [ls_divider type=&#8221;dotted&#8221; color=&#8221;grey&#8221;]<\/p>\n","protected":false},"author":1,"featured_media":0,"parent":0,"menu_order":0,"comment_status":"closed","ping_status":"closed","template":"","meta":{"footnotes":""},"class_list":["post-15125","page","type-page","status-publish","hentry"],"yoast_head":"<!-- This site is optimized with the Yoast SEO plugin v24.8.1 - https:\/\/yoast.com\/wordpress\/plugins\/seo\/ -->\n<title>Kitaplar\u0131m - Hayrettin Ka\u011fn\u0131c\u0131 Resmi Web Sitesi<\/title>\n<meta name=\"robots\" content=\"index, follow, max-snippet:-1, max-image-preview:large, max-video-preview:-1\" \/>\n<link rel=\"canonical\" href=\"https:\/\/hayrettinkagnici.com\/tr\/kitaplarim\/\" \/>\n<meta property=\"og:locale\" content=\"tr_TR\" \/>\n<meta property=\"og:type\" content=\"article\" \/>\n<meta property=\"og:title\" content=\"Kitaplar\u0131m - Hayrettin Ka\u011fn\u0131c\u0131 Resmi Web Sitesi\" \/>\n<meta property=\"og:description\" content=\"[ls_divider type=&#8221;dotted&#8221; color=&#8221;grey&#8221;] [one_third_first] [\/one_third_first][one_third] [\/one_third][one_third_last] [\/one_third_last] [ls_divider type=&#8221;dotted&#8221; color=&#8221;grey&#8221;]\" \/>\n<meta property=\"og:url\" content=\"https:\/\/hayrettinkagnici.com\/tr\/kitaplarim\/\" \/>\n<meta property=\"og:site_name\" content=\"Hayrettin Ka\u011fn\u0131c\u0131 Resmi Web Sitesi\" \/>\n<meta property=\"article:modified_time\" content=\"2025-11-30T06:00:38+00:00\" \/>\n<meta property=\"og:image\" content=\"https:\/\/hayrettinkagnici.com\/wp-content\/uploads\/2023\/07\/insan-boyle-birsey.jpg\" \/>\n\t<meta property=\"og:image:width\" content=\"383\" \/>\n\t<meta property=\"og:image:height\" content=\"600\" \/>\n\t<meta property=\"og:image:type\" content=\"image\/jpeg\" \/>\n<meta name=\"twitter:card\" content=\"summary_large_image\" \/>\n<meta name=\"twitter:label1\" content=\"Tahmini okuma s\u00fcresi\" \/>\n\t<meta name=\"twitter:data1\" content=\"1 dakika\" \/>\n<script type=\"application\/ld+json\" class=\"yoast-schema-graph\">{\"@context\":\"https:\/\/schema.org\",\"@graph\":[{\"@type\":\"WebPage\",\"@id\":\"https:\/\/hayrettinkagnici.com\/tr\/kitaplarim\/\",\"url\":\"https:\/\/hayrettinkagnici.com\/tr\/kitaplarim\/\",\"name\":\"Kitaplar\u0131m - Hayrettin Ka\u011fn\u0131c\u0131 Resmi Web Sitesi\",\"isPartOf\":{\"@id\":\"https:\/\/hayrettinkagnici.com\/tr\/#website\"},\"primaryImageOfPage\":{\"@id\":\"https:\/\/hayrettinkagnici.com\/tr\/kitaplarim\/#primaryimage\"},\"image\":{\"@id\":\"https:\/\/hayrettinkagnici.com\/tr\/kitaplarim\/#primaryimage\"},\"thumbnailUrl\":\"https:\/\/hayrettinkagnici.com\/wp-content\/uploads\/2023\/07\/insan-boyle-birsey-192x300.jpg\",\"datePublished\":\"2023-07-27T22:21:40+00:00\",\"dateModified\":\"2025-11-30T06:00:38+00:00\",\"breadcrumb\":{\"@id\":\"https:\/\/hayrettinkagnici.com\/tr\/kitaplarim\/#breadcrumb\"},\"inLanguage\":\"tr\",\"potentialAction\":[{\"@type\":\"ReadAction\",\"target\":[\"https:\/\/hayrettinkagnici.com\/tr\/kitaplarim\/\"]}]},{\"@type\":\"ImageObject\",\"inLanguage\":\"tr\",\"@id\":\"https:\/\/hayrettinkagnici.com\/tr\/kitaplarim\/#primaryimage\",\"url\":\"https:\/\/hayrettinkagnici.com\/wp-content\/uploads\/2023\/07\/insan-boyle-birsey-192x300.jpg\",\"contentUrl\":\"https:\/\/hayrettinkagnici.com\/wp-content\/uploads\/2023\/07\/insan-boyle-birsey-192x300.jpg\"},{\"@type\":\"BreadcrumbList\",\"@id\":\"https:\/\/hayrettinkagnici.com\/tr\/kitaplarim\/#breadcrumb\",\"itemListElement\":[{\"@type\":\"ListItem\",\"position\":1,\"name\":\"Ana sayfa\",\"item\":\"https:\/\/hayrettinkagnici.com\/tr\/\"},{\"@type\":\"ListItem\",\"position\":2,\"name\":\"Kitaplar\u0131m\"}]},{\"@type\":\"WebSite\",\"@id\":\"https:\/\/hayrettinkagnici.com\/tr\/#website\",\"url\":\"https:\/\/hayrettinkagnici.com\/tr\/\",\"name\":\"Hayrettin Ka\u011fn\u0131c\u0131 Resmi Web Sitesi\",\"description\":\"hayrettinkagnici.com\",\"potentialAction\":[{\"@type\":\"SearchAction\",\"target\":{\"@type\":\"EntryPoint\",\"urlTemplate\":\"https:\/\/hayrettinkagnici.com\/tr\/?s={search_term_string}\"},\"query-input\":{\"@type\":\"PropertyValueSpecification\",\"valueRequired\":true,\"valueName\":\"search_term_string\"}}],\"inLanguage\":\"tr\"}]}<\/script>\n<!-- \/ Yoast SEO plugin. -->","yoast_head_json":{"title":"Kitaplar\u0131m - Hayrettin Ka\u011fn\u0131c\u0131 Resmi Web Sitesi","robots":{"index":"index","follow":"follow","max-snippet":"max-snippet:-1","max-image-preview":"max-image-preview:large","max-video-preview":"max-video-preview:-1"},"canonical":"https:\/\/hayrettinkagnici.com\/tr\/kitaplarim\/","og_locale":"tr_TR","og_type":"article","og_title":"Kitaplar\u0131m - Hayrettin Ka\u011fn\u0131c\u0131 Resmi Web Sitesi","og_description":"[ls_divider type=&#8221;dotted&#8221; color=&#8221;grey&#8221;] [one_third_first] [\/one_third_first][one_third] [\/one_third][one_third_last] [\/one_third_last] [ls_divider type=&#8221;dotted&#8221; color=&#8221;grey&#8221;]","og_url":"https:\/\/hayrettinkagnici.com\/tr\/kitaplarim\/","og_site_name":"Hayrettin Ka\u011fn\u0131c\u0131 Resmi Web Sitesi","article_modified_time":"2025-11-30T06:00:38+00:00","og_image":[{"width":383,"height":600,"url":"https:\/\/hayrettinkagnici.com\/wp-content\/uploads\/2023\/07\/insan-boyle-birsey.jpg","type":"image\/jpeg"}],"twitter_card":"summary_large_image","twitter_misc":{"Tahmini okuma s\u00fcresi":"1 dakika"},"schema":{"@context":"https:\/\/schema.org","@graph":[{"@type":"WebPage","@id":"https:\/\/hayrettinkagnici.com\/tr\/kitaplarim\/","url":"https:\/\/hayrettinkagnici.com\/tr\/kitaplarim\/","name":"Kitaplar\u0131m - Hayrettin Ka\u011fn\u0131c\u0131 Resmi Web Sitesi","isPartOf":{"@id":"https:\/\/hayrettinkagnici.com\/tr\/#website"},"primaryImageOfPage":{"@id":"https:\/\/hayrettinkagnici.com\/tr\/kitaplarim\/#primaryimage"},"image":{"@id":"https:\/\/hayrettinkagnici.com\/tr\/kitaplarim\/#primaryimage"},"thumbnailUrl":"https:\/\/hayrettinkagnici.com\/wp-content\/uploads\/2023\/07\/insan-boyle-birsey-192x300.jpg","datePublished":"2023-07-27T22:21:40+00:00","dateModified":"2025-11-30T06:00:38+00:00","breadcrumb":{"@id":"https:\/\/hayrettinkagnici.com\/tr\/kitaplarim\/#breadcrumb"},"inLanguage":"tr","potentialAction":[{"@type":"ReadAction","target":["https:\/\/hayrettinkagnici.com\/tr\/kitaplarim\/"]}]},{"@type":"ImageObject","inLanguage":"tr","@id":"https:\/\/hayrettinkagnici.com\/tr\/kitaplarim\/#primaryimage","url":"https:\/\/hayrettinkagnici.com\/wp-content\/uploads\/2023\/07\/insan-boyle-birsey-192x300.jpg","contentUrl":"https:\/\/hayrettinkagnici.com\/wp-content\/uploads\/2023\/07\/insan-boyle-birsey-192x300.jpg"},{"@type":"BreadcrumbList","@id":"https:\/\/hayrettinkagnici.com\/tr\/kitaplarim\/#breadcrumb","itemListElement":[{"@type":"ListItem","position":1,"name":"Ana sayfa","item":"https:\/\/hayrettinkagnici.com\/tr\/"},{"@type":"ListItem","position":2,"name":"Kitaplar\u0131m"}]},{"@type":"WebSite","@id":"https:\/\/hayrettinkagnici.com\/tr\/#website","url":"https:\/\/hayrettinkagnici.com\/tr\/","name":"Hayrettin Ka\u011fn\u0131c\u0131 Resmi Web Sitesi","description":"hayrettinkagnici.com","potentialAction":[{"@type":"SearchAction","target":{"@type":"EntryPoint","urlTemplate":"https:\/\/hayrettinkagnici.com\/tr\/?s={search_term_string}"},"query-input":{"@type":"PropertyValueSpecification","valueRequired":true,"valueName":"search_term_string"}}],"inLanguage":"tr"}]}},"_links":{"self":[{"href":"https:\/\/hayrettinkagnici.com\/tr\/wp-json\/wp\/v2\/pages\/15125","targetHints":{"allow":["GET"]}}],"collection":[{"href":"https:\/\/hayrettinkagnici.com\/tr\/wp-json\/wp\/v2\/pages"}],"about":[{"href":"https:\/\/hayrettinkagnici.com\/tr\/wp-json\/wp\/v2\/types\/page"}],"author":[{"embeddable":true,"href":"https:\/\/hayrettinkagnici.com\/tr\/wp-json\/wp\/v2\/users\/1"}],"replies":[{"embeddable":true,"href":"https:\/\/hayrettinkagnici.com\/tr\/wp-json\/wp\/v2\/comments?post=15125"}],"version-history":[{"count":23,"href":"https:\/\/hayrettinkagnici.com\/tr\/wp-json\/wp\/v2\/pages\/15125\/revisions"}],"predecessor-version":[{"id":16273,"href":"https:\/\/hayrettinkagnici.com\/tr\/wp-json\/wp\/v2\/pages\/15125\/revisions\/16273"}],"wp:attachment":[{"href":"https:\/\/hayrettinkagnici.com\/tr\/wp-json\/wp\/v2\/media?parent=15125"}],"curies":[{"name":"wp","href":"https:\/\/api.w.org\/{rel}","templated":true}]}}