{"id":15,"date":"2015-02-20T21:19:36","date_gmt":"2015-02-20T21:19:36","guid":{"rendered":"http:\/\/zyra.progressionstudios.com\/?page_id=15"},"modified":"2026-01-11T13:47:45","modified_gmt":"2026-01-11T10:47:45","slug":"hakkimda","status":"publish","type":"page","link":"https:\/\/hayrettinkagnici.com\/tr\/hakkimda\/","title":{"rendered":"Hakk\u0131mda"},"content":{"rendered":"<p><a href=\"http:\/\/site.hayrettinkagnici.com\/wp-content\/uploads\/2015\/12\/hayrettin_kagnici_logo.jpg\"><img fetchpriority=\"high\" decoding=\"async\" class=\"alignnone wp-image-1144\" src=\"http:\/\/site.hayrettinkagnici.com\/wp-content\/uploads\/2015\/12\/hayrettin_kagnici_logo.jpg\" alt=\"hayrettin_kagnici_logo\" width=\"1053\" height=\"121\" srcset=\"https:\/\/hayrettinkagnici.com\/wp-content\/uploads\/2015\/12\/hayrettin_kagnici_logo.jpg 870w, https:\/\/hayrettinkagnici.com\/wp-content\/uploads\/2015\/12\/hayrettin_kagnici_logo-300x34.jpg 300w, https:\/\/hayrettinkagnici.com\/wp-content\/uploads\/2015\/12\/hayrettin_kagnici_logo-700x80.jpg 700w, https:\/\/hayrettinkagnici.com\/wp-content\/uploads\/2015\/12\/hayrettin_kagnici_logo-200x23.jpg 200w\" sizes=\"(max-width: 1053px) 100vw, 1053px\" \/><\/a><\/p>\n<p><img decoding=\"async\" class=\"alignright wp-image-1139 size-medium\" src=\"http:\/\/www.hayrettinkagnici.com\/wp-content\/uploads\/2015\/02\/20110813_0474-7-200x300.jpg\" sizes=\"(max-width: 200px) 100vw, 200px\" srcset=\"http:\/\/www.hayrettinkagnici.com\/wp-content\/uploads\/2015\/02\/20110813_0474-7-200x300.jpg 200w, http:\/\/www.hayrettinkagnici.com\/wp-content\/uploads\/2015\/02\/20110813_0474-7-84x126.jpg 84w\" alt=\"Hayrettin Ka\u011fn\u0131c\u0131\" width=\"200\" height=\"300\" \/><\/p>\n<p>Makine Y\u00fcksek m\u00fchendislik e\u011fitiminden sonra kendi firmas\u0131n\u0131 kurarak i\u015f hayat\u0131na at\u0131lm\u0131\u015f, CNC\u00a0 \u00a0kontroll\u00fc sanayi makineleri konusunda uzun y\u0131llar sekt\u00f6rde hizmet vermi\u015f, \u00f6zellikle \u00e7eliklerin kesilmesi ve \u015fekil verilmesi konular\u0131nda gerek pratik gerekse teorik olarak uzmanla\u015fm\u0131\u015ft\u0131r. E\u011fitim kurumlar\u0131nda ve bir\u00e7ok firmada konu ile ilgili uzmanl\u0131k e\u011fitimleri vermi\u015f makaleler yay\u0131nlam\u0131\u015ft\u0131r. Mesleki hayat\u0131nda \u015firket politikas\u0131 olarak \u201ckesemeyece\u011fimiz hi\u00e7bir \u015fey yoktur\u201d ve \u201chedefimiz rekabet g\u00fcc\u00fcn\u00fcz\u00fc artt\u0131rmakt\u0131r\u201d slogan ve prensipleri ile sekt\u00f6rde \u00f6nc\u00fc olmu\u015ftur.<\/p>\n<p>\u00dclke geli\u015fmesinde sivil toplum \u00f6rg\u00fctlerinin \u00e7ok \u00f6nemli oldu\u011funa inanm\u0131\u015f ve \u00fcniversite y\u0131llar\u0131ndan itibaren bir\u00e7ok sivil toplum kurulu\u015funda aktif olarak g\u00f6rev alm\u0131\u015ft\u0131r. Bunlar\u0131n i\u00e7inde \u00f6nemlileri, T\u00dcG\u0130AD (T\u00fcrkiye Gen\u00e7 \u0130\u015f adamlar\u0131 derne\u011fi), Beyaz Nokta Temiz Toplum Temiz Siyaset derne\u011fi, T\u0130AD (Tak\u0131m Tezg\u00e2hlar\u0131 \u0130\u015f Adamlar\u0131 derne\u011fi), Rotary derne\u011fi\u00a0yan\u0131 s\u0131ra sosyal i\u00e7erikli bir\u00e7ok kurumda g\u00f6rev alm\u0131\u015ft\u0131r.<\/p>\n<p>Profesyonel i\u015f hayat\u0131n\u0131n yan\u0131 s\u0131ra, y\u0131llardan beri s\u00fcregelen seyahat etme ve foto\u011fraf \u00e7ekme tutkusunu \u00f6nceleri \u201cf\u0131rsat bulduk\u00e7a\u201d diye nitelerken, sonralar\u0131 bu tutkusuna daha fazla zaman ay\u0131rmaya ba\u015flam\u0131\u015ft\u0131r. Hayrettin Ka\u011fn\u0131c\u0131 120 \u00fcn \u00fczerinde gezdi\u011fi \u00fclkelerde, farkl\u0131 k\u00fclt\u00fcrlerdeki ya\u015famlar\u0131 ve bu ya\u015famlar\u0131n temel unsuru ola \u201cinsan\u201d\u0131 foto\u011fraflar\u0131nda yans\u0131tmaya al\u0131\u015fm\u0131\u015ft\u0131r. B\u00fct\u00fcn insanlar\u0131n esasta ayn\u0131 biyolojik \u00f6zellikler de olmas\u0131, h\u0131rs, sevin\u00e7, g\u00fclme, a\u011flama, mutluluk \u00e7o\u011falma gibi temel duygu ve davran\u0131\u015flar\u0131n benzer olmas\u0131na kar\u015f\u0131n, \u00e7evre ve k\u00fclt\u00fcr farkl\u0131l\u0131klar\u0131 ile sonradan kazan\u0131lan de\u011ferlerin, toplumlar\u0131 ayr\u0131\u015ft\u0131racak kadar karma\u015f\u0131k ve ters olmas\u0131 dikkatini \u00e7ekmi\u015ftir. Bu antropolojik g\u00f6zlemlerini de foto\u011fraflara yans\u0131tmaya \u00e7al\u0131\u015fm\u0131\u015ft\u0131r.\u00a0 Yani, bir toplumda kutsal ve mutlak olan bir de\u011fer ba\u015fka yerde bir \u015fey ifade etmemekte, birisi i\u00e7in iyi, g\u00fczel olan bir ba\u015fka yerde tam aksi k\u00f6t\u00fc ve \u00e7irkin olabilmekte.<\/p>\n<p>K\u00fclt\u00fcrleri yaratan insan\u0131, farkl\u0131 ortamlarda foto\u011fraflamaya \u00e7al\u0131\u015f\u0131p g\u00f6zlemlerini de \u201cgezi notlar\u0131\u201d olarak payla\u015fmaktad\u0131r.<\/p>\n<p>\u00dclkeleri \u00f6nemli yapan de\u011ferler, o topraklarda olu\u015fan medeniyetler, uygarl\u0131k ve k\u00fclt\u00fcrlerdir. Bunlar\u0131 yaratan var eden temel kaynak da insand\u0131r. Ge\u00e7mi\u015fte insanlar\u0131n yaratt\u0131\u011f\u0131 eserler ile o d\u00f6nemler hakk\u0131nda bilgi ediniyoruz. Bug\u00fcn bile baz\u0131 eserler yap\u0131ld\u0131\u011f\u0131 d\u00f6nem dikkate al\u0131nd\u0131\u011f\u0131nda bizleri hayrete d\u00fc\u015f\u00fcrmekte. M\u0131s\u0131r piramitleri, \u0130nka ve Maya Medeniyetlerinden kalan eserler gibi. B\u00fct\u00fcn tarihi eserler \u00f6nemlidir, ancak baz\u0131lar\u0131 \u00e7ok daha \u00f6nemlidir. \u0130\u015fte bu eserler Unesco taraf\u0131ndan D\u00fcnya Miras\u0131 olarak ilan edilmi\u015f ve koruma alt\u0131na al\u0131nm\u0131\u015flard\u0131r. Bug\u00fcn T\u00fcrkiye de Unesco d\u00fcnya Miras\u0131 listesinde 19 tarihi varl\u0131k bulunmaktad\u0131r, 100 \u00fcn \u00fczerinde tarihi varl\u0131k da aday listesindedir. Gezilerinde i\u00e7inde insan oldu\u011fu i\u00e7in Unesco D\u00fcnya miras\u0131nda olan yerleri tercih etmektedir.<\/p>\n<p>2015 y\u0131l\u0131nda farkl\u0131 \u015fehirler de a\u00e7t\u0131\u011f\u0131 \u201c<strong>D\u00fcnya Miras\u0131 ve \u0130nsan<\/strong>\u201d konu foto\u011fraf sergisi ile d\u00fcnya da 21 \u00fclkedeki Unesco D\u00fcnya Miras listesinde olan k\u00fclt\u00fcrel de\u011ferleri sergilemi\u015ftir.<\/p>\n<p>2017 y\u0131l\u0131nda\u201d <strong>Mo\u011folistan ve Alt\u0131n Kartallar<\/strong>\u201d konulu foto\u011fraf sergisi a\u00e7m\u0131\u015ft\u0131r. \u0130fsak, \u0130stanbul Foto\u011fraf\u00e7\u0131lar derne\u011fimde karma sergilere kat\u0131lm\u0131\u015f, kat\u0131ld\u0131\u011f\u0131 ulusal ve uluslararas\u0131 foto\u011fraf yar\u0131\u015fmalar\u0131nda dereceler alm\u0131\u015ft\u0131r. Ayr\u0131ca foto\u011fraflad\u0131\u011f\u0131 \u00fclkeler hakk\u0131nda bir\u00e7ok yerde foto\u011fraf sunumu ve s\u00f6yle\u015filer yapmaktad\u0131r.<\/p>\n<p>Kas\u0131m 2022 tarihinde\u00a0siyah- beyaz olarak d\u00fczenlenmi\u015f 38 \u00fclkeden farkl\u0131 insanlar\u0131n gelenek ve k\u00fclt\u00fcrlerini yans\u0131tan 54 foto\u011fraf ile <strong>\u201c\u0130nsan B\u00f6yle Bir \u015eey\u201d <\/strong>konulu foto\u011fraf sergisini \u0130stanbul, Cadde Bostan k\u00fclt\u00fcr Merkezinde a\u00e7m\u0131\u015ft\u0131r. Kad\u0131k\u00f6y belediye ba\u015fkan\u0131n\u0131n da ziyaret etti\u011fi foto\u011fraf sergisi bir\u00e7ok yay\u0131n ve sosyal medyada be\u011feni kazanm\u0131\u015ft\u0131r.<\/p>\n<p>K\u00fclt\u00fcrleri ve medeniyetleri yaratan insan\u0131, farkl\u0131 ortamlarda foto\u011fraflamaya \u00e7al\u0131\u015f\u0131p g\u00f6zlemlerini ve foto\u011fraflar\u0131n\u0131 web sitesinde payla\u015fmaktad\u0131r.<\/p>\n<p>Hayrettin Ka\u011fn\u0131c\u0131 2021 y\u0131l\u0131nda yazd\u0131\u011f\u0131<strong> \u201c\u0130nsan B\u00f6yle Bir \u015eey\u201d <\/strong>isimli kitab\u0131nda; \u0130nsanl\u0131k tarihinde ilk olarak tanr\u0131, din ve inan\u00e7 kavramlar\u0131n\u0131n ilk olarak nas\u0131l ve nerede olu\u015ftu\u011funu, dinlerin nas\u0131l kabul g\u00f6rd\u00fc\u011f\u00fcn\u00fc ve din \u00fczerinden toplumlar\u0131n nas\u0131l kontrol edilebildi\u011fini, Paganizim, \u00e7ok tanr\u0131l\u0131 ve tek tanr\u0131l\u0131 dinleri, gelecekte hayat\u0131m\u0131z\u0131n vazge\u00e7ilmezleri olacak yar\u0131 insan yar\u0131 makine sayborglar ile insan\u0131ms\u0131 robotlar androidleri, robotla\u015fan d\u00fcnyam\u0131zda \u201cbizlerin hali ne olacak?\u201d Konular\u0131 i\u015flemi\u015f ve payla\u015fm\u0131\u015ft\u0131r.<\/p>\n<p>2023 y\u0131l\u0131nda yazd\u0131\u011f\u0131, <strong>\u201c\u0130nsanca Ya\u015famakt\u0131r Hayat\u201d\u00a0 <\/strong>isimli kab\u0131nda; \u0130slam co\u011frafyas\u0131nda ya\u015fanan karga\u015fan\u0131n, yoksulluklar\u0131n, sava\u015flar\u0131n nedenleri \u00fczerinde \u00e7al\u0131\u015fmalar yapm\u0131\u015f, yap\u0131lan istatistikler sonucunda \u00f6ld\u00fcr\u00fclen 10 M\u00fcsl\u00fcmanda 8\u2019nin bir ba\u015fka M\u00fcsl\u00fcman taraf\u0131ndan \u00f6ld\u00fcr\u00fcld\u00fc\u011f\u00fc sonucundan M\u00fcsl\u00fcmanlar\u0131n neden birbirlerini \u00f6ld\u00fcrd\u00fckleri hakk\u0131nda yorumlar\u0131n\u0131 yazm\u0131\u015ft\u0131r. Ancak, daha \u00f6nemlisi beynimizin nas\u0131l bir sistem do\u011frultusunda \u00e7al\u0131\u015ft\u0131\u011f\u0131n\u0131 ve bunu do\u011fru anlamazsak sorular\u0131n \u00e7o\u011funun yeterince anla\u015f\u0131l\u0131r olmayaca\u011f\u0131n\u0131 belirtmi\u015ftir. D\u00fcnyadaki, b\u00fct\u00fcn insanlar\u0131n do\u011fu\u015ftan ayn\u0131 biyolojik donan\u0131ma sahip ve ayn\u0131 oto kontrol sistem ile ayn\u0131 davran\u0131\u015flarda bulunmas\u0131, olaylara ayn\u0131 tepki vermesine yani ayn\u0131 i\u015fletim sisteminde olmas\u0131na kar\u015f\u0131n, ya\u015fanan co\u011frafyaya ba\u011fl\u0131 olarak, ya\u015fam s\u00fcrecince haricen beynimize y\u00fckledi\u011fimiz farkl\u0131 gelenek, k\u00fclt\u00fcr ve inan\u00e7lar sonucunda neden birbirimizden bu kadar farkl\u0131 oldu\u011fumuz, birbirimizi \u00f6ld\u00fc\u011f\u00fcm\u00fcz konular\u0131 \u00fczerinde durmu\u015ftur.<\/p>\n<p>2025 y\u0131l\u0131nda yazd\u0131\u011f\u0131,<strong> \u201cM\u00fcsl\u00fcmanl\u0131\u011fa Y\u00f6n Verenler\u201d <\/strong>isimli kitab\u0131nda; beynimizi haricen nas\u0131l y\u00f6nlendirildi\u011fini ve sonucunda toplumlar\u0131n nas\u0131l istenilen do\u011frultuda y\u00f6nlendirildiklerini, bu konuda en fazla M\u00fcsl\u00fcmanlar\u0131n nas\u0131l y\u00f6nlendirildi\u011fini ve kontrol alt\u0131na al\u0131nd\u0131\u011f\u0131 hakk\u0131nda yorumlar\u0131n\u0131 yazm\u0131\u015ft\u0131r. Beynimizin s\u00fcre\u00e7 i\u00e7inde nas\u0131l \u015fartland\u0131r\u0131ld\u0131\u011f\u0131n\u0131 istenilen do\u011frultuda y\u00f6nlendirildi\u011fini ve bu konuda yap\u0131lan \u00e7al\u0131\u015fmalar\u0131 belgelerle belirtmi\u015ftir.<\/p>\n<p>2025 y\u0131l\u0131nda <strong>\u201cOrtado\u011fu\u2019da M\u00fcsl\u00fcmanl\u0131k \u00c7\u00f6kertiliyor mu\u201d<\/strong> ba\u015fl\u0131kl\u0131 kitab\u0131 ile Ortado\u011fu\u2019da M\u00fcsl\u00fcman devletlerin nas\u0131l y\u00f6nlendirilerek \u00e7\u00f6kertildi\u011fini, par\u00e7aland\u0131\u011f\u0131n\u0131 ve ulus kimliklerinin yok edildikleri konusundaki ara\u015ft\u0131rmalar\u0131n\u0131 payla\u015fm\u0131\u015ft\u0131r.<\/p>\n<p>Hayat felsefesi olarak;<\/p>\n<p><strong><em>\u201cFelsefe ve matematik bilmiyorsan hayat\u0131 anlayamazs\u0131n\u201d<\/em><\/strong><\/p>\n<p><strong><em>\u201cBeyninin nas\u0131l \u00e7al\u0131\u015ft\u0131\u011f\u0131n\u0131 bilmiyorsan, insan ve davran\u0131\u015flar\u0131n\u0131 anlayamazs\u0131n\u201d<\/em><\/strong><\/p>\n<p>\u0130fadelerini benimseni\u015ftir.<\/p>\n<p>Hayrettin Ka\u011fn\u0131c\u0131<\/p>\n<p><a href=\"http:\/\/www.hayrettinkagnici.com\">www.hayrettinkagnici.com<\/a><\/p>\n<p>&nbsp;<\/p>\n<p>[ls_button icon_right=&#8221;fa-envelope&#8221; color=&#8221;default&#8221; url=&#8221;iletisim&#8221; target=&#8221;_self&#8221; ]\u0130leti\u015fim[\/ls_button]<\/p>","protected":false},"excerpt":{"rendered":"<p>Makine Y\u00fcksek m\u00fchendislik e\u011fitiminden sonra kendi firmas\u0131n\u0131 kurarak i\u015f hayat\u0131na at\u0131lm\u0131\u015f, CNC\u00a0 \u00a0kontroll\u00fc sanayi makineleri konusunda uzun y\u0131llar sekt\u00f6rde hizmet vermi\u015f, \u00f6zellikle \u00e7eliklerin kesilmesi ve \u015fekil verilmesi konular\u0131nda gerek pratik gerekse teorik olarak uzmanla\u015fm\u0131\u015ft\u0131r. E\u011fitim kurumlar\u0131nda ve bir\u00e7ok firmada konu ile ilgili uzmanl\u0131k e\u011fitimleri vermi\u015f makaleler yay\u0131nlam\u0131\u015ft\u0131r. Mesleki hayat\u0131nda \u015firket politikas\u0131 olarak \u201ckesemeyece\u011fimiz hi\u00e7bir \u015fey [&hellip;]<\/p>\n","protected":false},"author":1,"featured_media":0,"parent":0,"menu_order":0,"comment_status":"open","ping_status":"open","template":"","meta":{"footnotes":""},"class_list":["post-15","page","type-page","status-publish","hentry"],"yoast_head":"<!-- This site is optimized with the Yoast SEO plugin v24.8.1 - https:\/\/yoast.com\/wordpress\/plugins\/seo\/ -->\n<title>Hakk\u0131mda - Hayrettin Ka\u011fn\u0131c\u0131 Resmi Web Sitesi<\/title>\n<meta name=\"robots\" content=\"index, follow, max-snippet:-1, max-image-preview:large, max-video-preview:-1\" \/>\n<link rel=\"canonical\" href=\"https:\/\/hayrettinkagnici.com\/tr\/hakkimda\/\" \/>\n<meta property=\"og:locale\" content=\"tr_TR\" \/>\n<meta property=\"og:type\" content=\"article\" \/>\n<meta property=\"og:title\" content=\"Hakk\u0131mda - Hayrettin Ka\u011fn\u0131c\u0131 Resmi Web Sitesi\" \/>\n<meta property=\"og:description\" content=\"Makine Y\u00fcksek m\u00fchendislik e\u011fitiminden sonra kendi firmas\u0131n\u0131 kurarak i\u015f hayat\u0131na at\u0131lm\u0131\u015f, CNC\u00a0 \u00a0kontroll\u00fc sanayi makineleri konusunda uzun y\u0131llar sekt\u00f6rde hizmet vermi\u015f, \u00f6zellikle \u00e7eliklerin kesilmesi ve \u015fekil verilmesi konular\u0131nda gerek pratik gerekse teorik olarak uzmanla\u015fm\u0131\u015ft\u0131r. E\u011fitim kurumlar\u0131nda ve bir\u00e7ok firmada konu ile ilgili uzmanl\u0131k e\u011fitimleri vermi\u015f makaleler yay\u0131nlam\u0131\u015ft\u0131r. Mesleki hayat\u0131nda \u015firket politikas\u0131 olarak \u201ckesemeyece\u011fimiz hi\u00e7bir \u015fey [&hellip;]\" \/>\n<meta property=\"og:url\" content=\"https:\/\/hayrettinkagnici.com\/tr\/hakkimda\/\" \/>\n<meta property=\"og:site_name\" content=\"Hayrettin Ka\u011fn\u0131c\u0131 Resmi Web Sitesi\" \/>\n<meta property=\"article:modified_time\" content=\"2026-01-11T10:47:45+00:00\" \/>\n<meta property=\"og:image\" content=\"https:\/\/hayrettinkagnici.com\/wp-content\/uploads\/2015\/12\/hayrettin_kagnici_logo.jpg\" \/>\n\t<meta property=\"og:image:width\" content=\"870\" \/>\n\t<meta property=\"og:image:height\" content=\"100\" \/>\n\t<meta property=\"og:image:type\" content=\"image\/jpeg\" \/>\n<meta name=\"twitter:card\" content=\"summary_large_image\" \/>\n<meta name=\"twitter:label1\" content=\"Tahmini okuma s\u00fcresi\" \/>\n\t<meta name=\"twitter:data1\" content=\"5 dakika\" \/>\n<script type=\"application\/ld+json\" class=\"yoast-schema-graph\">{\"@context\":\"https:\/\/schema.org\",\"@graph\":[{\"@type\":\"WebPage\",\"@id\":\"https:\/\/hayrettinkagnici.com\/tr\/hakkimda\/\",\"url\":\"https:\/\/hayrettinkagnici.com\/tr\/hakkimda\/\",\"name\":\"Hakk\u0131mda - Hayrettin Ka\u011fn\u0131c\u0131 Resmi Web Sitesi\",\"isPartOf\":{\"@id\":\"https:\/\/hayrettinkagnici.com\/tr\/#website\"},\"primaryImageOfPage\":{\"@id\":\"https:\/\/hayrettinkagnici.com\/tr\/hakkimda\/#primaryimage\"},\"image\":{\"@id\":\"https:\/\/hayrettinkagnici.com\/tr\/hakkimda\/#primaryimage\"},\"thumbnailUrl\":\"http:\/\/site.hayrettinkagnici.com\/wp-content\/uploads\/2015\/12\/hayrettin_kagnici_logo.jpg\",\"datePublished\":\"2015-02-20T21:19:36+00:00\",\"dateModified\":\"2026-01-11T10:47:45+00:00\",\"breadcrumb\":{\"@id\":\"https:\/\/hayrettinkagnici.com\/tr\/hakkimda\/#breadcrumb\"},\"inLanguage\":\"tr\",\"potentialAction\":[{\"@type\":\"ReadAction\",\"target\":[\"https:\/\/hayrettinkagnici.com\/tr\/hakkimda\/\"]}]},{\"@type\":\"ImageObject\",\"inLanguage\":\"tr\",\"@id\":\"https:\/\/hayrettinkagnici.com\/tr\/hakkimda\/#primaryimage\",\"url\":\"http:\/\/site.hayrettinkagnici.com\/wp-content\/uploads\/2015\/12\/hayrettin_kagnici_logo.jpg\",\"contentUrl\":\"http:\/\/site.hayrettinkagnici.com\/wp-content\/uploads\/2015\/12\/hayrettin_kagnici_logo.jpg\"},{\"@type\":\"BreadcrumbList\",\"@id\":\"https:\/\/hayrettinkagnici.com\/tr\/hakkimda\/#breadcrumb\",\"itemListElement\":[{\"@type\":\"ListItem\",\"position\":1,\"name\":\"Ana sayfa\",\"item\":\"https:\/\/hayrettinkagnici.com\/tr\/\"},{\"@type\":\"ListItem\",\"position\":2,\"name\":\"Hakk\u0131mda\"}]},{\"@type\":\"WebSite\",\"@id\":\"https:\/\/hayrettinkagnici.com\/tr\/#website\",\"url\":\"https:\/\/hayrettinkagnici.com\/tr\/\",\"name\":\"Hayrettin Ka\u011fn\u0131c\u0131 Resmi Web Sitesi\",\"description\":\"hayrettinkagnici.com\",\"potentialAction\":[{\"@type\":\"SearchAction\",\"target\":{\"@type\":\"EntryPoint\",\"urlTemplate\":\"https:\/\/hayrettinkagnici.com\/tr\/?s={search_term_string}\"},\"query-input\":{\"@type\":\"PropertyValueSpecification\",\"valueRequired\":true,\"valueName\":\"search_term_string\"}}],\"inLanguage\":\"tr\"}]}<\/script>\n<!-- \/ Yoast SEO plugin. -->","yoast_head_json":{"title":"Hakk\u0131mda - Hayrettin Ka\u011fn\u0131c\u0131 Resmi Web Sitesi","robots":{"index":"index","follow":"follow","max-snippet":"max-snippet:-1","max-image-preview":"max-image-preview:large","max-video-preview":"max-video-preview:-1"},"canonical":"https:\/\/hayrettinkagnici.com\/tr\/hakkimda\/","og_locale":"tr_TR","og_type":"article","og_title":"Hakk\u0131mda - Hayrettin Ka\u011fn\u0131c\u0131 Resmi Web Sitesi","og_description":"Makine Y\u00fcksek m\u00fchendislik e\u011fitiminden sonra kendi firmas\u0131n\u0131 kurarak i\u015f hayat\u0131na at\u0131lm\u0131\u015f, CNC\u00a0 \u00a0kontroll\u00fc sanayi makineleri konusunda uzun y\u0131llar sekt\u00f6rde hizmet vermi\u015f, \u00f6zellikle \u00e7eliklerin kesilmesi ve \u015fekil verilmesi konular\u0131nda gerek pratik gerekse teorik olarak uzmanla\u015fm\u0131\u015ft\u0131r. E\u011fitim kurumlar\u0131nda ve bir\u00e7ok firmada konu ile ilgili uzmanl\u0131k e\u011fitimleri vermi\u015f makaleler yay\u0131nlam\u0131\u015ft\u0131r. Mesleki hayat\u0131nda \u015firket politikas\u0131 olarak \u201ckesemeyece\u011fimiz hi\u00e7bir \u015fey [&hellip;]","og_url":"https:\/\/hayrettinkagnici.com\/tr\/hakkimda\/","og_site_name":"Hayrettin Ka\u011fn\u0131c\u0131 Resmi Web Sitesi","article_modified_time":"2026-01-11T10:47:45+00:00","og_image":[{"width":870,"height":100,"url":"https:\/\/hayrettinkagnici.com\/wp-content\/uploads\/2015\/12\/hayrettin_kagnici_logo.jpg","type":"image\/jpeg"}],"twitter_card":"summary_large_image","twitter_misc":{"Tahmini okuma s\u00fcresi":"5 dakika"},"schema":{"@context":"https:\/\/schema.org","@graph":[{"@type":"WebPage","@id":"https:\/\/hayrettinkagnici.com\/tr\/hakkimda\/","url":"https:\/\/hayrettinkagnici.com\/tr\/hakkimda\/","name":"Hakk\u0131mda - Hayrettin Ka\u011fn\u0131c\u0131 Resmi Web Sitesi","isPartOf":{"@id":"https:\/\/hayrettinkagnici.com\/tr\/#website"},"primaryImageOfPage":{"@id":"https:\/\/hayrettinkagnici.com\/tr\/hakkimda\/#primaryimage"},"image":{"@id":"https:\/\/hayrettinkagnici.com\/tr\/hakkimda\/#primaryimage"},"thumbnailUrl":"http:\/\/site.hayrettinkagnici.com\/wp-content\/uploads\/2015\/12\/hayrettin_kagnici_logo.jpg","datePublished":"2015-02-20T21:19:36+00:00","dateModified":"2026-01-11T10:47:45+00:00","breadcrumb":{"@id":"https:\/\/hayrettinkagnici.com\/tr\/hakkimda\/#breadcrumb"},"inLanguage":"tr","potentialAction":[{"@type":"ReadAction","target":["https:\/\/hayrettinkagnici.com\/tr\/hakkimda\/"]}]},{"@type":"ImageObject","inLanguage":"tr","@id":"https:\/\/hayrettinkagnici.com\/tr\/hakkimda\/#primaryimage","url":"http:\/\/site.hayrettinkagnici.com\/wp-content\/uploads\/2015\/12\/hayrettin_kagnici_logo.jpg","contentUrl":"http:\/\/site.hayrettinkagnici.com\/wp-content\/uploads\/2015\/12\/hayrettin_kagnici_logo.jpg"},{"@type":"BreadcrumbList","@id":"https:\/\/hayrettinkagnici.com\/tr\/hakkimda\/#breadcrumb","itemListElement":[{"@type":"ListItem","position":1,"name":"Ana sayfa","item":"https:\/\/hayrettinkagnici.com\/tr\/"},{"@type":"ListItem","position":2,"name":"Hakk\u0131mda"}]},{"@type":"WebSite","@id":"https:\/\/hayrettinkagnici.com\/tr\/#website","url":"https:\/\/hayrettinkagnici.com\/tr\/","name":"Hayrettin Ka\u011fn\u0131c\u0131 Resmi Web Sitesi","description":"hayrettinkagnici.com","potentialAction":[{"@type":"SearchAction","target":{"@type":"EntryPoint","urlTemplate":"https:\/\/hayrettinkagnici.com\/tr\/?s={search_term_string}"},"query-input":{"@type":"PropertyValueSpecification","valueRequired":true,"valueName":"search_term_string"}}],"inLanguage":"tr"}]}},"_links":{"self":[{"href":"https:\/\/hayrettinkagnici.com\/tr\/wp-json\/wp\/v2\/pages\/15","targetHints":{"allow":["GET"]}}],"collection":[{"href":"https:\/\/hayrettinkagnici.com\/tr\/wp-json\/wp\/v2\/pages"}],"about":[{"href":"https:\/\/hayrettinkagnici.com\/tr\/wp-json\/wp\/v2\/types\/page"}],"author":[{"embeddable":true,"href":"https:\/\/hayrettinkagnici.com\/tr\/wp-json\/wp\/v2\/users\/1"}],"replies":[{"embeddable":true,"href":"https:\/\/hayrettinkagnici.com\/tr\/wp-json\/wp\/v2\/comments?post=15"}],"version-history":[{"count":44,"href":"https:\/\/hayrettinkagnici.com\/tr\/wp-json\/wp\/v2\/pages\/15\/revisions"}],"predecessor-version":[{"id":16388,"href":"https:\/\/hayrettinkagnici.com\/tr\/wp-json\/wp\/v2\/pages\/15\/revisions\/16388"}],"wp:attachment":[{"href":"https:\/\/hayrettinkagnici.com\/tr\/wp-json\/wp\/v2\/media?parent=15"}],"curies":[{"name":"wp","href":"https:\/\/api.w.org\/{rel}","templated":true}]}}