{"id":16423,"date":"2026-05-08T06:47:52","date_gmt":"2026-05-08T03:47:52","guid":{"rendered":"https:\/\/hayrettinkagnici.com\/tr\/?page_id=16423"},"modified":"2026-05-08T18:41:40","modified_gmt":"2026-05-08T15:41:40","slug":"orta-dogunun-zihin-haritasi","status":"publish","type":"page","link":"https:\/\/hayrettinkagnici.com\/en\/the-mind-map-of-the-middle-east\/","title":{"rendered":"The Mind Map of the Middle East"},"content":{"rendered":"<p>[ls_tabgroup][ls_tab title=&#8221;Front&#8221;]<br \/>\n<img decoding=\"async\" class=\"alignnone wp-image-15999 size-full\" src=\"\/wp-content\/uploads\/2026\/05\/IMG-20260330-WA0052-11-1-copyu1.jpg\" alt=\"\" width=\"1024\" height=\"746\" \/><\/p>\n<p>[\/ls_tab][ls_tab title=&#8221;Back Cover Summary&#8221;]<\/p>\n<p>Dear Friends,<\/p>\n<p>I am pleased to share with you my fourth book, titled &#8220;The Mind Map of the Middle East,&#8221; a project I have been working on for a long time. In this book, which aims to help you understand what kind of world order we have become players in as the darkness begins to fade, I have attempted to clearly explain how our brains function as a mathematical model and how we are being manipulated.<\/p>\n<p>&#8220;At first, we didn&#8217;t fully grasp what globalization was; it sounded pleasing to the ear, and we followed its trail. As time passed, we realized that as the world integrated, it shrank; as it shrank, it worsened, and we recognized the magnitude of the devil within. We couldn&#8217;t quite understand this devil at first, but it was far different from its predecessors\u2014much larger and, worst of all, it turned out that the devil was simply &#8216;the powerful.&#8217;<\/p>\n<p>As the devil grew stronger, some served their actions, projects, and rules\u2014either knowingly or unknowingly\u2014helping them grow even larger, stronger, and more dominant over everything. Some became slaves to them and gained great advantages; we called them the lackeys or dogs of imperialists. And eventually, we realized that the world&#8217;s greatest terrorist is America.&#8221;<\/p>\n<p>The vast majority of the world&#8217;s population has become impoverished; poverty and misery have escalated. Injustice, the seizure of others&#8217; property and lands, bombings, killings, immorality, and events that humiliate human dignity have begun to be normalized. The global capitalist system began to operate through the framework established by imperialists; the strong grew even stronger, and the rules set by the powerful began to be enforced, ensuring everything aligned with their interests.<\/p>\n<p>In reality, it was a familiar system used since the dawn of humanity: &#8220;divide and rule.&#8221; This system began to be implemented in its most advanced form. In regions of geopolitical importance and wealth, the foundations for wars, massacres, and genocides\u2014destined to last for years\u2014were laid, and games were set in motion. Strategic maneuvers and projects were established via Ukraine to seize the Asian geography, and via Israel to seize the Middle Eastern geography, triggering wars that could signal the end of the world. Consequently, the collapse of capitalism has begun; we are at the dawn of a new, yet unnamed order that will transform the world.<\/p>\n<p>Finally, we realized that even if we do not yet fully comprehend how our brain works, we can understand human beings and their behaviors. As we began to learn how our brain functions, we noticed how we are being manipulated by others. We started to understand that we are being directed and managed outside of our own will. As we learned that our brains are the very cause of all these phenomena, our outlook on the future began to darken.<\/p>\n<p><strong>Hayrettin KA\u011eNICI<\/strong><\/p>\n<p>[\/ls_tab][ls_tab title=&#8221;Read The Book&#8221;]<\/p>\n<p>G\u00fcncelleniyor.<\/p>\n<p>[\/ls_tab][ls_tab title=&#8221;Sales Point&#8221;]<\/p>\n<p>[ls_button icon_right=&#8221;fa fa-check&#8221; color=&#8221;default&#8221; url=&#8221;https:\/\/www.tilkikitap.com\/kitaplar\/hayrettin-kagnici-ortadoguda-muslumanlik-cokertiliyor-mu-5646.html?srsltid=AfmBOopdJTKe3x7njdwJ986i8Ls0AaOhO9vqWDKcOKnPf18bRC4ZIvRN&#8221; target=&#8221;_self&#8221; ]Tilki&#8217; de Sat\u0131n Al[\/ls_button][ls_button icon_right=&#8221;fa fa-check&#8221; color=&#8221;default&#8221; url=https:\/\/www.dr.com.tr\/kitap\/orta-dogunun-zihin-haritasi\/hayrettin-kagnici\/arastirma-tarih\/politika-arastirma\/politika\/urunno=0002224565001?srsltid=AfmBOorO1V2xDnLdg7lLpzWURbkrN7d1oAkGm14DGJg1PWc5E33FSLle&#8221; target=&#8221;_self&#8221; ]D &amp; R &#8216; de Sat\u0131n Al[\/ls_button]<\/p>\n<p>[\/ls_tab][\/ls_tabgroup]<\/p>","protected":false},"excerpt":{"rendered":"<p>[ls_tabgroup][ls_tab title=&#8221;Front&#8221;] [\/ls_tab][ls_tab title=&#8221;Back Cover Summary&#8221;] Dear Friends, I am pleased to share with you my fourth book, titled &#8220;The Mind Map of the Middle East,&#8221; a project I have been working on for a long time. In this book, which aims to help you understand what kind of world order we have become players [&hellip;]<\/p>\n","protected":false},"author":1,"featured_media":0,"parent":0,"menu_order":0,"comment_status":"closed","ping_status":"closed","template":"","meta":{"footnotes":""},"class_list":["post-16423","page","type-page","status-publish","hentry"],"yoast_head":"<!-- This site is optimized with the Yoast SEO plugin v24.8.1 - https:\/\/yoast.com\/wordpress\/plugins\/seo\/ -->\n<title>The Mind Map of the Middle East - Hayrettin Ka\u011fn\u0131c\u0131 - Official website<\/title>\n<meta name=\"robots\" content=\"index, follow, max-snippet:-1, max-image-preview:large, max-video-preview:-1\" \/>\n<link rel=\"canonical\" href=\"https:\/\/hayrettinkagnici.com\/tr\/orta-dogunun-zihin-haritasi\/\" \/>\n<meta property=\"og:locale\" content=\"en_US\" \/>\n<meta property=\"og:type\" content=\"article\" \/>\n<meta property=\"og:title\" content=\"The Mind Map of the Middle East - Hayrettin Ka\u011fn\u0131c\u0131 - Official website\" \/>\n<meta property=\"og:description\" content=\"[ls_tabgroup][ls_tab title=&#8221;Front&#8221;] [\/ls_tab][ls_tab title=&#8221;Back Cover Summary&#8221;] Dear Friends, I am pleased to share with you my fourth book, titled &#8220;The Mind Map of the Middle East,&#8221; a project I have been working on for a long time. In this book, which aims to help you understand what kind of world order we have become players [&hellip;]\" \/>\n<meta property=\"og:url\" content=\"https:\/\/hayrettinkagnici.com\/tr\/orta-dogunun-zihin-haritasi\/\" \/>\n<meta property=\"og:site_name\" content=\"Hayrettin Ka\u011fn\u0131c\u0131 - Official website\" \/>\n<meta property=\"article:modified_time\" content=\"2026-05-08T15:41:40+00:00\" \/>\n<meta name=\"twitter:card\" content=\"summary_large_image\" \/>\n<meta name=\"twitter:label1\" content=\"Est. reading time\" \/>\n\t<meta name=\"twitter:data1\" content=\"6 minutes\" \/>\n<script type=\"application\/ld+json\" class=\"yoast-schema-graph\">{\"@context\":\"https:\/\/schema.org\",\"@graph\":[{\"@type\":\"WebPage\",\"@id\":\"https:\/\/hayrettinkagnici.com\/tr\/orta-dogunun-zihin-haritasi\/\",\"url\":\"https:\/\/hayrettinkagnici.com\/tr\/orta-dogunun-zihin-haritasi\/\",\"name\":\"The Mind Map of the Middle East - Hayrettin Ka\u011fn\u0131c\u0131 - Official website\",\"isPartOf\":{\"@id\":\"https:\/\/hayrettinkagnici.com\/tr\/#website\"},\"datePublished\":\"2026-05-08T03:47:52+00:00\",\"dateModified\":\"2026-05-08T15:41:40+00:00\",\"breadcrumb\":{\"@id\":\"https:\/\/hayrettinkagnici.com\/tr\/orta-dogunun-zihin-haritasi\/#breadcrumb\"},\"inLanguage\":\"en-US\",\"potentialAction\":[{\"@type\":\"ReadAction\",\"target\":[\"https:\/\/hayrettinkagnici.com\/tr\/orta-dogunun-zihin-haritasi\/\"]}]},{\"@type\":\"BreadcrumbList\",\"@id\":\"https:\/\/hayrettinkagnici.com\/tr\/orta-dogunun-zihin-haritasi\/#breadcrumb\",\"itemListElement\":[{\"@type\":\"ListItem\",\"position\":1,\"name\":\"Ana sayfa\",\"item\":\"https:\/\/hayrettinkagnici.com\/tr\/\"},{\"@type\":\"ListItem\",\"position\":2,\"name\":\"Orta Do\u011fu&#8217;nun Zihin Haritas\u0131\"}]},{\"@type\":\"WebSite\",\"@id\":\"https:\/\/hayrettinkagnici.com\/tr\/#website\",\"url\":\"https:\/\/hayrettinkagnici.com\/tr\/\",\"name\":\"Hayrettin Ka\u011fn\u0131c\u0131 - Official website\",\"description\":\"hayrettinkagnici.com\",\"potentialAction\":[{\"@type\":\"SearchAction\",\"target\":{\"@type\":\"EntryPoint\",\"urlTemplate\":\"https:\/\/hayrettinkagnici.com\/tr\/?s={search_term_string}\"},\"query-input\":{\"@type\":\"PropertyValueSpecification\",\"valueRequired\":true,\"valueName\":\"search_term_string\"}}],\"inLanguage\":\"en-US\"}]}<\/script>\n<!-- \/ Yoast SEO plugin. -->","yoast_head_json":{"title":"The Mind Map of the Middle East - Hayrettin Ka\u011fn\u0131c\u0131 - Official website","robots":{"index":"index","follow":"follow","max-snippet":"max-snippet:-1","max-image-preview":"max-image-preview:large","max-video-preview":"max-video-preview:-1"},"canonical":"https:\/\/hayrettinkagnici.com\/tr\/orta-dogunun-zihin-haritasi\/","og_locale":"en_US","og_type":"article","og_title":"The Mind Map of the Middle East - Hayrettin Ka\u011fn\u0131c\u0131 - Official website","og_description":"[ls_tabgroup][ls_tab title=&#8221;Front&#8221;] [\/ls_tab][ls_tab title=&#8221;Back Cover Summary&#8221;] Dear Friends, I am pleased to share with you my fourth book, titled &#8220;The Mind Map of the Middle East,&#8221; a project I have been working on for a long time. In this book, which aims to help you understand what kind of world order we have become players [&hellip;]","og_url":"https:\/\/hayrettinkagnici.com\/tr\/orta-dogunun-zihin-haritasi\/","og_site_name":"Hayrettin Ka\u011fn\u0131c\u0131 - Official website","article_modified_time":"2026-05-08T15:41:40+00:00","twitter_card":"summary_large_image","twitter_misc":{"Est. reading time":"6 minutes"},"schema":{"@context":"https:\/\/schema.org","@graph":[{"@type":"WebPage","@id":"https:\/\/hayrettinkagnici.com\/tr\/orta-dogunun-zihin-haritasi\/","url":"https:\/\/hayrettinkagnici.com\/tr\/orta-dogunun-zihin-haritasi\/","name":"The Mind Map of the Middle East - Hayrettin Ka\u011fn\u0131c\u0131 - Official website","isPartOf":{"@id":"https:\/\/hayrettinkagnici.com\/tr\/#website"},"datePublished":"2026-05-08T03:47:52+00:00","dateModified":"2026-05-08T15:41:40+00:00","breadcrumb":{"@id":"https:\/\/hayrettinkagnici.com\/tr\/orta-dogunun-zihin-haritasi\/#breadcrumb"},"inLanguage":"en-US","potentialAction":[{"@type":"ReadAction","target":["https:\/\/hayrettinkagnici.com\/tr\/orta-dogunun-zihin-haritasi\/"]}]},{"@type":"BreadcrumbList","@id":"https:\/\/hayrettinkagnici.com\/tr\/orta-dogunun-zihin-haritasi\/#breadcrumb","itemListElement":[{"@type":"ListItem","position":1,"name":"Ana sayfa","item":"https:\/\/hayrettinkagnici.com\/tr\/"},{"@type":"ListItem","position":2,"name":"Orta Do\u011fu&#8217;nun Zihin Haritas\u0131"}]},{"@type":"WebSite","@id":"https:\/\/hayrettinkagnici.com\/tr\/#website","url":"https:\/\/hayrettinkagnici.com\/tr\/","name":"Hayrettin Ka\u011fn\u0131c\u0131 - Official website","description":"hayrettinkagnici.com","potentialAction":[{"@type":"SearchAction","target":{"@type":"EntryPoint","urlTemplate":"https:\/\/hayrettinkagnici.com\/tr\/?s={search_term_string}"},"query-input":{"@type":"PropertyValueSpecification","valueRequired":true,"valueName":"search_term_string"}}],"inLanguage":"en-US"}]}},"_links":{"self":[{"href":"https:\/\/hayrettinkagnici.com\/en\/wp-json\/wp\/v2\/pages\/16423","targetHints":{"allow":["GET"]}}],"collection":[{"href":"https:\/\/hayrettinkagnici.com\/en\/wp-json\/wp\/v2\/pages"}],"about":[{"href":"https:\/\/hayrettinkagnici.com\/en\/wp-json\/wp\/v2\/types\/page"}],"author":[{"embeddable":true,"href":"https:\/\/hayrettinkagnici.com\/en\/wp-json\/wp\/v2\/users\/1"}],"replies":[{"embeddable":true,"href":"https:\/\/hayrettinkagnici.com\/en\/wp-json\/wp\/v2\/comments?post=16423"}],"version-history":[{"count":7,"href":"https:\/\/hayrettinkagnici.com\/en\/wp-json\/wp\/v2\/pages\/16423\/revisions"}],"predecessor-version":[{"id":16436,"href":"https:\/\/hayrettinkagnici.com\/en\/wp-json\/wp\/v2\/pages\/16423\/revisions\/16436"}],"wp:attachment":[{"href":"https:\/\/hayrettinkagnici.com\/en\/wp-json\/wp\/v2\/media?parent=16423"}],"curies":[{"name":"wp","href":"https:\/\/api.w.org\/{rel}","templated":true}]}}