{"id":16164,"date":"2025-04-07T21:08:39","date_gmt":"2025-04-07T18:08:39","guid":{"rendered":"https:\/\/hayrettinkagnici.com\/tr\/?page_id=16164"},"modified":"2025-04-07T21:46:14","modified_gmt":"2025-04-07T18:46:14","slug":"fotograflarim","status":"publish","type":"page","link":"https:\/\/hayrettinkagnici.com\/en\/my-photos\/","title":{"rendered":"My Photos"},"content":{"rendered":"<p>[one_fourth_first]<\/p>\n<p><img fetchpriority=\"high\" decoding=\"async\" class=\"size-medium wp-image-12482\" src=\"https:\/\/hayrettinkagnici.com\/wp-content\/uploads\/1-69-LOIRE-VALLEY-CHAMBORD-CASTLE-300x200.jpg\" alt=\"\" width=\"300\" height=\"200\" srcset=\"https:\/\/hayrettinkagnici.com\/wp-content\/uploads\/1-69-LOIRE-VALLEY-CHAMBORD-CASTLE-300x200.jpg 300w, https:\/\/hayrettinkagnici.com\/wp-content\/uploads\/1-69-LOIRE-VALLEY-CHAMBORD-CASTLE-768x512.jpg 768w, https:\/\/hayrettinkagnici.com\/wp-content\/uploads\/1-69-LOIRE-VALLEY-CHAMBORD-CASTLE-1024x683.jpg 1024w, https:\/\/hayrettinkagnici.com\/wp-content\/uploads\/1-69-LOIRE-VALLEY-CHAMBORD-CASTLE-700x467.jpg 700w, https:\/\/hayrettinkagnici.com\/wp-content\/uploads\/1-69-LOIRE-VALLEY-CHAMBORD-CASTLE-1200x800.jpg 1200w, https:\/\/hayrettinkagnici.com\/wp-content\/uploads\/1-69-LOIRE-VALLEY-CHAMBORD-CASTLE-189x126.jpg 189w\" sizes=\"(max-width: 300px) 100vw, 300px\" \/><br \/>\n<a href=\"https:\/\/hayrettinkagnici.com\/tr\/resim-kategorileri\/gezi-fotograflari\/\">Gezi Foto\u011faflar\u0131<\/a> [\/one_fourth_first]<\/p>\n<p>[one_fourth]<\/p>\n<p><img decoding=\"async\" class=\"size-medium wp-image-14787\" src=\"https:\/\/hayrettinkagnici.com\/wp-content\/uploads\/2023\/01\/1-86-BATI-AFR\u0130KA-F\u0130LD\u0130\u015e\u0130-SAH\u0130L\u0130-BA\u015eKENT-YAMOUSSOUKRO-YAKINLARINDA-TEKST\u0130L-K\u00d6Y\u00dc-WEST-AFRICA-TEXTILE-VILLAGE-NEAR-IVORY-COAST-CAPITAL-YAMOUSSOUKRO-300x200.jpg\" alt=\"\" width=\"300\" height=\"200\" srcset=\"https:\/\/hayrettinkagnici.com\/wp-content\/uploads\/2023\/01\/1-86-BATI-AFR\u0130KA-F\u0130LD\u0130\u015e\u0130-SAH\u0130L\u0130-BA\u015eKENT-YAMOUSSOUKRO-YAKINLARINDA-TEKST\u0130L-K\u00d6Y\u00dc-WEST-AFRICA-TEXTILE-VILLAGE-NEAR-IVORY-COAST-CAPITAL-YAMOUSSOUKRO-300x200.jpg 300w, https:\/\/hayrettinkagnici.com\/wp-content\/uploads\/2023\/01\/1-86-BATI-AFR\u0130KA-F\u0130LD\u0130\u015e\u0130-SAH\u0130L\u0130-BA\u015eKENT-YAMOUSSOUKRO-YAKINLARINDA-TEKST\u0130L-K\u00d6Y\u00dc-WEST-AFRICA-TEXTILE-VILLAGE-NEAR-IVORY-COAST-CAPITAL-YAMOUSSOUKRO-1024x683.jpg 1024w, https:\/\/hayrettinkagnici.com\/wp-content\/uploads\/2023\/01\/1-86-BATI-AFR\u0130KA-F\u0130LD\u0130\u015e\u0130-SAH\u0130L\u0130-BA\u015eKENT-YAMOUSSOUKRO-YAKINLARINDA-TEKST\u0130L-K\u00d6Y\u00dc-WEST-AFRICA-TEXTILE-VILLAGE-NEAR-IVORY-COAST-CAPITAL-YAMOUSSOUKRO-768x512.jpg 768w, https:\/\/hayrettinkagnici.com\/wp-content\/uploads\/2023\/01\/1-86-BATI-AFR\u0130KA-F\u0130LD\u0130\u015e\u0130-SAH\u0130L\u0130-BA\u015eKENT-YAMOUSSOUKRO-YAKINLARINDA-TEKST\u0130L-K\u00d6Y\u00dc-WEST-AFRICA-TEXTILE-VILLAGE-NEAR-IVORY-COAST-CAPITAL-YAMOUSSOUKRO-1536x1025.jpg 1536w, https:\/\/hayrettinkagnici.com\/wp-content\/uploads\/2023\/01\/1-86-BATI-AFR\u0130KA-F\u0130LD\u0130\u015e\u0130-SAH\u0130L\u0130-BA\u015eKENT-YAMOUSSOUKRO-YAKINLARINDA-TEKST\u0130L-K\u00d6Y\u00dc-WEST-AFRICA-TEXTILE-VILLAGE-NEAR-IVORY-COAST-CAPITAL-YAMOUSSOUKRO-700x467.jpg 700w, https:\/\/hayrettinkagnici.com\/wp-content\/uploads\/2023\/01\/1-86-BATI-AFR\u0130KA-F\u0130LD\u0130\u015e\u0130-SAH\u0130L\u0130-BA\u015eKENT-YAMOUSSOUKRO-YAKINLARINDA-TEKST\u0130L-K\u00d6Y\u00dc-WEST-AFRICA-TEXTILE-VILLAGE-NEAR-IVORY-COAST-CAPITAL-YAMOUSSOUKRO-1200x800.jpg 1200w, https:\/\/hayrettinkagnici.com\/wp-content\/uploads\/2023\/01\/1-86-BATI-AFR\u0130KA-F\u0130LD\u0130\u015e\u0130-SAH\u0130L\u0130-BA\u015eKENT-YAMOUSSOUKRO-YAKINLARINDA-TEKST\u0130L-K\u00d6Y\u00dc-WEST-AFRICA-TEXTILE-VILLAGE-NEAR-IVORY-COAST-CAPITAL-YAMOUSSOUKRO-189x126.jpg 189w, https:\/\/hayrettinkagnici.com\/wp-content\/uploads\/2023\/01\/1-86-BATI-AFR\u0130KA-F\u0130LD\u0130\u015e\u0130-SAH\u0130L\u0130-BA\u015eKENT-YAMOUSSOUKRO-YAKINLARINDA-TEKST\u0130L-K\u00d6Y\u00dc-WEST-AFRICA-TEXTILE-VILLAGE-NEAR-IVORY-COAST-CAPITAL-YAMOUSSOUKRO.jpg 1619w\" sizes=\"(max-width: 300px) 100vw, 300px\" \/><br \/>\n<a href=\"https:\/\/hayrettinkagnici.com\/tr\/gallery-category\/ozerl-fotograflar\/\">Grup Foto\u011fraflar\u0131<\/a> [\/one_fourth]<\/p>\n<p>[one_fourth]<\/p>\n<p><a href=\"https:\/\/hayrettinkagnici.com\/tr\/gallery-category\/hayvanlar\/\"><img decoding=\"async\" class=\"alignnone wp-image-245\" src=\"https:\/\/hayrettinkagnici.com\/wp-content\/uploads\/2015\/11\/23041145-300x203.jpg\" alt=\"\" width=\"300\" height=\"203\" srcset=\"https:\/\/hayrettinkagnici.com\/wp-content\/uploads\/2015\/11\/23041145-300x203.jpg 300w, https:\/\/hayrettinkagnici.com\/wp-content\/uploads\/2015\/11\/23041145-1024x694.jpg 1024w, https:\/\/hayrettinkagnici.com\/wp-content\/uploads\/2015\/11\/23041145-700x474.jpg 700w, https:\/\/hayrettinkagnici.com\/wp-content\/uploads\/2015\/11\/23041145-1200x813.jpg 1200w, https:\/\/hayrettinkagnici.com\/wp-content\/uploads\/2015\/11\/23041145-186x126.jpg 186w\" sizes=\"(max-width: 300px) 100vw, 300px\" \/><\/a><br \/>\n<a href=\"https:\/\/hayrettinkagnici.com\/tr\/fotograflarim\/hayvanlar\/\">Hayvanlar<\/a> [\/one_fourth]<\/p>\n<p>[one_fourth_last]<\/p>\n<p><img loading=\"lazy\" decoding=\"async\" class=\"size-medium wp-image-5813\" src=\"https:\/\/hayrettinkagnici.com\/wp-content\/uploads\/2016\/01\/10M_0486-300x201.jpg\" alt=\"\" width=\"300\" height=\"201\" srcset=\"https:\/\/hayrettinkagnici.com\/wp-content\/uploads\/2016\/01\/10M_0486-300x201.jpg 300w, https:\/\/hayrettinkagnici.com\/wp-content\/uploads\/2016\/01\/10M_0486-768x514.jpg 768w, https:\/\/hayrettinkagnici.com\/wp-content\/uploads\/2016\/01\/10M_0486-1024x685.jpg 1024w, https:\/\/hayrettinkagnici.com\/wp-content\/uploads\/2016\/01\/10M_0486-700x469.jpg 700w, https:\/\/hayrettinkagnici.com\/wp-content\/uploads\/2016\/01\/10M_0486-1200x803.jpg 1200w, https:\/\/hayrettinkagnici.com\/wp-content\/uploads\/2016\/01\/10M_0486-188x126.jpg 188w, https:\/\/hayrettinkagnici.com\/wp-content\/uploads\/2016\/01\/10M_0486.jpg 1936w\" sizes=\"(max-width: 300px) 100vw, 300px\" \/><br \/>\n<a href=\"https:\/\/hayrettinkagnici.com\/tr\/fotograflarim\/siyah-beyaz\/\">Siyah Beyaz<\/a><br \/>\n[\/one_fourth_last]<\/p>\n<p>[one_fourth_first]<br \/>\n<img loading=\"lazy\" decoding=\"async\" class=\"alignnone size-medium wp-image-5550\" src=\"https:\/\/hayrettinkagnici.com\/wp-content\/uploads\/2015\/12\/20130507-HKA_8875-1-300x200.jpg\" alt=\"\" width=\"300\" height=\"200\" srcset=\"https:\/\/hayrettinkagnici.com\/wp-content\/uploads\/2015\/12\/20130507-HKA_8875-1-300x200.jpg 300w, https:\/\/hayrettinkagnici.com\/wp-content\/uploads\/2015\/12\/20130507-HKA_8875-1-768x513.jpg 768w, https:\/\/hayrettinkagnici.com\/wp-content\/uploads\/2015\/12\/20130507-HKA_8875-1-1024x683.jpg 1024w, https:\/\/hayrettinkagnici.com\/wp-content\/uploads\/2015\/12\/20130507-HKA_8875-1-700x467.jpg 700w, https:\/\/hayrettinkagnici.com\/wp-content\/uploads\/2015\/12\/20130507-HKA_8875-1-1200x801.jpg 1200w, https:\/\/hayrettinkagnici.com\/wp-content\/uploads\/2015\/12\/20130507-HKA_8875-1-189x126.jpg 189w\" sizes=\"(max-width: 300px) 100vw, 300px\" \/><br \/>\n<a href=\"https:\/\/hayrettinkagnici.com\/tr\/fotograflarim\/portre\/\">Portre 1<\/a><br \/>\n[\/one_fourth_first]<\/p>\n<p>[one_fourth]<\/p>\n<div id=\"attachment_8603\" style=\"width: 310px\" class=\"wp-caption alignnone\"><img loading=\"lazy\" decoding=\"async\" aria-describedby=\"caption-attachment-8603\" class=\"size-medium wp-image-8603\" src=\"https:\/\/hayrettinkagnici.com\/wp-content\/uploads\/2017\/03\/20161003-HKA_5529-Edit-2-300x200.jpg\" alt=\"\" width=\"300\" height=\"200\" srcset=\"https:\/\/hayrettinkagnici.com\/wp-content\/uploads\/2017\/03\/20161003-HKA_5529-Edit-2-300x200.jpg 300w, https:\/\/hayrettinkagnici.com\/wp-content\/uploads\/2017\/03\/20161003-HKA_5529-Edit-2-768x513.jpg 768w, https:\/\/hayrettinkagnici.com\/wp-content\/uploads\/2017\/03\/20161003-HKA_5529-Edit-2-1024x683.jpg 1024w, https:\/\/hayrettinkagnici.com\/wp-content\/uploads\/2017\/03\/20161003-HKA_5529-Edit-2-700x467.jpg 700w, https:\/\/hayrettinkagnici.com\/wp-content\/uploads\/2017\/03\/20161003-HKA_5529-Edit-2-1200x801.jpg 1200w, https:\/\/hayrettinkagnici.com\/wp-content\/uploads\/2017\/03\/20161003-HKA_5529-Edit-2-189x126.jpg 189w\" sizes=\"(max-width: 300px) 100vw, 300px\" \/><p id=\"caption-attachment-8603\" class=\"wp-caption-text\"><a href=\"https:\/\/hayrettinkagnici.com\/tr\/fotograflarim\/portre-2\">Portre 2<\/a><\/p><\/div>\n<p>[\/one_fourth]<\/p>\n<p>[one_fourth]<br \/>\n<img loading=\"lazy\" decoding=\"async\" class=\"alignnone size-medium wp-image-13430\" src=\"https:\/\/hayrettinkagnici.com\/wp-content\/uploads\/DSC04246-Edit-2-2-300x200.jpg\" alt=\"\" width=\"300\" height=\"200\" srcset=\"https:\/\/hayrettinkagnici.com\/wp-content\/uploads\/DSC04246-Edit-2-2-300x200.jpg 300w, https:\/\/hayrettinkagnici.com\/wp-content\/uploads\/DSC04246-Edit-2-2-1024x683.jpg 1024w, https:\/\/hayrettinkagnici.com\/wp-content\/uploads\/DSC04246-Edit-2-2-768x512.jpg 768w, https:\/\/hayrettinkagnici.com\/wp-content\/uploads\/DSC04246-Edit-2-2-1536x1025.jpg 1536w, https:\/\/hayrettinkagnici.com\/wp-content\/uploads\/DSC04246-Edit-2-2-700x467.jpg 700w, https:\/\/hayrettinkagnici.com\/wp-content\/uploads\/DSC04246-Edit-2-2-1200x800.jpg 1200w, https:\/\/hayrettinkagnici.com\/wp-content\/uploads\/DSC04246-Edit-2-2-189x126.jpg 189w, https:\/\/hayrettinkagnici.com\/wp-content\/uploads\/DSC04246-Edit-2-2.jpg 1619w\" sizes=\"(max-width: 300px) 100vw, 300px\" \/><br \/>\n<a href=\"https:\/\/hayrettinkagnici.com\/tr\/fotograflarim\/samanyolu\/\">Y\u0131ld\u0131z Pozlama<\/a> [\/one_fourth]<\/p>\n<p>[one_fourth_last]<br \/>\n<img loading=\"lazy\" decoding=\"async\" class=\"alignnone size-medium wp-image-5168\" src=\"https:\/\/hayrettinkagnici.com\/wp-content\/uploads\/2015\/12\/20150416-_HKA8240-300x200.jpg\" alt=\"\" width=\"300\" height=\"200\" srcset=\"https:\/\/hayrettinkagnici.com\/wp-content\/uploads\/2015\/12\/20150416-_HKA8240-300x200.jpg 300w, https:\/\/hayrettinkagnici.com\/wp-content\/uploads\/2015\/12\/20150416-_HKA8240-768x513.jpg 768w, https:\/\/hayrettinkagnici.com\/wp-content\/uploads\/2015\/12\/20150416-_HKA8240-1024x683.jpg 1024w, https:\/\/hayrettinkagnici.com\/wp-content\/uploads\/2015\/12\/20150416-_HKA8240-700x467.jpg 700w, https:\/\/hayrettinkagnici.com\/wp-content\/uploads\/2015\/12\/20150416-_HKA8240-1200x801.jpg 1200w, https:\/\/hayrettinkagnici.com\/wp-content\/uploads\/2015\/12\/20150416-_HKA8240-189x126.jpg 189w\" sizes=\"(max-width: 300px) 100vw, 300px\" \/><br \/>\n<a href=\"https:\/\/hayrettinkagnici.com\/tr\/resim-kategorileri\/fotograf-sergileri\/\">Foto\u011fraf sergilerim<\/a><br \/>\n[\/one_fourth_last]<\/p>","protected":false},"excerpt":{"rendered":"<p>[one_fourth_first] Gezi Foto\u011faflar\u0131 [\/one_fourth_first] [one_fourth] Grup Foto\u011fraflar\u0131 [\/one_fourth] [one_fourth] Hayvanlar [\/one_fourth] [one_fourth_last] Siyah Beyaz [\/one_fourth_last] [one_fourth_first] Portre 1 [\/one_fourth_first] [one_fourth] [\/one_fourth] [one_fourth] Y\u0131ld\u0131z Pozlama [\/one_fourth] [one_fourth_last] Foto\u011fraf sergilerim [\/one_fourth_last]<\/p>\n","protected":false},"author":1,"featured_media":0,"parent":0,"menu_order":0,"comment_status":"closed","ping_status":"closed","template":"","meta":{"footnotes":""},"class_list":["post-16164","page","type-page","status-publish","hentry"],"yoast_head":"<!-- This site is optimized with the Yoast SEO plugin v24.8.1 - https:\/\/yoast.com\/wordpress\/plugins\/seo\/ -->\n<title>My Photos - Hayrettin Ka\u011fn\u0131c\u0131 - Official website<\/title>\n<meta name=\"robots\" content=\"index, follow, max-snippet:-1, max-image-preview:large, max-video-preview:-1\" \/>\n<link rel=\"canonical\" href=\"https:\/\/hayrettinkagnici.com\/tr\/fotograflarim\/\" \/>\n<meta property=\"og:locale\" content=\"en_US\" \/>\n<meta property=\"og:type\" content=\"article\" \/>\n<meta property=\"og:title\" content=\"My Photos - Hayrettin Ka\u011fn\u0131c\u0131 - Official website\" \/>\n<meta property=\"og:description\" content=\"[one_fourth_first] Gezi Foto\u011faflar\u0131 [\/one_fourth_first] [one_fourth] Grup Foto\u011fraflar\u0131 [\/one_fourth] [one_fourth] Hayvanlar [\/one_fourth] [one_fourth_last] Siyah Beyaz [\/one_fourth_last] [one_fourth_first] Portre 1 [\/one_fourth_first] [one_fourth] [\/one_fourth] [one_fourth] Y\u0131ld\u0131z Pozlama [\/one_fourth] [one_fourth_last] Foto\u011fraf sergilerim [\/one_fourth_last]\" \/>\n<meta property=\"og:url\" content=\"https:\/\/hayrettinkagnici.com\/tr\/fotograflarim\/\" \/>\n<meta property=\"og:site_name\" content=\"Hayrettin Ka\u011fn\u0131c\u0131 - Official website\" \/>\n<meta property=\"article:modified_time\" content=\"2025-04-07T18:46:14+00:00\" \/>\n<meta property=\"og:image\" content=\"https:\/\/hayrettinkagnici.com\/wp-content\/uploads\/1-69-LOIRE-VALLEY-CHAMBORD-CASTLE-1024x683.jpg\" \/>\n\t<meta property=\"og:image:width\" content=\"1024\" \/>\n\t<meta property=\"og:image:height\" content=\"683\" \/>\n\t<meta property=\"og:image:type\" content=\"image\/jpeg\" \/>\n<meta name=\"twitter:card\" content=\"summary_large_image\" \/>\n<meta name=\"twitter:label1\" content=\"Est. reading time\" \/>\n\t<meta name=\"twitter:data1\" content=\"2 minutes\" \/>\n<script type=\"application\/ld+json\" class=\"yoast-schema-graph\">{\"@context\":\"https:\/\/schema.org\",\"@graph\":[{\"@type\":\"WebPage\",\"@id\":\"https:\/\/hayrettinkagnici.com\/tr\/fotograflarim\/\",\"url\":\"https:\/\/hayrettinkagnici.com\/tr\/fotograflarim\/\",\"name\":\"My Photos - Hayrettin Ka\u011fn\u0131c\u0131 - Official website\",\"isPartOf\":{\"@id\":\"https:\/\/hayrettinkagnici.com\/tr\/#website\"},\"primaryImageOfPage\":{\"@id\":\"https:\/\/hayrettinkagnici.com\/tr\/fotograflarim\/#primaryimage\"},\"image\":{\"@id\":\"https:\/\/hayrettinkagnici.com\/tr\/fotograflarim\/#primaryimage\"},\"thumbnailUrl\":\"https:\/\/hayrettinkagnici.com\/wp-content\/uploads\/1-69-LOIRE-VALLEY-CHAMBORD-CASTLE-300x200.jpg\",\"datePublished\":\"2025-04-07T18:08:39+00:00\",\"dateModified\":\"2025-04-07T18:46:14+00:00\",\"breadcrumb\":{\"@id\":\"https:\/\/hayrettinkagnici.com\/tr\/fotograflarim\/#breadcrumb\"},\"inLanguage\":\"en-US\",\"potentialAction\":[{\"@type\":\"ReadAction\",\"target\":[\"https:\/\/hayrettinkagnici.com\/tr\/fotograflarim\/\"]}]},{\"@type\":\"ImageObject\",\"inLanguage\":\"en-US\",\"@id\":\"https:\/\/hayrettinkagnici.com\/tr\/fotograflarim\/#primaryimage\",\"url\":\"https:\/\/hayrettinkagnici.com\/wp-content\/uploads\/1-69-LOIRE-VALLEY-CHAMBORD-CASTLE-300x200.jpg\",\"contentUrl\":\"https:\/\/hayrettinkagnici.com\/wp-content\/uploads\/1-69-LOIRE-VALLEY-CHAMBORD-CASTLE-300x200.jpg\"},{\"@type\":\"BreadcrumbList\",\"@id\":\"https:\/\/hayrettinkagnici.com\/tr\/fotograflarim\/#breadcrumb\",\"itemListElement\":[{\"@type\":\"ListItem\",\"position\":1,\"name\":\"Ana sayfa\",\"item\":\"https:\/\/hayrettinkagnici.com\/tr\/\"},{\"@type\":\"ListItem\",\"position\":2,\"name\":\"Foto\u011fraflar\u0131m\"}]},{\"@type\":\"WebSite\",\"@id\":\"https:\/\/hayrettinkagnici.com\/tr\/#website\",\"url\":\"https:\/\/hayrettinkagnici.com\/tr\/\",\"name\":\"Hayrettin Ka\u011fn\u0131c\u0131 - Official website\",\"description\":\"hayrettinkagnici.com\",\"potentialAction\":[{\"@type\":\"SearchAction\",\"target\":{\"@type\":\"EntryPoint\",\"urlTemplate\":\"https:\/\/hayrettinkagnici.com\/tr\/?s={search_term_string}\"},\"query-input\":{\"@type\":\"PropertyValueSpecification\",\"valueRequired\":true,\"valueName\":\"search_term_string\"}}],\"inLanguage\":\"en-US\"}]}<\/script>\n<!-- \/ Yoast SEO plugin. -->","yoast_head_json":{"title":"My Photos - Hayrettin Ka\u011fn\u0131c\u0131 - Official website","robots":{"index":"index","follow":"follow","max-snippet":"max-snippet:-1","max-image-preview":"max-image-preview:large","max-video-preview":"max-video-preview:-1"},"canonical":"https:\/\/hayrettinkagnici.com\/tr\/fotograflarim\/","og_locale":"en_US","og_type":"article","og_title":"My Photos - Hayrettin Ka\u011fn\u0131c\u0131 - Official website","og_description":"[one_fourth_first] Gezi Foto\u011faflar\u0131 [\/one_fourth_first] [one_fourth] Grup Foto\u011fraflar\u0131 [\/one_fourth] [one_fourth] Hayvanlar [\/one_fourth] [one_fourth_last] Siyah Beyaz [\/one_fourth_last] [one_fourth_first] Portre 1 [\/one_fourth_first] [one_fourth] [\/one_fourth] [one_fourth] Y\u0131ld\u0131z Pozlama [\/one_fourth] [one_fourth_last] Foto\u011fraf sergilerim [\/one_fourth_last]","og_url":"https:\/\/hayrettinkagnici.com\/tr\/fotograflarim\/","og_site_name":"Hayrettin Ka\u011fn\u0131c\u0131 - Official website","article_modified_time":"2025-04-07T18:46:14+00:00","og_image":[{"width":1024,"height":683,"url":"https:\/\/hayrettinkagnici.com\/wp-content\/uploads\/1-69-LOIRE-VALLEY-CHAMBORD-CASTLE-1024x683.jpg","type":"image\/jpeg"}],"twitter_card":"summary_large_image","twitter_misc":{"Est. reading time":"2 minutes"},"schema":{"@context":"https:\/\/schema.org","@graph":[{"@type":"WebPage","@id":"https:\/\/hayrettinkagnici.com\/tr\/fotograflarim\/","url":"https:\/\/hayrettinkagnici.com\/tr\/fotograflarim\/","name":"My Photos - Hayrettin Ka\u011fn\u0131c\u0131 - Official website","isPartOf":{"@id":"https:\/\/hayrettinkagnici.com\/tr\/#website"},"primaryImageOfPage":{"@id":"https:\/\/hayrettinkagnici.com\/tr\/fotograflarim\/#primaryimage"},"image":{"@id":"https:\/\/hayrettinkagnici.com\/tr\/fotograflarim\/#primaryimage"},"thumbnailUrl":"https:\/\/hayrettinkagnici.com\/wp-content\/uploads\/1-69-LOIRE-VALLEY-CHAMBORD-CASTLE-300x200.jpg","datePublished":"2025-04-07T18:08:39+00:00","dateModified":"2025-04-07T18:46:14+00:00","breadcrumb":{"@id":"https:\/\/hayrettinkagnici.com\/tr\/fotograflarim\/#breadcrumb"},"inLanguage":"en-US","potentialAction":[{"@type":"ReadAction","target":["https:\/\/hayrettinkagnici.com\/tr\/fotograflarim\/"]}]},{"@type":"ImageObject","inLanguage":"en-US","@id":"https:\/\/hayrettinkagnici.com\/tr\/fotograflarim\/#primaryimage","url":"https:\/\/hayrettinkagnici.com\/wp-content\/uploads\/1-69-LOIRE-VALLEY-CHAMBORD-CASTLE-300x200.jpg","contentUrl":"https:\/\/hayrettinkagnici.com\/wp-content\/uploads\/1-69-LOIRE-VALLEY-CHAMBORD-CASTLE-300x200.jpg"},{"@type":"BreadcrumbList","@id":"https:\/\/hayrettinkagnici.com\/tr\/fotograflarim\/#breadcrumb","itemListElement":[{"@type":"ListItem","position":1,"name":"Ana sayfa","item":"https:\/\/hayrettinkagnici.com\/tr\/"},{"@type":"ListItem","position":2,"name":"Foto\u011fraflar\u0131m"}]},{"@type":"WebSite","@id":"https:\/\/hayrettinkagnici.com\/tr\/#website","url":"https:\/\/hayrettinkagnici.com\/tr\/","name":"Hayrettin Ka\u011fn\u0131c\u0131 - Official website","description":"hayrettinkagnici.com","potentialAction":[{"@type":"SearchAction","target":{"@type":"EntryPoint","urlTemplate":"https:\/\/hayrettinkagnici.com\/tr\/?s={search_term_string}"},"query-input":{"@type":"PropertyValueSpecification","valueRequired":true,"valueName":"search_term_string"}}],"inLanguage":"en-US"}]}},"_links":{"self":[{"href":"https:\/\/hayrettinkagnici.com\/en\/wp-json\/wp\/v2\/pages\/16164","targetHints":{"allow":["GET"]}}],"collection":[{"href":"https:\/\/hayrettinkagnici.com\/en\/wp-json\/wp\/v2\/pages"}],"about":[{"href":"https:\/\/hayrettinkagnici.com\/en\/wp-json\/wp\/v2\/types\/page"}],"author":[{"embeddable":true,"href":"https:\/\/hayrettinkagnici.com\/en\/wp-json\/wp\/v2\/users\/1"}],"replies":[{"embeddable":true,"href":"https:\/\/hayrettinkagnici.com\/en\/wp-json\/wp\/v2\/comments?post=16164"}],"version-history":[{"count":18,"href":"https:\/\/hayrettinkagnici.com\/en\/wp-json\/wp\/v2\/pages\/16164\/revisions"}],"predecessor-version":[{"id":16191,"href":"https:\/\/hayrettinkagnici.com\/en\/wp-json\/wp\/v2\/pages\/16164\/revisions\/16191"}],"wp:attachment":[{"href":"https:\/\/hayrettinkagnici.com\/en\/wp-json\/wp\/v2\/media?parent=16164"}],"curies":[{"name":"wp","href":"https:\/\/api.w.org\/{rel}","templated":true}]}}