{"id":15986,"date":"2025-03-16T01:10:24","date_gmt":"2025-03-15T22:10:24","guid":{"rendered":"https:\/\/hayrettinkagnici.com\/tr\/?page_id=15986"},"modified":"2025-11-30T09:02:36","modified_gmt":"2025-11-30T06:02:36","slug":"hayrettin-kagnici-muslumanliga-yon-verenler","status":"publish","type":"page","link":"https:\/\/hayrettinkagnici.com\/en\/those-who-guide-muslimness\/","title":{"rendered":"Hayrettin Ka\u011fn\u0131c\u0131 &#8211; Those Who Guide Muslimness"},"content":{"rendered":"<p>[ls_tabgroup][ls_tab title=&#8221;Front Cover&#8221;]<br \/>\n<img decoding=\"async\" class=\"alignnone wp-image-16262 size-full\" src=\"https:\/\/hayrettinkagnici.com\/wp-content\/uploads\/2025\/11\/INGILIZCE-KAPAK-JPEG.jpg\" alt=\"\" width=\"821\" height=\"600\" srcset=\"https:\/\/hayrettinkagnici.com\/wp-content\/uploads\/2025\/11\/INGILIZCE-KAPAK-JPEG.jpg 821w, https:\/\/hayrettinkagnici.com\/wp-content\/uploads\/2025\/11\/INGILIZCE-KAPAK-JPEG-300x219.jpg 300w, https:\/\/hayrettinkagnici.com\/wp-content\/uploads\/2025\/11\/INGILIZCE-KAPAK-JPEG-768x561.jpg 768w, https:\/\/hayrettinkagnici.com\/wp-content\/uploads\/2025\/11\/INGILIZCE-KAPAK-JPEG-700x512.jpg 700w, https:\/\/hayrettinkagnici.com\/wp-content\/uploads\/2025\/11\/INGILIZCE-KAPAK-JPEG-172x126.jpg 172w\" sizes=\"(max-width: 821px) 100vw, 821px\" \/><\/p>\n<p>[\/ls_tab][ls_tab title=&#8221;Back Cover Summary&#8221;]<\/p>\n<p>\u201cReligions are mythologies that people create to understand the world and give meaning to the difficulties of life. These mythologies reflect people\u2019s fears and hopes, but they are far from scientific reality.\u201d<\/p>\n<p>While conducting this study, I tried to look at the subjects in a very impartial and objective manner, and to share what is written by filtering it through reason and logic. For similar subjects, very different explanations and interpretations sometimes come up, and very different meanings emerge. The reason for this is that the subject is not based on documents and science, but is built on the initial information that starts from the beginning, that is, from the zero point, and comes from assumptions.<\/p>\n<p>In Turkey, they make explanations such as how the administration impoverishes people in the name of Islam and commits great corruption, and when necessary, they do all these in the name of religion. As a result of this situation, can the economy becoming inextricable, the decrease in moral values \u200b\u200bas a result of the increase in poverty and misery, the beginning of reviewing people and the cause-effect relationship and filtering the answers to the questions of \u201cwhy\u201d through reason and logic, the investigation of the documents and sources of what is said be interpreted as enlightenment in religion?<\/p>\n<p>For this reason, Atat\u00fcrk made great efforts to have the Quran and the call to prayer read in Turkish so that they could be understood easily and properly, but it did not suit the religious people!<\/p>\n<p>If the holy book was a guide and guide with clearer and more understandable expressions, mainly on morality, virtue, virtue, justice and charity, would the world be more just and peaceful? You may object, but when we look at the numbers, if the poorest, most destitute and most miserable countries in the world, except for a few Middle Eastern countries, are Muslim and their leaders are the richest in the world, and if Muslim countries are fighting each other because of religion, isn&amp;#39;t there something wrong with this?<\/p>\n<p>Why do all religious scholars, especially none of them from the very beginning, not speak about the issues of theft, corruption, bribery, fraud, and stealing state property as very bad and great sins unless they are absolutely necessary, and do not address the increasing illegalities and immoralities, but on the contrary, try to cover them up? Poverty, poverty, makes a person beautiful, our Prophet was also poor, he used to eat a date in the evening, the poor will go to heaven five years before the rich, gratitude is the path to Allah, etc. They always talk and show the way, but they do not follow. Otherwise!<\/p>\n<p>In the Neolithic, or stone age, the biggest problem of people was nutrition and shelter. If the biggest problem of Muslims in the world today is nutrition and shelter, what has changed in these thousands of years? Only leaders and supporters, using religious values, increased their own welfare levels and ignored the people. As in Turkey, the administration and the 80 million marabas working on their behalf!<\/p>\n<p><strong>If you do not know philosophy and mathematics, you cannot understand life. <\/strong><br \/>\n<strong>If you do not know how your brain works, you cannot understand people and their behavior.<\/strong><\/p>\n<p><strong>Hayrettin KA\u011eNICI<\/strong><\/p>\n<p>[\/ls_tab][ls_tab title=&#8221;Read the Book&#8221;]<\/p>\n<p>&nbsp;<\/p>\n<p>[\/ls_tab][ls_tab title=&#8221;Sales Points&#8221;]<\/p>\n<p>[ls_button icon_right=&#8221;fa fa-check&#8221; color=&#8221;default&#8221; url=&#8221;https:\/\/www.idefix.com\/arama?q=Hayrettin+ka%C4%9Fn%C4%B1c%C4%B1&amp;typing=true&amp;888888=10107278&#8243; target=&#8221;_self&#8221; ]\u0130defix &#8216; de Sat\u0131n Al[\/ls_button][ls_button icon_right=&#8221;fa fa-check&#8221; color=&#8221;default&#8221; url=&#8221;https:\/\/www.idefix.com\/arama?q=Hayrettin+ka%C4%9Fn%C4%B1c%C4%B1&amp;typing=true&amp;888888=10107278&#8243; target=&#8221;_self&#8221; ]D &amp; R &#8216; de Sat\u0131n Al[\/ls_button]<\/p>\n<p>[\/ls_tab][\/ls_tabgroup]<\/p>","protected":false},"excerpt":{"rendered":"<p>[ls_tabgroup][ls_tab title=&#8221;Front Cover&#8221;] [\/ls_tab][ls_tab title=&#8221;Back Cover Summary&#8221;] \u201cReligions are mythologies that people create to understand the world and give meaning to the difficulties of life. These mythologies reflect people\u2019s fears and hopes, but they are far from scientific reality.\u201d While conducting this study, I tried to look at the subjects in a very impartial and [&hellip;]<\/p>\n","protected":false},"author":1,"featured_media":0,"parent":0,"menu_order":0,"comment_status":"closed","ping_status":"closed","template":"","meta":{"footnotes":""},"class_list":["post-15986","page","type-page","status-publish","hentry"],"yoast_head":"<!-- This site is optimized with the Yoast SEO plugin v24.8.1 - https:\/\/yoast.com\/wordpress\/plugins\/seo\/ -->\n<title>Hayrettin Ka\u011fn\u0131c\u0131 - Those Who Guide Muslimness - Hayrettin Ka\u011fn\u0131c\u0131 - Official website<\/title>\n<meta name=\"robots\" content=\"index, follow, max-snippet:-1, max-image-preview:large, max-video-preview:-1\" \/>\n<link rel=\"canonical\" href=\"https:\/\/hayrettinkagnici.com\/tr\/muslumanliga-yon-verenler\/\" \/>\n<meta property=\"og:locale\" content=\"en_US\" \/>\n<meta property=\"og:type\" content=\"article\" \/>\n<meta property=\"og:title\" content=\"Hayrettin Ka\u011fn\u0131c\u0131 - Those Who Guide Muslimness - Hayrettin Ka\u011fn\u0131c\u0131 - Official website\" \/>\n<meta property=\"og:description\" content=\"[ls_tabgroup][ls_tab title=&#8221;Front Cover&#8221;] [\/ls_tab][ls_tab title=&#8221;Back Cover Summary&#8221;] \u201cReligions are mythologies that people create to understand the world and give meaning to the difficulties of life. These mythologies reflect people\u2019s fears and hopes, but they are far from scientific reality.\u201d While conducting this study, I tried to look at the subjects in a very impartial and [&hellip;]\" \/>\n<meta property=\"og:url\" content=\"https:\/\/hayrettinkagnici.com\/tr\/muslumanliga-yon-verenler\/\" \/>\n<meta property=\"og:site_name\" content=\"Hayrettin Ka\u011fn\u0131c\u0131 - Official website\" \/>\n<meta property=\"article:modified_time\" content=\"2025-11-30T06:02:36+00:00\" \/>\n<meta property=\"og:image\" content=\"https:\/\/hayrettinkagnici.com\/wp-content\/uploads\/2025\/03\/muslumanliga-yon-verenler-on-arka-kapak.jpg\" \/>\n\t<meta property=\"og:image:width\" content=\"1024\" \/>\n\t<meta property=\"og:image:height\" content=\"746\" \/>\n\t<meta property=\"og:image:type\" content=\"image\/jpeg\" \/>\n<meta name=\"twitter:card\" content=\"summary_large_image\" \/>\n<meta name=\"twitter:label1\" content=\"Est. reading time\" \/>\n\t<meta name=\"twitter:data1\" content=\"4 minutes\" \/>\n<script type=\"application\/ld+json\" class=\"yoast-schema-graph\">{\"@context\":\"https:\/\/schema.org\",\"@graph\":[{\"@type\":\"WebPage\",\"@id\":\"https:\/\/hayrettinkagnici.com\/tr\/muslumanliga-yon-verenler\/\",\"url\":\"https:\/\/hayrettinkagnici.com\/tr\/muslumanliga-yon-verenler\/\",\"name\":\"Hayrettin Ka\u011fn\u0131c\u0131 - Those Who Guide Muslimness - Hayrettin Ka\u011fn\u0131c\u0131 - Official website\",\"isPartOf\":{\"@id\":\"https:\/\/hayrettinkagnici.com\/tr\/#website\"},\"primaryImageOfPage\":{\"@id\":\"https:\/\/hayrettinkagnici.com\/tr\/muslumanliga-yon-verenler\/#primaryimage\"},\"image\":{\"@id\":\"https:\/\/hayrettinkagnici.com\/tr\/muslumanliga-yon-verenler\/#primaryimage\"},\"thumbnailUrl\":\"https:\/\/hayrettinkagnici.com\/wp-content\/uploads\/2025\/03\/muslumanliga-yon-verenler-on-arka-kapak.jpg\",\"datePublished\":\"2025-03-15T22:10:24+00:00\",\"dateModified\":\"2025-11-30T06:02:36+00:00\",\"breadcrumb\":{\"@id\":\"https:\/\/hayrettinkagnici.com\/tr\/muslumanliga-yon-verenler\/#breadcrumb\"},\"inLanguage\":\"en-US\",\"potentialAction\":[{\"@type\":\"ReadAction\",\"target\":[\"https:\/\/hayrettinkagnici.com\/tr\/muslumanliga-yon-verenler\/\"]}]},{\"@type\":\"ImageObject\",\"inLanguage\":\"en-US\",\"@id\":\"https:\/\/hayrettinkagnici.com\/tr\/muslumanliga-yon-verenler\/#primaryimage\",\"url\":\"https:\/\/hayrettinkagnici.com\/wp-content\/uploads\/2025\/03\/muslumanliga-yon-verenler-on-arka-kapak.jpg\",\"contentUrl\":\"https:\/\/hayrettinkagnici.com\/wp-content\/uploads\/2025\/03\/muslumanliga-yon-verenler-on-arka-kapak.jpg\"},{\"@type\":\"BreadcrumbList\",\"@id\":\"https:\/\/hayrettinkagnici.com\/tr\/muslumanliga-yon-verenler\/#breadcrumb\",\"itemListElement\":[{\"@type\":\"ListItem\",\"position\":1,\"name\":\"Ana sayfa\",\"item\":\"https:\/\/hayrettinkagnici.com\/tr\/\"},{\"@type\":\"ListItem\",\"position\":2,\"name\":\"Hayrettin Ka\u011fn\u0131c\u0131 &#8211; M\u00fcsl\u00fcmanl\u0131\u011fa Y\u00f6n Verenler\"}]},{\"@type\":\"WebSite\",\"@id\":\"https:\/\/hayrettinkagnici.com\/tr\/#website\",\"url\":\"https:\/\/hayrettinkagnici.com\/tr\/\",\"name\":\"Hayrettin Ka\u011fn\u0131c\u0131 - Official website\",\"description\":\"hayrettinkagnici.com\",\"potentialAction\":[{\"@type\":\"SearchAction\",\"target\":{\"@type\":\"EntryPoint\",\"urlTemplate\":\"https:\/\/hayrettinkagnici.com\/tr\/?s={search_term_string}\"},\"query-input\":{\"@type\":\"PropertyValueSpecification\",\"valueRequired\":true,\"valueName\":\"search_term_string\"}}],\"inLanguage\":\"en-US\"}]}<\/script>\n<!-- \/ Yoast SEO plugin. -->","yoast_head_json":{"title":"Hayrettin Ka\u011fn\u0131c\u0131 - Those Who Guide Muslimness - Hayrettin Ka\u011fn\u0131c\u0131 - Official website","robots":{"index":"index","follow":"follow","max-snippet":"max-snippet:-1","max-image-preview":"max-image-preview:large","max-video-preview":"max-video-preview:-1"},"canonical":"https:\/\/hayrettinkagnici.com\/tr\/muslumanliga-yon-verenler\/","og_locale":"en_US","og_type":"article","og_title":"Hayrettin Ka\u011fn\u0131c\u0131 - Those Who Guide Muslimness - Hayrettin Ka\u011fn\u0131c\u0131 - Official website","og_description":"[ls_tabgroup][ls_tab title=&#8221;Front Cover&#8221;] [\/ls_tab][ls_tab title=&#8221;Back Cover Summary&#8221;] \u201cReligions are mythologies that people create to understand the world and give meaning to the difficulties of life. These mythologies reflect people\u2019s fears and hopes, but they are far from scientific reality.\u201d While conducting this study, I tried to look at the subjects in a very impartial and [&hellip;]","og_url":"https:\/\/hayrettinkagnici.com\/tr\/muslumanliga-yon-verenler\/","og_site_name":"Hayrettin Ka\u011fn\u0131c\u0131 - Official website","article_modified_time":"2025-11-30T06:02:36+00:00","og_image":[{"width":1024,"height":746,"url":"https:\/\/hayrettinkagnici.com\/wp-content\/uploads\/2025\/03\/muslumanliga-yon-verenler-on-arka-kapak.jpg","type":"image\/jpeg"}],"twitter_card":"summary_large_image","twitter_misc":{"Est. reading time":"4 minutes"},"schema":{"@context":"https:\/\/schema.org","@graph":[{"@type":"WebPage","@id":"https:\/\/hayrettinkagnici.com\/tr\/muslumanliga-yon-verenler\/","url":"https:\/\/hayrettinkagnici.com\/tr\/muslumanliga-yon-verenler\/","name":"Hayrettin Ka\u011fn\u0131c\u0131 - Those Who Guide Muslimness - Hayrettin Ka\u011fn\u0131c\u0131 - Official website","isPartOf":{"@id":"https:\/\/hayrettinkagnici.com\/tr\/#website"},"primaryImageOfPage":{"@id":"https:\/\/hayrettinkagnici.com\/tr\/muslumanliga-yon-verenler\/#primaryimage"},"image":{"@id":"https:\/\/hayrettinkagnici.com\/tr\/muslumanliga-yon-verenler\/#primaryimage"},"thumbnailUrl":"https:\/\/hayrettinkagnici.com\/wp-content\/uploads\/2025\/03\/muslumanliga-yon-verenler-on-arka-kapak.jpg","datePublished":"2025-03-15T22:10:24+00:00","dateModified":"2025-11-30T06:02:36+00:00","breadcrumb":{"@id":"https:\/\/hayrettinkagnici.com\/tr\/muslumanliga-yon-verenler\/#breadcrumb"},"inLanguage":"en-US","potentialAction":[{"@type":"ReadAction","target":["https:\/\/hayrettinkagnici.com\/tr\/muslumanliga-yon-verenler\/"]}]},{"@type":"ImageObject","inLanguage":"en-US","@id":"https:\/\/hayrettinkagnici.com\/tr\/muslumanliga-yon-verenler\/#primaryimage","url":"https:\/\/hayrettinkagnici.com\/wp-content\/uploads\/2025\/03\/muslumanliga-yon-verenler-on-arka-kapak.jpg","contentUrl":"https:\/\/hayrettinkagnici.com\/wp-content\/uploads\/2025\/03\/muslumanliga-yon-verenler-on-arka-kapak.jpg"},{"@type":"BreadcrumbList","@id":"https:\/\/hayrettinkagnici.com\/tr\/muslumanliga-yon-verenler\/#breadcrumb","itemListElement":[{"@type":"ListItem","position":1,"name":"Ana sayfa","item":"https:\/\/hayrettinkagnici.com\/tr\/"},{"@type":"ListItem","position":2,"name":"Hayrettin Ka\u011fn\u0131c\u0131 &#8211; M\u00fcsl\u00fcmanl\u0131\u011fa Y\u00f6n Verenler"}]},{"@type":"WebSite","@id":"https:\/\/hayrettinkagnici.com\/tr\/#website","url":"https:\/\/hayrettinkagnici.com\/tr\/","name":"Hayrettin Ka\u011fn\u0131c\u0131 - Official website","description":"hayrettinkagnici.com","potentialAction":[{"@type":"SearchAction","target":{"@type":"EntryPoint","urlTemplate":"https:\/\/hayrettinkagnici.com\/tr\/?s={search_term_string}"},"query-input":{"@type":"PropertyValueSpecification","valueRequired":true,"valueName":"search_term_string"}}],"inLanguage":"en-US"}]}},"_links":{"self":[{"href":"https:\/\/hayrettinkagnici.com\/en\/wp-json\/wp\/v2\/pages\/15986","targetHints":{"allow":["GET"]}}],"collection":[{"href":"https:\/\/hayrettinkagnici.com\/en\/wp-json\/wp\/v2\/pages"}],"about":[{"href":"https:\/\/hayrettinkagnici.com\/en\/wp-json\/wp\/v2\/types\/page"}],"author":[{"embeddable":true,"href":"https:\/\/hayrettinkagnici.com\/en\/wp-json\/wp\/v2\/users\/1"}],"replies":[{"embeddable":true,"href":"https:\/\/hayrettinkagnici.com\/en\/wp-json\/wp\/v2\/comments?post=15986"}],"version-history":[{"count":15,"href":"https:\/\/hayrettinkagnici.com\/en\/wp-json\/wp\/v2\/pages\/15986\/revisions"}],"predecessor-version":[{"id":16274,"href":"https:\/\/hayrettinkagnici.com\/en\/wp-json\/wp\/v2\/pages\/15986\/revisions\/16274"}],"wp:attachment":[{"href":"https:\/\/hayrettinkagnici.com\/en\/wp-json\/wp\/v2\/media?parent=15986"}],"curies":[{"name":"wp","href":"https:\/\/api.w.org\/{rel}","templated":true}]}}