{"id":15125,"date":"2023-07-28T01:21:40","date_gmt":"2023-07-27T22:21:40","guid":{"rendered":"https:\/\/hayrettinkagnici.com\/tr\/?page_id=15125"},"modified":"2026-05-08T18:35:11","modified_gmt":"2026-05-08T15:35:11","slug":"kitaplarim","status":"publish","type":"page","link":"https:\/\/hayrettinkagnici.com\/en\/my-books-2\/","title":{"rendered":"My Books"},"content":{"rendered":"<p>[ls_divider type=&#8221;dotted&#8221; color=&#8221;grey&#8221;]<\/p>\n<p>[one_third_first]<br \/>\n    <a href=\"https:\/\/hayrettinkagnici.com\/en\/human-being-something-like-this\/\"><br \/>\n        <img loading=\"lazy\" decoding=\"async\" class=\"aligncenter wp-image-16257\" src=\"https:\/\/hayrettinkagnici.com\/wp-content\/uploads\/2025\/11\/kitaplarim-hayrettin-199x300.png\" alt=\"Human Being Something Like This\" width=\"300\" height=\"450\" srcset=\"https:\/\/hayrettinkagnici.com\/wp-content\/uploads\/2025\/11\/kitaplarim-hayrettin-199x300.png 199w, https:\/\/hayrettinkagnici.com\/wp-content\/uploads\/2025\/11\/kitaplarim-hayrettin-84x126.png 84w\" sizes=\"(max-width: 300px) 100vw, 300px\" \/><br \/>\n    <\/a><br \/>\n[\/one_third_first]<\/p>\n<p>[one_third]<br \/>\n    <a href=\"https:\/\/hayrettinkagnici.com\/en\/life-is-livinig-humanely\/\"><br \/>\n        <img loading=\"lazy\" decoding=\"async\" class=\"aligncenter wp-image-16267\" src=\"https:\/\/hayrettinkagnici.com\/wp-content\/uploads\/2025\/11\/life-is-livinig-humanley-front-193x300.jpg\" alt=\"Life is Living Humanely\" width=\"300\" height=\"450\" \/><br \/>\n    <\/a><br \/>\n[\/one_third]<\/p>\n<p>[one_third_last]<br \/>\n    <a href=\"https:\/\/hayrettinkagnici.com\/en\/those-who-guide-muslimness\/\"><br \/>\n        <img loading=\"lazy\" decoding=\"async\" class=\"aligncenter wp-image-16015\" src=\"https:\/\/hayrettinkagnici.com\/wp-content\/uploads\/2025\/03\/those-who-guide-muslimness-192x300.jpg\" alt=\"Those Who Guide Muslimness\" width=\"300\" height=\"450\" \/><br \/>\n    <\/a><br \/>\n[\/one_third_last]<\/p>\n<p>[one_third_last]<br \/>\n    <a href=\"\/en\/the-mind-map-of-the-middle-east\/\"><br \/>\n        <img loading=\"lazy\" decoding=\"async\" class=\"aligncenter wp-image-16015\" src=\"\/wp-content\/uploads\/2026\/05\/IMG-20260330-WA0052-11-1-copyu1.jpg\" alt=\"The Mental Map Of The Middle East\" width=\"300\" height=\"450\" \/><br \/>\n    <\/a><br \/>\n[\/one_third_last]<br \/>\n[ls_divider type=&#8221;dotted&#8221; color=&#8221;grey&#8221;]<\/p>","protected":false},"excerpt":{"rendered":"<p>[ls_divider type=&#8221;dotted&#8221; color=&#8221;grey&#8221;] [one_third_first] [\/one_third_first] [one_third] [\/one_third] [one_third_last] [\/one_third_last] [one_third_last] [\/one_third_last] [ls_divider type=&#8221;dotted&#8221; color=&#8221;grey&#8221;]<\/p>\n","protected":false},"author":1,"featured_media":0,"parent":0,"menu_order":0,"comment_status":"closed","ping_status":"closed","template":"","meta":{"footnotes":""},"class_list":["post-15125","page","type-page","status-publish","hentry"],"yoast_head":"<!-- This site is optimized with the Yoast SEO plugin v24.8.1 - https:\/\/yoast.com\/wordpress\/plugins\/seo\/ -->\n<title>My Books - Hayrettin Ka\u011fn\u0131c\u0131 - Official website<\/title>\n<meta name=\"robots\" content=\"index, follow, max-snippet:-1, max-image-preview:large, max-video-preview:-1\" \/>\n<link rel=\"canonical\" href=\"https:\/\/hayrettinkagnici.com\/tr\/kitaplarim\/\" \/>\n<meta property=\"og:locale\" content=\"en_US\" \/>\n<meta property=\"og:type\" content=\"article\" \/>\n<meta property=\"og:title\" content=\"My Books - Hayrettin Ka\u011fn\u0131c\u0131 - Official website\" \/>\n<meta property=\"og:description\" content=\"[ls_divider type=&#8221;dotted&#8221; color=&#8221;grey&#8221;] [one_third_first] [\/one_third_first] [one_third] [\/one_third] [one_third_last] [\/one_third_last] [one_third_last] [\/one_third_last] [ls_divider type=&#8221;dotted&#8221; color=&#8221;grey&#8221;]\" \/>\n<meta property=\"og:url\" content=\"https:\/\/hayrettinkagnici.com\/tr\/kitaplarim\/\" \/>\n<meta property=\"og:site_name\" content=\"Hayrettin Ka\u011fn\u0131c\u0131 - Official website\" \/>\n<meta property=\"article:modified_time\" content=\"2026-05-08T15:35:11+00:00\" \/>\n<meta property=\"og:image\" content=\"https:\/\/hayrettinkagnici.com\/wp-content\/uploads\/2023\/07\/insan-boyle-birsey.jpg\" \/>\n\t<meta property=\"og:image:width\" content=\"383\" \/>\n\t<meta property=\"og:image:height\" content=\"600\" \/>\n\t<meta property=\"og:image:type\" content=\"image\/jpeg\" \/>\n<meta name=\"twitter:card\" content=\"summary_large_image\" \/>\n<meta name=\"twitter:label1\" content=\"Est. reading time\" \/>\n\t<meta name=\"twitter:data1\" content=\"2 minutes\" \/>\n<script type=\"application\/ld+json\" class=\"yoast-schema-graph\">{\"@context\":\"https:\/\/schema.org\",\"@graph\":[{\"@type\":\"WebPage\",\"@id\":\"https:\/\/hayrettinkagnici.com\/tr\/kitaplarim\/\",\"url\":\"https:\/\/hayrettinkagnici.com\/tr\/kitaplarim\/\",\"name\":\"My Books - Hayrettin Ka\u011fn\u0131c\u0131 - Official website\",\"isPartOf\":{\"@id\":\"https:\/\/hayrettinkagnici.com\/tr\/#website\"},\"primaryImageOfPage\":{\"@id\":\"https:\/\/hayrettinkagnici.com\/tr\/kitaplarim\/#primaryimage\"},\"image\":{\"@id\":\"https:\/\/hayrettinkagnici.com\/tr\/kitaplarim\/#primaryimage\"},\"thumbnailUrl\":\"https:\/\/hayrettinkagnici.com\/wp-content\/uploads\/2023\/07\/insan-boyle-birsey-192x300.jpg\",\"datePublished\":\"2023-07-27T22:21:40+00:00\",\"dateModified\":\"2026-05-08T15:35:11+00:00\",\"breadcrumb\":{\"@id\":\"https:\/\/hayrettinkagnici.com\/tr\/kitaplarim\/#breadcrumb\"},\"inLanguage\":\"en-US\",\"potentialAction\":[{\"@type\":\"ReadAction\",\"target\":[\"https:\/\/hayrettinkagnici.com\/tr\/kitaplarim\/\"]}]},{\"@type\":\"ImageObject\",\"inLanguage\":\"en-US\",\"@id\":\"https:\/\/hayrettinkagnici.com\/tr\/kitaplarim\/#primaryimage\",\"url\":\"https:\/\/hayrettinkagnici.com\/wp-content\/uploads\/2023\/07\/insan-boyle-birsey-192x300.jpg\",\"contentUrl\":\"https:\/\/hayrettinkagnici.com\/wp-content\/uploads\/2023\/07\/insan-boyle-birsey-192x300.jpg\"},{\"@type\":\"BreadcrumbList\",\"@id\":\"https:\/\/hayrettinkagnici.com\/tr\/kitaplarim\/#breadcrumb\",\"itemListElement\":[{\"@type\":\"ListItem\",\"position\":1,\"name\":\"Ana sayfa\",\"item\":\"https:\/\/hayrettinkagnici.com\/tr\/\"},{\"@type\":\"ListItem\",\"position\":2,\"name\":\"Kitaplar\u0131m\"}]},{\"@type\":\"WebSite\",\"@id\":\"https:\/\/hayrettinkagnici.com\/tr\/#website\",\"url\":\"https:\/\/hayrettinkagnici.com\/tr\/\",\"name\":\"Hayrettin Ka\u011fn\u0131c\u0131 - Official website\",\"description\":\"hayrettinkagnici.com\",\"potentialAction\":[{\"@type\":\"SearchAction\",\"target\":{\"@type\":\"EntryPoint\",\"urlTemplate\":\"https:\/\/hayrettinkagnici.com\/tr\/?s={search_term_string}\"},\"query-input\":{\"@type\":\"PropertyValueSpecification\",\"valueRequired\":true,\"valueName\":\"search_term_string\"}}],\"inLanguage\":\"en-US\"}]}<\/script>\n<!-- \/ Yoast SEO plugin. -->","yoast_head_json":{"title":"My Books - Hayrettin Ka\u011fn\u0131c\u0131 - Official website","robots":{"index":"index","follow":"follow","max-snippet":"max-snippet:-1","max-image-preview":"max-image-preview:large","max-video-preview":"max-video-preview:-1"},"canonical":"https:\/\/hayrettinkagnici.com\/tr\/kitaplarim\/","og_locale":"en_US","og_type":"article","og_title":"My Books - Hayrettin Ka\u011fn\u0131c\u0131 - Official website","og_description":"[ls_divider type=&#8221;dotted&#8221; color=&#8221;grey&#8221;] [one_third_first] [\/one_third_first] [one_third] [\/one_third] [one_third_last] [\/one_third_last] [one_third_last] [\/one_third_last] [ls_divider type=&#8221;dotted&#8221; color=&#8221;grey&#8221;]","og_url":"https:\/\/hayrettinkagnici.com\/tr\/kitaplarim\/","og_site_name":"Hayrettin Ka\u011fn\u0131c\u0131 - Official website","article_modified_time":"2026-05-08T15:35:11+00:00","og_image":[{"width":383,"height":600,"url":"https:\/\/hayrettinkagnici.com\/wp-content\/uploads\/2023\/07\/insan-boyle-birsey.jpg","type":"image\/jpeg"}],"twitter_card":"summary_large_image","twitter_misc":{"Est. reading time":"2 minutes"},"schema":{"@context":"https:\/\/schema.org","@graph":[{"@type":"WebPage","@id":"https:\/\/hayrettinkagnici.com\/tr\/kitaplarim\/","url":"https:\/\/hayrettinkagnici.com\/tr\/kitaplarim\/","name":"My Books - Hayrettin Ka\u011fn\u0131c\u0131 - Official website","isPartOf":{"@id":"https:\/\/hayrettinkagnici.com\/tr\/#website"},"primaryImageOfPage":{"@id":"https:\/\/hayrettinkagnici.com\/tr\/kitaplarim\/#primaryimage"},"image":{"@id":"https:\/\/hayrettinkagnici.com\/tr\/kitaplarim\/#primaryimage"},"thumbnailUrl":"https:\/\/hayrettinkagnici.com\/wp-content\/uploads\/2023\/07\/insan-boyle-birsey-192x300.jpg","datePublished":"2023-07-27T22:21:40+00:00","dateModified":"2026-05-08T15:35:11+00:00","breadcrumb":{"@id":"https:\/\/hayrettinkagnici.com\/tr\/kitaplarim\/#breadcrumb"},"inLanguage":"en-US","potentialAction":[{"@type":"ReadAction","target":["https:\/\/hayrettinkagnici.com\/tr\/kitaplarim\/"]}]},{"@type":"ImageObject","inLanguage":"en-US","@id":"https:\/\/hayrettinkagnici.com\/tr\/kitaplarim\/#primaryimage","url":"https:\/\/hayrettinkagnici.com\/wp-content\/uploads\/2023\/07\/insan-boyle-birsey-192x300.jpg","contentUrl":"https:\/\/hayrettinkagnici.com\/wp-content\/uploads\/2023\/07\/insan-boyle-birsey-192x300.jpg"},{"@type":"BreadcrumbList","@id":"https:\/\/hayrettinkagnici.com\/tr\/kitaplarim\/#breadcrumb","itemListElement":[{"@type":"ListItem","position":1,"name":"Ana sayfa","item":"https:\/\/hayrettinkagnici.com\/tr\/"},{"@type":"ListItem","position":2,"name":"Kitaplar\u0131m"}]},{"@type":"WebSite","@id":"https:\/\/hayrettinkagnici.com\/tr\/#website","url":"https:\/\/hayrettinkagnici.com\/tr\/","name":"Hayrettin Ka\u011fn\u0131c\u0131 - Official website","description":"hayrettinkagnici.com","potentialAction":[{"@type":"SearchAction","target":{"@type":"EntryPoint","urlTemplate":"https:\/\/hayrettinkagnici.com\/tr\/?s={search_term_string}"},"query-input":{"@type":"PropertyValueSpecification","valueRequired":true,"valueName":"search_term_string"}}],"inLanguage":"en-US"}]}},"_links":{"self":[{"href":"https:\/\/hayrettinkagnici.com\/en\/wp-json\/wp\/v2\/pages\/15125","targetHints":{"allow":["GET"]}}],"collection":[{"href":"https:\/\/hayrettinkagnici.com\/en\/wp-json\/wp\/v2\/pages"}],"about":[{"href":"https:\/\/hayrettinkagnici.com\/en\/wp-json\/wp\/v2\/types\/page"}],"author":[{"embeddable":true,"href":"https:\/\/hayrettinkagnici.com\/en\/wp-json\/wp\/v2\/users\/1"}],"replies":[{"embeddable":true,"href":"https:\/\/hayrettinkagnici.com\/en\/wp-json\/wp\/v2\/comments?post=15125"}],"version-history":[{"count":31,"href":"https:\/\/hayrettinkagnici.com\/en\/wp-json\/wp\/v2\/pages\/15125\/revisions"}],"predecessor-version":[{"id":16433,"href":"https:\/\/hayrettinkagnici.com\/en\/wp-json\/wp\/v2\/pages\/15125\/revisions\/16433"}],"wp:attachment":[{"href":"https:\/\/hayrettinkagnici.com\/en\/wp-json\/wp\/v2\/media?parent=15125"}],"curies":[{"name":"wp","href":"https:\/\/api.w.org\/{rel}","templated":true}]}}