{"id":13,"date":"2015-02-20T21:18:38","date_gmt":"2015-02-20T21:18:38","guid":{"rendered":"http:\/\/zyra.progressionstudios.com\/?page_id=13"},"modified":"2023-02-12T13:32:21","modified_gmt":"2023-02-12T10:32:21","slug":"home","status":"publish","type":"page","link":"https:\/\/hayrettinkagnici.com\/en\/","title":{"rendered":"Home"},"content":{"rendered":"<p class=\"qtranxs-available-languages-message qtranxs-available-languages-message-en\">Sorry, this entry is only available in <a href=\"https:\/\/hayrettinkagnici.com\/tr\/wp-json\/wp\/v2\/pages\/13\" class=\"qtranxs-available-language-link qtranxs-available-language-link-tr\" title=\"Turkish\">Turkish<\/a>. For the sake of viewer convenience, the content is shown below in the alternative language. You may click the link to switch the active language.<\/p><p>Hayrettin Ka\u011fn\u0131c\u0131<\/p>","protected":false},"excerpt":{"rendered":"<p>Sorry, this entry is only available in Turkish. For the sake of viewer convenience, the content is shown below in the alternative language. You may click the link to switch the active language.Hayrettin Ka\u011fn\u0131c\u0131<\/p>\n","protected":false},"author":1,"featured_media":0,"parent":0,"menu_order":0,"comment_status":"closed","ping_status":"closed","template":"homepage-no-content.php","meta":{"footnotes":""},"class_list":["post-13","page","type-page","status-publish","hentry"],"yoast_head":"<!-- This site is optimized with the Yoast SEO plugin v24.8.1 - https:\/\/yoast.com\/wordpress\/plugins\/seo\/ -->\n<title>Home - Hayrettin Ka\u011fn\u0131c\u0131 - Official website<\/title>\n<meta name=\"robots\" content=\"index, follow, max-snippet:-1, max-image-preview:large, max-video-preview:-1\" \/>\n<link rel=\"canonical\" href=\"https:\/\/hayrettinkagnici.com\/tr\/\" \/>\n<meta property=\"og:locale\" content=\"en_US\" \/>\n<meta property=\"og:type\" content=\"article\" \/>\n<meta property=\"og:title\" content=\"Home - Hayrettin Ka\u011fn\u0131c\u0131 - Official website\" \/>\n<meta property=\"og:description\" content=\"Sorry, this entry is only available in Turkish. For the sake of viewer convenience, the content is shown below in the alternative language. You may click the link to switch the active language.Hayrettin Ka\u011fn\u0131c\u0131\" \/>\n<meta property=\"og:url\" content=\"https:\/\/hayrettinkagnici.com\/tr\/\" \/>\n<meta property=\"og:site_name\" content=\"Hayrettin Ka\u011fn\u0131c\u0131 - Official website\" \/>\n<meta property=\"article:modified_time\" content=\"2023-02-12T10:32:21+00:00\" \/>\n<meta name=\"twitter:card\" content=\"summary_large_image\" \/>\n<script type=\"application\/ld+json\" class=\"yoast-schema-graph\">{\"@context\":\"https:\/\/schema.org\",\"@graph\":[{\"@type\":\"WebPage\",\"@id\":\"https:\/\/hayrettinkagnici.com\/tr\/\",\"url\":\"https:\/\/hayrettinkagnici.com\/tr\/\",\"name\":\"Home - Hayrettin Ka\u011fn\u0131c\u0131 - Official website\",\"isPartOf\":{\"@id\":\"https:\/\/hayrettinkagnici.com\/tr\/#website\"},\"datePublished\":\"2015-02-20T21:18:38+00:00\",\"dateModified\":\"2023-02-12T10:32:21+00:00\",\"breadcrumb\":{\"@id\":\"https:\/\/hayrettinkagnici.com\/tr\/#breadcrumb\"},\"inLanguage\":\"en-US\",\"potentialAction\":[{\"@type\":\"ReadAction\",\"target\":[\"https:\/\/hayrettinkagnici.com\/tr\/\"]}]},{\"@type\":\"BreadcrumbList\",\"@id\":\"https:\/\/hayrettinkagnici.com\/tr\/#breadcrumb\",\"itemListElement\":[{\"@type\":\"ListItem\",\"position\":1,\"name\":\"Ana sayfa\",\"item\":\"https:\/\/hayrettinkagnici.com\/tr\/\"},{\"@type\":\"ListItem\",\"position\":2,\"name\":\"Hayrettin Ka\u011fn\u0131c\u0131\"}]},{\"@type\":\"WebSite\",\"@id\":\"https:\/\/hayrettinkagnici.com\/tr\/#website\",\"url\":\"https:\/\/hayrettinkagnici.com\/tr\/\",\"name\":\"Hayrettin Ka\u011fn\u0131c\u0131 - Official website\",\"description\":\"hayrettinkagnici.com\",\"potentialAction\":[{\"@type\":\"SearchAction\",\"target\":{\"@type\":\"EntryPoint\",\"urlTemplate\":\"https:\/\/hayrettinkagnici.com\/tr\/?s={search_term_string}\"},\"query-input\":{\"@type\":\"PropertyValueSpecification\",\"valueRequired\":true,\"valueName\":\"search_term_string\"}}],\"inLanguage\":\"en-US\"}]}<\/script>\n<!-- \/ Yoast SEO plugin. -->","yoast_head_json":{"title":"Home - Hayrettin Ka\u011fn\u0131c\u0131 - Official website","robots":{"index":"index","follow":"follow","max-snippet":"max-snippet:-1","max-image-preview":"max-image-preview:large","max-video-preview":"max-video-preview:-1"},"canonical":"https:\/\/hayrettinkagnici.com\/tr\/","og_locale":"en_US","og_type":"article","og_title":"Home - Hayrettin Ka\u011fn\u0131c\u0131 - Official website","og_description":"Sorry, this entry is only available in Turkish. For the sake of viewer convenience, the content is shown below in the alternative language. You may click the link to switch the active language.Hayrettin Ka\u011fn\u0131c\u0131","og_url":"https:\/\/hayrettinkagnici.com\/tr\/","og_site_name":"Hayrettin Ka\u011fn\u0131c\u0131 - Official website","article_modified_time":"2023-02-12T10:32:21+00:00","twitter_card":"summary_large_image","schema":{"@context":"https:\/\/schema.org","@graph":[{"@type":"WebPage","@id":"https:\/\/hayrettinkagnici.com\/tr\/","url":"https:\/\/hayrettinkagnici.com\/tr\/","name":"Home - Hayrettin Ka\u011fn\u0131c\u0131 - Official website","isPartOf":{"@id":"https:\/\/hayrettinkagnici.com\/tr\/#website"},"datePublished":"2015-02-20T21:18:38+00:00","dateModified":"2023-02-12T10:32:21+00:00","breadcrumb":{"@id":"https:\/\/hayrettinkagnici.com\/tr\/#breadcrumb"},"inLanguage":"en-US","potentialAction":[{"@type":"ReadAction","target":["https:\/\/hayrettinkagnici.com\/tr\/"]}]},{"@type":"BreadcrumbList","@id":"https:\/\/hayrettinkagnici.com\/tr\/#breadcrumb","itemListElement":[{"@type":"ListItem","position":1,"name":"Ana sayfa","item":"https:\/\/hayrettinkagnici.com\/tr\/"},{"@type":"ListItem","position":2,"name":"Hayrettin Ka\u011fn\u0131c\u0131"}]},{"@type":"WebSite","@id":"https:\/\/hayrettinkagnici.com\/tr\/#website","url":"https:\/\/hayrettinkagnici.com\/tr\/","name":"Hayrettin Ka\u011fn\u0131c\u0131 - Official website","description":"hayrettinkagnici.com","potentialAction":[{"@type":"SearchAction","target":{"@type":"EntryPoint","urlTemplate":"https:\/\/hayrettinkagnici.com\/tr\/?s={search_term_string}"},"query-input":{"@type":"PropertyValueSpecification","valueRequired":true,"valueName":"search_term_string"}}],"inLanguage":"en-US"}]}},"_links":{"self":[{"href":"https:\/\/hayrettinkagnici.com\/en\/wp-json\/wp\/v2\/pages\/13","targetHints":{"allow":["GET"]}}],"collection":[{"href":"https:\/\/hayrettinkagnici.com\/en\/wp-json\/wp\/v2\/pages"}],"about":[{"href":"https:\/\/hayrettinkagnici.com\/en\/wp-json\/wp\/v2\/types\/page"}],"author":[{"embeddable":true,"href":"https:\/\/hayrettinkagnici.com\/en\/wp-json\/wp\/v2\/users\/1"}],"replies":[{"embeddable":true,"href":"https:\/\/hayrettinkagnici.com\/en\/wp-json\/wp\/v2\/comments?post=13"}],"version-history":[{"count":3,"href":"https:\/\/hayrettinkagnici.com\/en\/wp-json\/wp\/v2\/pages\/13\/revisions"}],"predecessor-version":[{"id":12988,"href":"https:\/\/hayrettinkagnici.com\/en\/wp-json\/wp\/v2\/pages\/13\/revisions\/12988"}],"wp:attachment":[{"href":"https:\/\/hayrettinkagnici.com\/en\/wp-json\/wp\/v2\/media?parent=13"}],"curies":[{"name":"wp","href":"https:\/\/api.w.org\/{rel}","templated":true}]}}